{"id":4480,"date":"2023-12-17T16:47:34","date_gmt":"2023-12-17T16:47:34","guid":{"rendered":"https:\/\/yournordichome.com\/product\/green-wool-rug-2\/"},"modified":"2025-07-30T16:45:08","modified_gmt":"2025-07-30T16:45:08","slug":"covor-din-lana-verde-2","status":"publish","type":"product","link":"https:\/\/yournordichome.com\/ro\/product\/green-wool-rug-2\/","title":{"rendered":"Covor din l\u00e2n\u0103 verde"},"content":{"rendered":"<p>Covorul Honiton de la Creative Collection este realizat dintr-un amestec de l\u00e2n\u0103 \u0219i iut\u0103. Este \u00eempletit manual cu un model grafic \u00een nuan\u021be verzi \u0219i naturale, decorat cu franjuri la fiecare cap\u0103t. Ad\u0103uga\u021bi via\u021b\u0103 podelei \u0219i stilului interior cu acest runner frumos.<\/p>\n<p>Dimensiunile produsului: L245xW75 cm<br \/>\nCuloare: Verde<br \/>\nCompozi\u021bie: 46% L\u00e2n\u0103, 32% Iut\u0103, 11% Bumbac, 9% PO, 2% Vic<br \/>\nAlbire: Nu<br \/>\nCuloare finisaj: Yarn Dyed<br \/>\nCur\u0103\u021bare chimic\u0103: Nu<br \/>\nFinisaj produs: \u021aesut<br \/>\nInstruc\u021biuni de sp\u0103lare: Cur\u0103\u021bare doar la fa\u021ba locului<\/p>","protected":false},"excerpt":{"rendered":"<p>Covor \u021besut manual din l\u00e2n\u0103 \u0219i iut\u0103 \u00een nuan\u021be verzi \u0219i naturale, cu un model grafic, decorat cu franjuri la fiecare cap\u0103t.<\/p>","protected":false},"featured_media":4464,"comment_status":"closed","ping_status":"closed","template":"","meta":{"_acf_changed":false,"_kad_post_transparent":"default","_kad_post_title":"","_kad_post_layout":"default","_kad_post_sidebar_id":"","_kad_post_content_style":"default","_kad_post_vertical_padding":"default","_kad_post_feature":"","_kad_post_feature_position":"","_kad_post_header":false,"_kad_post_footer":false,"_kad_post_classname":""},"pwb-brand":[17],"product_brand":[],"product_cat":[88,65],"product_tag":[334,398,397,34,396,80,262,1059,89],"gyarto":[],"class_list":{"0":"post-4480","1":"product","2":"type-product","3":"status-publish","4":"has-post-thumbnail","6":"pwb-brand-bloomingville","7":"product_cat-rug","8":"product_cat-rugs-and-textiles","9":"product_tag-new-arrivals","10":"product_tag-nordic-design","11":"product_tag-nordic-home","12":"product_tag-nordic-interior-design","13":"product_tag-nordic-style","14":"product_tag-nordic-style-rug","15":"product_tag-runner-rug","16":"product_tag-spring-summer-2024","17":"product_tag-wool-rug","18":"pa_colour-green","19":"pa_material-wool","21":"first","22":"instock","23":"taxable","24":"shipping-taxable","25":"purchasable","26":"product-type-simple","27":"entry","28":"content-bg","29":"loop-entry"},"acf":[],"brands":[{"id":17,"name":"Bloomingville","slug":"bloomingville"}],"_links":{"self":[{"href":"https:\/\/yournordichome.com\/ro\/wp-json\/wp\/v2\/product\/4480","targetHints":{"allow":["GET"]}}],"collection":[{"href":"https:\/\/yournordichome.com\/ro\/wp-json\/wp\/v2\/product"}],"about":[{"href":"https:\/\/yournordichome.com\/ro\/wp-json\/wp\/v2\/types\/product"}],"replies":[{"embeddable":true,"href":"https:\/\/yournordichome.com\/ro\/wp-json\/wp\/v2\/comments?post=4480"}],"wp:featuredmedia":[{"embeddable":true,"href":"https:\/\/yournordichome.com\/ro\/wp-json\/wp\/v2\/media\/4464"}],"wp:attachment":[{"href":"https:\/\/yournordichome.com\/ro\/wp-json\/wp\/v2\/media?parent=4480"}],"wp:term":[{"taxonomy":"pwb-brand","embeddable":true,"href":"https:\/\/yournordichome.com\/ro\/wp-json\/wp\/v2\/pwb-brand?post=4480"},{"taxonomy":"product_brand","embeddable":true,"href":"https:\/\/yournordichome.com\/ro\/wp-json\/wp\/v2\/product_brand?post=4480"},{"taxonomy":"product_cat","embeddable":true,"href":"https:\/\/yournordichome.com\/ro\/wp-json\/wp\/v2\/product_cat?post=4480"},{"taxonomy":"product_tag","embeddable":true,"href":"https:\/\/yournordichome.com\/ro\/wp-json\/wp\/v2\/product_tag?post=4480"},{"taxonomy":"gyarto","embeddable":true,"href":"https:\/\/yournordichome.com\/ro\/wp-json\/wp\/v2\/gyarto?post=4480"}],"curies":[{"name":"wp","href":"https:\/\/api.w.org\/{rel}","templated":true}]}}