{"id":4375,"date":"2023-12-11T16:36:59","date_gmt":"2023-12-11T16:36:59","guid":{"rendered":"https:\/\/yournordichome.com\/product\/floor-lamp-nature-rubberwood\/"},"modified":"2025-12-18T10:11:31","modified_gmt":"2025-12-18T10:11:31","slug":"lampa-de-podea-natura-lemn-de-cauciuc","status":"publish","type":"product","link":"https:\/\/yournordichome.com\/ro\/product\/floor-lamp-nature-rubberwood\/","title":{"rendered":"Lamp\u0103 de podea, natur\u0103, lemn de cauciuc"},"content":{"rendered":"<p>Lampa de podea Leonor de la Creative Collection este fabricat\u0103 din lemn de cauciuc \u00eentr-o form\u0103 lung\u0103 \u0219i sub\u021bire, conferindu-i un aspect elegant. Abajurul este realizat din in \u00eentr-o culoare deschis\u0103 \u0219i natural\u0103.<\/p>\n<p>Dimensiunile produsului: D45xH130 cm<br \/>\nDimensiune abajur: 40x45xH35 cm<br \/>\nCuloare: Natur\u0103<br \/>\nCompozi\u021bie: lemn de cauciuc, in, fier<br \/>\nAprobat CE: Da<br \/>\nClasa de energie a becului: Toate clasele<br \/>\nBec inclus: Nu<br \/>\nForma becului: Ordinar<br \/>\nDimensiunea becului: E27<br \/>\nTipul becului: Obi\u0219nuit \u0219i LED<br \/>\nPuterea becului: Max LED 5W \/CFL 9W \/40W<br \/>\nCuloarea cordonului: Transparent<br \/>\nLungimea cablului: 200 cm<br \/>\nMaterial cablu: Plastic<br \/>\nComutator: Pe cablu<br \/>\nUtilizare \u00een exterior: Nu<\/p>","protected":false},"excerpt":{"rendered":"<p>Lamp\u0103 de podea \u00een stil nordic cu un design curat. Este fabricat\u0103 din lemn de cauciuc \u00een culoare natural\u0103, iar abajurul este fabricat din in. Culorile sale naturale subtile o fac un accesoriu special pentru casa dvs.<\/p>","protected":false},"featured_media":4363,"comment_status":"closed","ping_status":"closed","template":"","meta":{"_acf_changed":false,"_kad_post_transparent":"default","_kad_post_title":"","_kad_post_layout":"default","_kad_post_sidebar_id":"","_kad_post_content_style":"default","_kad_post_vertical_padding":"default","_kad_post_feature":"","_kad_post_feature_position":"","_kad_post_header":false,"_kad_post_footer":false,"_kad_post_classname":""},"pwb-brand":[17],"product_brand":[],"product_cat":[176,72],"product_tag":[334,398,397,34,117,396,1059],"gyarto":[],"class_list":{"0":"post-4375","1":"product","2":"type-product","3":"status-publish","4":"has-post-thumbnail","6":"pwb-brand-bloomingville","7":"product_cat-floor-lamp","8":"product_cat-lamp","9":"product_tag-new-arrivals","10":"product_tag-nordic-design","11":"product_tag-nordic-home","12":"product_tag-nordic-interior-design","13":"product_tag-nordic-lamp","14":"product_tag-nordic-style","15":"product_tag-spring-summer-2024","16":"pa_colour-nature","17":"pa_material-rubberwood","19":"first","20":"instock","21":"taxable","22":"shipping-taxable","23":"purchasable","24":"product-type-simple","25":"entry","26":"content-bg","27":"loop-entry"},"acf":[],"brands":[{"id":17,"name":"Bloomingville","slug":"bloomingville"}],"_links":{"self":[{"href":"https:\/\/yournordichome.com\/ro\/wp-json\/wp\/v2\/product\/4375","targetHints":{"allow":["GET"]}}],"collection":[{"href":"https:\/\/yournordichome.com\/ro\/wp-json\/wp\/v2\/product"}],"about":[{"href":"https:\/\/yournordichome.com\/ro\/wp-json\/wp\/v2\/types\/product"}],"replies":[{"embeddable":true,"href":"https:\/\/yournordichome.com\/ro\/wp-json\/wp\/v2\/comments?post=4375"}],"wp:featuredmedia":[{"embeddable":true,"href":"https:\/\/yournordichome.com\/ro\/wp-json\/wp\/v2\/media\/4363"}],"wp:attachment":[{"href":"https:\/\/yournordichome.com\/ro\/wp-json\/wp\/v2\/media?parent=4375"}],"wp:term":[{"taxonomy":"pwb-brand","embeddable":true,"href":"https:\/\/yournordichome.com\/ro\/wp-json\/wp\/v2\/pwb-brand?post=4375"},{"taxonomy":"product_brand","embeddable":true,"href":"https:\/\/yournordichome.com\/ro\/wp-json\/wp\/v2\/product_brand?post=4375"},{"taxonomy":"product_cat","embeddable":true,"href":"https:\/\/yournordichome.com\/ro\/wp-json\/wp\/v2\/product_cat?post=4375"},{"taxonomy":"product_tag","embeddable":true,"href":"https:\/\/yournordichome.com\/ro\/wp-json\/wp\/v2\/product_tag?post=4375"},{"taxonomy":"gyarto","embeddable":true,"href":"https:\/\/yournordichome.com\/ro\/wp-json\/wp\/v2\/gyarto?post=4375"}],"curies":[{"name":"wp","href":"https:\/\/api.w.org\/{rel}","templated":true}]}}