{"id":4332,"date":"2023-12-10T13:56:52","date_gmt":"2023-12-10T13:56:52","guid":{"rendered":"https:\/\/yournordichome.com\/product\/side-table-white-stoneware\/"},"modified":"2025-07-30T16:50:37","modified_gmt":"2025-07-30T16:50:37","slug":"masa-laterala-din-gresie-alba","status":"publish","type":"product","link":"https:\/\/yournordichome.com\/ro\/product\/side-table-white-stoneware\/","title":{"rendered":"M\u0103su\u021b\u0103 - alb - gresie"},"content":{"rendered":"<p>Masa lateral\u0103 Volise de la Bloomingville este realizat\u0103 din gresie \u0219i are o glazur\u0103 alb\u0103 frumoas\u0103. Forma sa organic\u0103 \u0219i aspectul sculptural o fac o adev\u0103rat\u0103 atrac\u021bie \u00een cas\u0103. A\u0219eza\u021bi m\u0103su\u021ba \u00een camera de zi sau \u00een dormitor ca element decorativ \u0219i func\u021bional.<\/p>\n<p>Dimensiunile produsului: D37xH51 cm<br \/>\nCuloare: alb<br \/>\nFinisaj produs: Glazur\u0103<br \/>\nCompozi\u021bie: Gresie<br \/>\nCapacitate maxim\u0103 de greutate: 100 kg<\/p>","protected":false},"excerpt":{"rendered":"<p>M\u0103su\u021b\u0103 lateral\u0103 \u00een alb, cu o form\u0103 organic\u0103 care confer\u0103 un aspect uimitor, asem\u0103n\u0103tor sculpturii.<\/p>","protected":false},"featured_media":4327,"comment_status":"closed","ping_status":"closed","template":"","meta":{"_acf_changed":false,"_kad_post_transparent":"default","_kad_post_title":"","_kad_post_layout":"default","_kad_post_sidebar_id":"","_kad_post_content_style":"default","_kad_post_vertical_padding":"default","_kad_post_feature":"","_kad_post_feature_position":"","_kad_post_header":false,"_kad_post_footer":false,"_kad_post_classname":""},"pwb-brand":[17],"product_brand":[],"product_cat":[341,157],"product_tag":[334,398,397,34,396,1059],"gyarto":[],"class_list":{"0":"post-4332","1":"product","2":"type-product","3":"status-publish","4":"has-post-thumbnail","6":"pwb-brand-bloomingville","7":"product_cat-side-table","8":"product_cat-table","9":"product_tag-new-arrivals","10":"product_tag-nordic-design","11":"product_tag-nordic-home","12":"product_tag-nordic-interior-design","13":"product_tag-nordic-style","14":"product_tag-spring-summer-2024","15":"pa_colour-white","16":"pa_material-stoneware","18":"first","19":"instock","20":"taxable","21":"shipping-taxable","22":"purchasable","23":"product-type-simple","24":"entry","25":"content-bg","26":"loop-entry"},"acf":[],"brands":[{"id":17,"name":"Bloomingville","slug":"bloomingville"}],"_links":{"self":[{"href":"https:\/\/yournordichome.com\/ro\/wp-json\/wp\/v2\/product\/4332","targetHints":{"allow":["GET"]}}],"collection":[{"href":"https:\/\/yournordichome.com\/ro\/wp-json\/wp\/v2\/product"}],"about":[{"href":"https:\/\/yournordichome.com\/ro\/wp-json\/wp\/v2\/types\/product"}],"replies":[{"embeddable":true,"href":"https:\/\/yournordichome.com\/ro\/wp-json\/wp\/v2\/comments?post=4332"}],"wp:featuredmedia":[{"embeddable":true,"href":"https:\/\/yournordichome.com\/ro\/wp-json\/wp\/v2\/media\/4327"}],"wp:attachment":[{"href":"https:\/\/yournordichome.com\/ro\/wp-json\/wp\/v2\/media?parent=4332"}],"wp:term":[{"taxonomy":"pwb-brand","embeddable":true,"href":"https:\/\/yournordichome.com\/ro\/wp-json\/wp\/v2\/pwb-brand?post=4332"},{"taxonomy":"product_brand","embeddable":true,"href":"https:\/\/yournordichome.com\/ro\/wp-json\/wp\/v2\/product_brand?post=4332"},{"taxonomy":"product_cat","embeddable":true,"href":"https:\/\/yournordichome.com\/ro\/wp-json\/wp\/v2\/product_cat?post=4332"},{"taxonomy":"product_tag","embeddable":true,"href":"https:\/\/yournordichome.com\/ro\/wp-json\/wp\/v2\/product_tag?post=4332"},{"taxonomy":"gyarto","embeddable":true,"href":"https:\/\/yournordichome.com\/ro\/wp-json\/wp\/v2\/gyarto?post=4332"}],"curies":[{"name":"wp","href":"https:\/\/api.w.org\/{rel}","templated":true}]}}