{"id":4312,"date":"2023-12-09T11:53:38","date_gmt":"2023-12-09T11:53:38","guid":{"rendered":"https:\/\/yournordichome.com\/product\/table-shelf-nature\/"},"modified":"2025-12-18T10:14:22","modified_gmt":"2025-12-18T10:14:22","slug":"masa-raft-natura","status":"publish","type":"product","link":"https:\/\/yournordichome.com\/ro\/product\/table-shelf-nature\/","title":{"rendered":"Raft de mas\u0103, natur\u0103"},"content":{"rendered":"<p>Raftul Antonio de la Bloomingville este fabricat din polirezin\u0103 \u0219i este conceput \u021bin\u00e2nd cont de valoarea amintirilor noastre. Fie c\u0103 sunt obiecte colectate din pie\u021bele locale din \u00eentreaga lume, comori g\u0103site \u00een natur\u0103 sau cadouri de la un prieten apropiat, raftul Antonio le ofer\u0103 un loc special \u00een cas\u0103.<\/p>\n<p>Dimensiunile produsului: L67xH68xW13 cm<br \/>\nCuloare: Natur\u0103<br \/>\nCompozi\u021bie: Poliresin\u0103<br \/>\nFinisaj produs: Handmade look<br \/>\nCapacitate maxim\u0103 de greutate: 6 kg<br \/>\nFitingurile de perete nu sunt incluse.<\/p>","protected":false},"excerpt":{"rendered":"<p>Raft de mas\u0103 \u00een culoare natural\u0103. Raftul deschis cu compartimente mici ofer\u0103 spa\u021biu pentru obiecte semnificative, fiecare spun\u00e2ndu-\u0219i propria poveste unic\u0103.<\/p>","protected":false},"featured_media":4300,"comment_status":"closed","ping_status":"closed","template":"","meta":{"_acf_changed":false,"_kad_post_transparent":"default","_kad_post_title":"","_kad_post_layout":"default","_kad_post_sidebar_id":"","_kad_post_content_style":"default","_kad_post_vertical_padding":"default","_kad_post_feature":"","_kad_post_feature_position":"","_kad_post_header":false,"_kad_post_footer":false,"_kad_post_classname":""},"pwb-brand":[17],"product_brand":[],"product_cat":[94,167],"product_tag":[334,398,397,34,396,1047,136,1059],"gyarto":[],"class_list":{"0":"post-4312","1":"product","2":"type-product","3":"status-publish","4":"has-post-thumbnail","6":"pwb-brand-bloomingville","7":"product_cat-furniture","8":"product_cat-wall-shelf","9":"product_tag-new-arrivals","10":"product_tag-nordic-design","11":"product_tag-nordic-home","12":"product_tag-nordic-interior-design","13":"product_tag-nordic-style","14":"product_tag-shelf","15":"product_tag-shelves","16":"product_tag-spring-summer-2024","17":"pa_colour-nature","18":"pa_material-polyresin","20":"first","21":"outofstock","22":"taxable","23":"shipping-taxable","24":"purchasable","25":"product-type-simple","26":"entry","27":"content-bg","28":"loop-entry"},"acf":[],"brands":[{"id":17,"name":"Bloomingville","slug":"bloomingville"}],"_links":{"self":[{"href":"https:\/\/yournordichome.com\/ro\/wp-json\/wp\/v2\/product\/4312","targetHints":{"allow":["GET"]}}],"collection":[{"href":"https:\/\/yournordichome.com\/ro\/wp-json\/wp\/v2\/product"}],"about":[{"href":"https:\/\/yournordichome.com\/ro\/wp-json\/wp\/v2\/types\/product"}],"replies":[{"embeddable":true,"href":"https:\/\/yournordichome.com\/ro\/wp-json\/wp\/v2\/comments?post=4312"}],"wp:featuredmedia":[{"embeddable":true,"href":"https:\/\/yournordichome.com\/ro\/wp-json\/wp\/v2\/media\/4300"}],"wp:attachment":[{"href":"https:\/\/yournordichome.com\/ro\/wp-json\/wp\/v2\/media?parent=4312"}],"wp:term":[{"taxonomy":"pwb-brand","embeddable":true,"href":"https:\/\/yournordichome.com\/ro\/wp-json\/wp\/v2\/pwb-brand?post=4312"},{"taxonomy":"product_brand","embeddable":true,"href":"https:\/\/yournordichome.com\/ro\/wp-json\/wp\/v2\/product_brand?post=4312"},{"taxonomy":"product_cat","embeddable":true,"href":"https:\/\/yournordichome.com\/ro\/wp-json\/wp\/v2\/product_cat?post=4312"},{"taxonomy":"product_tag","embeddable":true,"href":"https:\/\/yournordichome.com\/ro\/wp-json\/wp\/v2\/product_tag?post=4312"},{"taxonomy":"gyarto","embeddable":true,"href":"https:\/\/yournordichome.com\/ro\/wp-json\/wp\/v2\/gyarto?post=4312"}],"curies":[{"name":"wp","href":"https:\/\/api.w.org\/{rel}","templated":true}]}}