{"id":4292,"date":"2023-12-07T18:23:54","date_gmt":"2023-12-07T18:23:54","guid":{"rendered":"https:\/\/yournordichome.com\/product\/fabric-armchair-grey-nordic\/"},"modified":"2025-07-30T16:52:50","modified_gmt":"2025-07-30T16:52:50","slug":"fotoliu-tesatura-gri-nordic","status":"publish","type":"product","link":"https:\/\/yournordichome.com\/ro\/product\/fabric-armchair-grey-nordic\/","title":{"rendered":"Fabric fotoliu gri nordic"},"content":{"rendered":"<p>Scaunul Lounge Perry de la Bloomingville are un design simplu \u0219i clasic cu o \u00eentors\u0103tur\u0103 modern\u0103. A\u0219eza\u021bi-l l\u00e2ng\u0103 \u0219emineu sau \u00een col\u021bul camerei de zi pentru a crea un col\u021b confortabil.<\/p>\n<p>Dimensiunile produsului: L71xH100xW71 cm<br \/>\n\u00cen\u0103l\u021bimea bra\u021bului: 60 cm<br \/>\nAd\u00e2ncimea scaunului: 50 cm<br \/>\n\u00cen\u0103l\u021bimea scaunului: 42 cm<br \/>\n\u00cen\u0103l\u021bimea picioarelor: 31 cm<br \/>\nCuloare: Natur\u0103<br \/>\nCompozi\u021bie: Poliester, placaj, metal<br \/>\nDurabilitatea \u021bes\u0103turii (Martindale) 80.000<br \/>\nCapacitate maxim\u0103 de greutate: 120 kg<\/p>","protected":false},"excerpt":{"rendered":"<p>Fotoliu lounge cu \u021bes\u0103tur\u0103 gri \u00eentr-un design nordic clasic. Sp\u0103tarul \u00eenalt \u0219i \u0219ezutul moale asigur\u0103 un confort deosebit, \u00een timp ce materialul boucl\u00e9 gri elegant \u0219i picioarele metalice sub\u021biri adaug\u0103 o not\u0103 contemporan\u0103.<\/p>","protected":false},"featured_media":4276,"comment_status":"closed","ping_status":"closed","template":"","meta":{"_acf_changed":false,"_kad_post_transparent":"default","_kad_post_title":"","_kad_post_layout":"default","_kad_post_sidebar_id":"","_kad_post_content_style":"default","_kad_post_vertical_padding":"default","_kad_post_feature":"","_kad_post_feature_position":"","_kad_post_header":false,"_kad_post_footer":false,"_kad_post_classname":""},"pwb-brand":[17],"product_brand":[],"product_cat":[152,153],"product_tag":[334,398,397,34,396,439,1059],"gyarto":[],"class_list":{"0":"post-4292","1":"product","2":"type-product","3":"status-publish","4":"has-post-thumbnail","6":"pwb-brand-bloomingville","7":"product_cat-chair","8":"product_cat-lounge-chair","9":"product_tag-new-arrivals","10":"product_tag-nordic-design","11":"product_tag-nordic-home","12":"product_tag-nordic-interior-design","13":"product_tag-nordic-style","14":"product_tag-rectangular-coffee-table","15":"product_tag-spring-summer-2024","16":"pa_colour-grey","17":"pa_colour-nature","18":"pa_material-plywood","19":"pa_material-polyester","21":"first","22":"instock","23":"taxable","24":"shipping-taxable","25":"purchasable","26":"product-type-simple","27":"entry","28":"content-bg","29":"loop-entry"},"acf":[],"brands":[{"id":17,"name":"Bloomingville","slug":"bloomingville"}],"_links":{"self":[{"href":"https:\/\/yournordichome.com\/ro\/wp-json\/wp\/v2\/product\/4292","targetHints":{"allow":["GET"]}}],"collection":[{"href":"https:\/\/yournordichome.com\/ro\/wp-json\/wp\/v2\/product"}],"about":[{"href":"https:\/\/yournordichome.com\/ro\/wp-json\/wp\/v2\/types\/product"}],"replies":[{"embeddable":true,"href":"https:\/\/yournordichome.com\/ro\/wp-json\/wp\/v2\/comments?post=4292"}],"wp:featuredmedia":[{"embeddable":true,"href":"https:\/\/yournordichome.com\/ro\/wp-json\/wp\/v2\/media\/4276"}],"wp:attachment":[{"href":"https:\/\/yournordichome.com\/ro\/wp-json\/wp\/v2\/media?parent=4292"}],"wp:term":[{"taxonomy":"pwb-brand","embeddable":true,"href":"https:\/\/yournordichome.com\/ro\/wp-json\/wp\/v2\/pwb-brand?post=4292"},{"taxonomy":"product_brand","embeddable":true,"href":"https:\/\/yournordichome.com\/ro\/wp-json\/wp\/v2\/product_brand?post=4292"},{"taxonomy":"product_cat","embeddable":true,"href":"https:\/\/yournordichome.com\/ro\/wp-json\/wp\/v2\/product_cat?post=4292"},{"taxonomy":"product_tag","embeddable":true,"href":"https:\/\/yournordichome.com\/ro\/wp-json\/wp\/v2\/product_tag?post=4292"},{"taxonomy":"gyarto","embeddable":true,"href":"https:\/\/yournordichome.com\/ro\/wp-json\/wp\/v2\/gyarto?post=4292"}],"curies":[{"name":"wp","href":"https:\/\/api.w.org\/{rel}","templated":true}]}}