{"id":4291,"date":"2023-12-07T18:23:54","date_gmt":"2023-12-07T18:23:54","guid":{"rendered":"https:\/\/yournordichome.com\/product\/dining-chair-with-blue-fabric\/"},"modified":"2025-07-30T16:53:12","modified_gmt":"2025-07-30T16:53:12","slug":"scaun-de-luat-masa-cu-tesatura-albastru","status":"publish","type":"product","link":"https:\/\/yournordichome.com\/ro\/product\/dining-chair-with-blue-fabric\/","title":{"rendered":"Scaun de mas\u0103 cu \u021bes\u0103tur\u0103 albastr\u0103"},"content":{"rendered":"<p>Scaunul de dining Cortone de la Bloomingville este un favorit atunci c\u00e2nd vine vorba de design \u0219i confort. Culoarea albastru intens adaug\u0103 o not\u0103 de elegan\u021b\u0103 \u0219i sofisticare zonei de luat masa. Fie c\u0103 scaunul este folosit pentru cine formale sau \u00eent\u00e2lniri casual, acest scaun va ad\u0103uga o atmosfer\u0103 luxoas\u0103 zonei dvs. de luat masa.<\/p>\n<p>Dimensiunile produsului: L60xH76xW63 cm<br \/>\n\u00cen\u0103l\u021bimea bra\u021bului: 66 cm<br \/>\nAd\u00e2ncimea scaunului: 45 cm<br \/>\n\u00cen\u0103l\u021bimea scaunului: 46 cm<br \/>\nCuloare: albastru<br \/>\nCompozi\u021bie: Poliester reciclat, placaj, metal<br \/>\nDurabilitatea \u021bes\u0103turii (Martindale) 100.000<br \/>\nCapacitate maxim\u0103 de greutate: 150 kg<\/p>","protected":false},"excerpt":{"rendered":"<p>Scaun de dining cu \u021bes\u0103tur\u0103 albastr\u0103 care ofer\u0103 suport optim \u0219i confort \u00een timpul meselor lungi \u0219i conversa\u021biilor cu familia \u0219i prietenii. Cu designul s\u0103u atemporal, acest scaun de sufragerie cu cotiere este completarea perfect\u0103 pentru orice locuin\u021b\u0103.<\/p>","protected":false},"featured_media":4269,"comment_status":"closed","ping_status":"closed","template":"","meta":{"_acf_changed":false,"_kad_post_transparent":"default","_kad_post_title":"","_kad_post_layout":"default","_kad_post_sidebar_id":"","_kad_post_content_style":"default","_kad_post_vertical_padding":"default","_kad_post_feature":"","_kad_post_feature_position":"","_kad_post_header":false,"_kad_post_footer":false,"_kad_post_classname":""},"pwb-brand":[17],"product_brand":[],"product_cat":[152,223],"product_tag":[334,398,397,34,396,1059],"gyarto":[],"class_list":{"0":"post-4291","1":"product","2":"type-product","3":"status-publish","4":"has-post-thumbnail","6":"pwb-brand-bloomingville","7":"product_cat-chair","8":"product_cat-dining-chair","9":"product_tag-new-arrivals","10":"product_tag-nordic-design","11":"product_tag-nordic-home","12":"product_tag-nordic-interior-design","13":"product_tag-nordic-style","14":"product_tag-spring-summer-2024","15":"pa_colour-blue","16":"pa_material-metal","17":"pa_material-polyester","19":"first","20":"instock","21":"taxable","22":"shipping-taxable","23":"purchasable","24":"product-type-simple","25":"entry","26":"content-bg","27":"loop-entry"},"acf":[],"brands":[{"id":17,"name":"Bloomingville","slug":"bloomingville"}],"_links":{"self":[{"href":"https:\/\/yournordichome.com\/ro\/wp-json\/wp\/v2\/product\/4291","targetHints":{"allow":["GET"]}}],"collection":[{"href":"https:\/\/yournordichome.com\/ro\/wp-json\/wp\/v2\/product"}],"about":[{"href":"https:\/\/yournordichome.com\/ro\/wp-json\/wp\/v2\/types\/product"}],"replies":[{"embeddable":true,"href":"https:\/\/yournordichome.com\/ro\/wp-json\/wp\/v2\/comments?post=4291"}],"wp:featuredmedia":[{"embeddable":true,"href":"https:\/\/yournordichome.com\/ro\/wp-json\/wp\/v2\/media\/4269"}],"wp:attachment":[{"href":"https:\/\/yournordichome.com\/ro\/wp-json\/wp\/v2\/media?parent=4291"}],"wp:term":[{"taxonomy":"pwb-brand","embeddable":true,"href":"https:\/\/yournordichome.com\/ro\/wp-json\/wp\/v2\/pwb-brand?post=4291"},{"taxonomy":"product_brand","embeddable":true,"href":"https:\/\/yournordichome.com\/ro\/wp-json\/wp\/v2\/product_brand?post=4291"},{"taxonomy":"product_cat","embeddable":true,"href":"https:\/\/yournordichome.com\/ro\/wp-json\/wp\/v2\/product_cat?post=4291"},{"taxonomy":"product_tag","embeddable":true,"href":"https:\/\/yournordichome.com\/ro\/wp-json\/wp\/v2\/product_tag?post=4291"},{"taxonomy":"gyarto","embeddable":true,"href":"https:\/\/yournordichome.com\/ro\/wp-json\/wp\/v2\/gyarto?post=4291"}],"curies":[{"name":"wp","href":"https:\/\/api.w.org\/{rel}","templated":true}]}}