{"id":4265,"date":"2023-12-06T17:04:23","date_gmt":"2023-12-06T17:04:23","guid":{"rendered":"https:\/\/yournordichome.com\/product\/rattan-coat-rack-nature\/"},"modified":"2025-01-05T15:34:57","modified_gmt":"2025-01-05T15:34:57","slug":"rattan-cuier-natura","status":"publish","type":"product","link":"https:\/\/yournordichome.com\/ro\/product\/rattan-coat-rack-nature\/","title":{"rendered":"Rattan Coat Rack Nature"},"content":{"rendered":"<p>Rangerul Salerno de la Bloomingville combin\u0103 un co\u0219 \u0219i un cuier \u00eentr-un singur design. Este ideal pentru depozitarea jachetelor, m\u0103nu\u0219ilor \u0219i gen\u021bilor, ceea ce \u00eel face at\u00e2t practic, c\u00e2t \u0219i elegant pentru intrare sau dormitor.<\/p>\n<p>Suportul pentru haine este solu\u021bia perfect\u0103 pentru optimizarea spa\u021biului, ad\u0103ug\u00e2nd \u00een acela\u0219i timp o not\u0103 organizat\u0103 \u0219i cald\u0103 camerei.<br \/>\nCuloarea cuierului va ap\u0103rea diferit \u00een func\u021bie de sezonul \u00een care materialul este recoltat.<\/p>\n<p>Dimensiunile produsului: D42xH150 cm<br \/>\nCuloare: Natur\u0103<br \/>\nCompozi\u021bie: Rattan<br \/>\nCapacitate maxim\u0103 de greutate: 5 kg fiecare c\u00e2rlig<br \/>\nPot ap\u0103rea varia\u021bii din cauza materialelor.<\/p>","protected":false},"excerpt":{"rendered":"<p>Suport pentru haine din rattan de culoare natural\u0103, cu 4 c\u00e2rlige \u0219i un co\u0219 de depozitare.<\/p>","protected":false},"featured_media":4261,"comment_status":"closed","ping_status":"closed","template":"","meta":{"_acf_changed":false,"_kad_post_transparent":"default","_kad_post_title":"","_kad_post_layout":"default","_kad_post_sidebar_id":"","_kad_post_content_style":"default","_kad_post_vertical_padding":"default","_kad_post_feature":"","_kad_post_feature_position":"","_kad_post_header":false,"_kad_post_footer":false,"_kad_post_classname":""},"pwb-brand":[17],"product_brand":[],"product_cat":[94,108],"product_tag":[334,398,397,34,396,1059],"gyarto":[],"class_list":{"0":"post-4265","1":"product","2":"type-product","3":"status-publish","4":"has-post-thumbnail","6":"pwb-brand-bloomingville","7":"product_cat-furniture","8":"product_cat-home-accesories-furniture","9":"product_tag-new-arrivals","10":"product_tag-nordic-design","11":"product_tag-nordic-home","12":"product_tag-nordic-interior-design","13":"product_tag-nordic-style","14":"product_tag-spring-summer-2024","15":"pa_colour-nature","16":"pa_material-rattan","18":"first","19":"outofstock","20":"taxable","21":"shipping-taxable","22":"purchasable","23":"product-type-simple","24":"entry","25":"content-bg","26":"loop-entry"},"acf":[],"brands":[{"id":17,"name":"Bloomingville","slug":"bloomingville"}],"_links":{"self":[{"href":"https:\/\/yournordichome.com\/ro\/wp-json\/wp\/v2\/product\/4265","targetHints":{"allow":["GET"]}}],"collection":[{"href":"https:\/\/yournordichome.com\/ro\/wp-json\/wp\/v2\/product"}],"about":[{"href":"https:\/\/yournordichome.com\/ro\/wp-json\/wp\/v2\/types\/product"}],"replies":[{"embeddable":true,"href":"https:\/\/yournordichome.com\/ro\/wp-json\/wp\/v2\/comments?post=4265"}],"wp:featuredmedia":[{"embeddable":true,"href":"https:\/\/yournordichome.com\/ro\/wp-json\/wp\/v2\/media\/4261"}],"wp:attachment":[{"href":"https:\/\/yournordichome.com\/ro\/wp-json\/wp\/v2\/media?parent=4265"}],"wp:term":[{"taxonomy":"pwb-brand","embeddable":true,"href":"https:\/\/yournordichome.com\/ro\/wp-json\/wp\/v2\/pwb-brand?post=4265"},{"taxonomy":"product_brand","embeddable":true,"href":"https:\/\/yournordichome.com\/ro\/wp-json\/wp\/v2\/product_brand?post=4265"},{"taxonomy":"product_cat","embeddable":true,"href":"https:\/\/yournordichome.com\/ro\/wp-json\/wp\/v2\/product_cat?post=4265"},{"taxonomy":"product_tag","embeddable":true,"href":"https:\/\/yournordichome.com\/ro\/wp-json\/wp\/v2\/product_tag?post=4265"},{"taxonomy":"gyarto","embeddable":true,"href":"https:\/\/yournordichome.com\/ro\/wp-json\/wp\/v2\/gyarto?post=4265"}],"curies":[{"name":"wp","href":"https:\/\/api.w.org\/{rel}","templated":true}]}}