{"id":4248,"date":"2023-12-05T19:22:11","date_gmt":"2023-12-05T19:22:11","guid":{"rendered":"https:\/\/yournordichome.com\/product\/coat-rack-natural-pine\/"},"modified":"2025-07-30T16:54:13","modified_gmt":"2025-07-30T16:54:13","slug":"cuier-pin-natural","status":"publish","type":"product","link":"https:\/\/yournordichome.com\/ro\/product\/coat-rack-natural-pine\/","title":{"rendered":"Ranger, Natural, Pin"},"content":{"rendered":"<p>Rangerul Vance de la Bloomingville este realizat din lemn de pin fin \u0219i \u00eembin\u0103 perfect stilul \u0219i func\u021bionalitatea. Cu o \u00een\u0103l\u021bime de 180 cm \u0219i cinci c\u00e2rlige, acesta este perfect pentru ag\u0103\u021bat paltoane \u0219i gen\u021bi. Raftul integrat ofer\u0103 un loc la \u00eendem\u00e2n\u0103 pentru chei \u0219i bibelouri, f\u0103c\u00e2nd din acest cuier un accesoriu natural elegant \u0219i practic pentru orice cas\u0103.<\/p>\n<p>Dimensiunile produsului: L74xH180xW23 cm<br \/>\nCuloare: Natur\u0103<br \/>\nCompozi\u021bie: Lemn de pin<br \/>\nCapacitate maxim\u0103 de greutate: 0,5 kg fiecare c\u00e2rlig \/ raft 10 kg<br \/>\nFitingurile de perete nu sunt incluse.<\/p>","protected":false},"excerpt":{"rendered":"<p>Dulap de haine din lemn de pin cu un design nordic natural.<\/p>","protected":false},"featured_media":4242,"comment_status":"closed","ping_status":"closed","template":"","meta":{"_acf_changed":false,"_kad_post_transparent":"default","_kad_post_title":"","_kad_post_layout":"default","_kad_post_sidebar_id":"","_kad_post_content_style":"default","_kad_post_vertical_padding":"default","_kad_post_feature":"","_kad_post_feature_position":"","_kad_post_header":false,"_kad_post_footer":false,"_kad_post_classname":""},"pwb-brand":[17],"product_brand":[],"product_cat":[94,141],"product_tag":[334,398,397,34,396,136,1059],"gyarto":[],"class_list":{"0":"post-4248","1":"product","2":"type-product","3":"status-publish","4":"has-post-thumbnail","6":"pwb-brand-bloomingville","7":"product_cat-furniture","8":"product_cat-shelving-unit","9":"product_tag-new-arrivals","10":"product_tag-nordic-design","11":"product_tag-nordic-home","12":"product_tag-nordic-interior-design","13":"product_tag-nordic-style","14":"product_tag-shelves","15":"product_tag-spring-summer-2024","16":"pa_colour-nature","17":"pa_material-pine-wood","19":"first","20":"instock","21":"taxable","22":"shipping-taxable","23":"purchasable","24":"product-type-simple","25":"entry","26":"content-bg","27":"loop-entry"},"acf":[],"brands":[{"id":17,"name":"Bloomingville","slug":"bloomingville"}],"_links":{"self":[{"href":"https:\/\/yournordichome.com\/ro\/wp-json\/wp\/v2\/product\/4248","targetHints":{"allow":["GET"]}}],"collection":[{"href":"https:\/\/yournordichome.com\/ro\/wp-json\/wp\/v2\/product"}],"about":[{"href":"https:\/\/yournordichome.com\/ro\/wp-json\/wp\/v2\/types\/product"}],"replies":[{"embeddable":true,"href":"https:\/\/yournordichome.com\/ro\/wp-json\/wp\/v2\/comments?post=4248"}],"wp:featuredmedia":[{"embeddable":true,"href":"https:\/\/yournordichome.com\/ro\/wp-json\/wp\/v2\/media\/4242"}],"wp:attachment":[{"href":"https:\/\/yournordichome.com\/ro\/wp-json\/wp\/v2\/media?parent=4248"}],"wp:term":[{"taxonomy":"pwb-brand","embeddable":true,"href":"https:\/\/yournordichome.com\/ro\/wp-json\/wp\/v2\/pwb-brand?post=4248"},{"taxonomy":"product_brand","embeddable":true,"href":"https:\/\/yournordichome.com\/ro\/wp-json\/wp\/v2\/product_brand?post=4248"},{"taxonomy":"product_cat","embeddable":true,"href":"https:\/\/yournordichome.com\/ro\/wp-json\/wp\/v2\/product_cat?post=4248"},{"taxonomy":"product_tag","embeddable":true,"href":"https:\/\/yournordichome.com\/ro\/wp-json\/wp\/v2\/product_tag?post=4248"},{"taxonomy":"gyarto","embeddable":true,"href":"https:\/\/yournordichome.com\/ro\/wp-json\/wp\/v2\/gyarto?post=4248"}],"curies":[{"name":"wp","href":"https:\/\/api.w.org\/{rel}","templated":true}]}}