{"id":4247,"date":"2023-12-05T19:22:11","date_gmt":"2023-12-05T19:22:11","guid":{"rendered":"https:\/\/yournordichome.com\/product\/black-metal-bookcase\/"},"modified":"2025-09-20T08:38:38","modified_gmt":"2025-09-20T08:38:38","slug":"biblioteca-din-metal-negru","status":"publish","type":"product","link":"https:\/\/yournordichome.com\/ro\/product\/black-metal-bookcase\/","title":{"rendered":"Bibliotec\u0103 metalic\u0103 neagr\u0103"},"content":{"rendered":"<p>Raftul de bibliotec\u0103 Valde de la Bloomingville se m\u00e2ndre\u0219te cu un design clasic \u0219i atemporal, realizat din metal negru. Poate fi pozi\u021bionat\u0103 \u00eempotriva unui perete sau poate sta liber \u00eentr-o camer\u0103 ca un separator. Cu designul s\u0103u simplu, este potrivit\u0103 pentru orice camer\u0103, fie pentru depozitare, fie pentru expunerea c\u0103r\u021bilor preferate \u0219i a obiectelor decorative.<\/p>\n<p>Dimensiunile produsului: L80xH114xW40 cm<br \/>\nCuloare: negru<br \/>\nCompozi\u021bie: Fier<br \/>\nCapacitate maxim\u0103 de greutate: 5 kg pe fiecare raft<br \/>\nInstruc\u021biuni de \u00eengrijire: Cur\u0103\u021ba\u021bi cu o c\u00e2rp\u0103 umed\u0103.<\/p>","protected":false},"excerpt":{"rendered":"<p>Bibliotec\u0103 din metal negru cu un design nordic simplu.<\/p>","protected":false},"featured_media":4228,"comment_status":"closed","ping_status":"closed","template":"","meta":{"_acf_changed":false,"_kad_post_transparent":"default","_kad_post_title":"","_kad_post_layout":"default","_kad_post_sidebar_id":"","_kad_post_content_style":"default","_kad_post_vertical_padding":"default","_kad_post_feature":"","_kad_post_feature_position":"","_kad_post_header":false,"_kad_post_footer":false,"_kad_post_classname":""},"pwb-brand":[17],"product_brand":[],"product_cat":[94,141],"product_tag":[133,334,398,397,34,396,136,1059],"gyarto":[],"class_list":{"0":"post-4247","1":"product","2":"type-product","3":"status-publish","4":"has-post-thumbnail","6":"pwb-brand-bloomingville","7":"product_cat-furniture","8":"product_cat-shelving-unit","9":"product_tag-bookcase","10":"product_tag-new-arrivals","11":"product_tag-nordic-design","12":"product_tag-nordic-home","13":"product_tag-nordic-interior-design","14":"product_tag-nordic-style","15":"product_tag-shelves","16":"product_tag-spring-summer-2024","17":"pa_colour-black","18":"pa_material-metal","20":"first","21":"outofstock","22":"taxable","23":"shipping-taxable","24":"purchasable","25":"product-type-simple","26":"entry","27":"content-bg","28":"loop-entry"},"acf":[],"brands":[{"id":17,"name":"Bloomingville","slug":"bloomingville"}],"_links":{"self":[{"href":"https:\/\/yournordichome.com\/ro\/wp-json\/wp\/v2\/product\/4247","targetHints":{"allow":["GET"]}}],"collection":[{"href":"https:\/\/yournordichome.com\/ro\/wp-json\/wp\/v2\/product"}],"about":[{"href":"https:\/\/yournordichome.com\/ro\/wp-json\/wp\/v2\/types\/product"}],"replies":[{"embeddable":true,"href":"https:\/\/yournordichome.com\/ro\/wp-json\/wp\/v2\/comments?post=4247"}],"wp:featuredmedia":[{"embeddable":true,"href":"https:\/\/yournordichome.com\/ro\/wp-json\/wp\/v2\/media\/4228"}],"wp:attachment":[{"href":"https:\/\/yournordichome.com\/ro\/wp-json\/wp\/v2\/media?parent=4247"}],"wp:term":[{"taxonomy":"pwb-brand","embeddable":true,"href":"https:\/\/yournordichome.com\/ro\/wp-json\/wp\/v2\/pwb-brand?post=4247"},{"taxonomy":"product_brand","embeddable":true,"href":"https:\/\/yournordichome.com\/ro\/wp-json\/wp\/v2\/product_brand?post=4247"},{"taxonomy":"product_cat","embeddable":true,"href":"https:\/\/yournordichome.com\/ro\/wp-json\/wp\/v2\/product_cat?post=4247"},{"taxonomy":"product_tag","embeddable":true,"href":"https:\/\/yournordichome.com\/ro\/wp-json\/wp\/v2\/product_tag?post=4247"},{"taxonomy":"gyarto","embeddable":true,"href":"https:\/\/yournordichome.com\/ro\/wp-json\/wp\/v2\/gyarto?post=4247"}],"curies":[{"name":"wp","href":"https:\/\/api.w.org\/{rel}","templated":true}]}}