{"id":3967,"date":"2023-11-12T12:28:19","date_gmt":"2023-11-12T12:28:19","guid":{"rendered":"https:\/\/yournordichome.com\/product\/rug-runner-moroccan-pattern\/"},"modified":"2025-12-01T00:19:06","modified_gmt":"2025-12-01T00:19:06","slug":"covor-runner-model-marocan","status":"publish","type":"product","link":"https:\/\/yournordichome.com\/ro\/product\/rug-runner-moroccan-pattern\/","title":{"rendered":"Covor, Runner, model marocan"},"content":{"rendered":"<p>Pune\u021bi pu\u021bin\u0103 moliciune frumoas\u0103 \u00een casa dvs. cu acest covor runner de la Chic Antique. Covorul are un model marocan remarcabil care aduce via\u021b\u0103 decorului dvs. \u00eentr-un mod subtil.<\/p>\n<p>Folosi\u021bi covorul realizat manual pentru a \u00eencadra o zon\u0103, ca un loc moale atunci c\u00e2nd v\u0103 da\u021bi jos din pat sau ca un suport de podea \u00een hol.<\/p>\n<p>Dimensiune: 70\u00d7150 cm<br \/>\nMaterial: Bumbac<\/p>","protected":false},"excerpt":{"rendered":"<p>Covor cu model marocan remarcabil realizat manual din bumbac \u00een culoare natural\u0103.<\/p>","protected":false},"featured_media":3960,"comment_status":"closed","ping_status":"closed","template":"","meta":{"_acf_changed":false,"_kad_post_transparent":"default","_kad_post_title":"","_kad_post_layout":"default","_kad_post_sidebar_id":"","_kad_post_content_style":"default","_kad_post_vertical_padding":"default","_kad_post_feature":"","_kad_post_feature_position":"","_kad_post_header":false,"_kad_post_footer":false,"_kad_post_classname":""},"pwb-brand":[19],"product_brand":[],"product_cat":[88,65],"product_tag":[79,1109,398,397,34,396,80,262],"gyarto":[],"class_list":{"0":"post-3967","1":"product","2":"type-product","3":"status-publish","4":"has-post-thumbnail","6":"pwb-brand-chic-antique","7":"product_cat-rug","8":"product_cat-rugs-and-textiles","9":"product_tag-cotton-rug","10":"product_tag-last-item-in-stock","11":"product_tag-nordic-design","12":"product_tag-nordic-home","13":"product_tag-nordic-interior-design","14":"product_tag-nordic-style","15":"product_tag-nordic-style-rug","16":"product_tag-runner-rug","17":"pa_colour-nature","18":"pa_material-cotton","20":"first","21":"instock","22":"taxable","23":"shipping-taxable","24":"purchasable","25":"product-type-simple","26":"entry","27":"content-bg","28":"loop-entry"},"acf":[],"brands":[{"id":19,"name":"Chic Antique","slug":"chic-antic"}],"_links":{"self":[{"href":"https:\/\/yournordichome.com\/ro\/wp-json\/wp\/v2\/product\/3967","targetHints":{"allow":["GET"]}}],"collection":[{"href":"https:\/\/yournordichome.com\/ro\/wp-json\/wp\/v2\/product"}],"about":[{"href":"https:\/\/yournordichome.com\/ro\/wp-json\/wp\/v2\/types\/product"}],"replies":[{"embeddable":true,"href":"https:\/\/yournordichome.com\/ro\/wp-json\/wp\/v2\/comments?post=3967"}],"wp:featuredmedia":[{"embeddable":true,"href":"https:\/\/yournordichome.com\/ro\/wp-json\/wp\/v2\/media\/3960"}],"wp:attachment":[{"href":"https:\/\/yournordichome.com\/ro\/wp-json\/wp\/v2\/media?parent=3967"}],"wp:term":[{"taxonomy":"pwb-brand","embeddable":true,"href":"https:\/\/yournordichome.com\/ro\/wp-json\/wp\/v2\/pwb-brand?post=3967"},{"taxonomy":"product_brand","embeddable":true,"href":"https:\/\/yournordichome.com\/ro\/wp-json\/wp\/v2\/product_brand?post=3967"},{"taxonomy":"product_cat","embeddable":true,"href":"https:\/\/yournordichome.com\/ro\/wp-json\/wp\/v2\/product_cat?post=3967"},{"taxonomy":"product_tag","embeddable":true,"href":"https:\/\/yournordichome.com\/ro\/wp-json\/wp\/v2\/product_tag?post=3967"},{"taxonomy":"gyarto","embeddable":true,"href":"https:\/\/yournordichome.com\/ro\/wp-json\/wp\/v2\/gyarto?post=3967"}],"curies":[{"name":"wp","href":"https:\/\/api.w.org\/{rel}","templated":true}]}}