{"id":3915,"date":"2023-11-05T14:29:04","date_gmt":"2023-11-05T14:29:04","guid":{"rendered":"https:\/\/yournordichome.com\/product\/side-table-white-marble\/"},"modified":"2026-04-15T07:08:29","modified_gmt":"2026-04-15T07:08:29","slug":"masa-laterala-din-marmura-alba","status":"publish","type":"product","link":"https:\/\/yournordichome.com\/ro\/product\/side-table-white-marble\/","title":{"rendered":"M\u0103su\u021b\u0103, marmur\u0103 alb\u0103"},"content":{"rendered":"<p><strong>Jasmia Side Table de Bloomingville<\/strong> realizat din marmur\u0103 alb\u0103. Frumuse\u021bea unei pietre naturale const\u0103 \u00een faptul c\u0103 nu exist\u0103 dou\u0103 piese exact la fel. Fiecare este o pies\u0103 de art\u0103 unic\u0103, forjat\u0103 de mama natur\u0103 de-a lungul mileniilor, folosind c\u0103ldur\u0103, presiune \u0219i o mul\u021bime de minerale \u0219i materiale organice diferite. Modul \u00een care aceste minerale se a\u0219eaz\u0103 \u00een piatr\u0103 este cel care determin\u0103 gama imens\u0103 de culori, modele, texturi \u0219i nervuri din fiecare plac\u0103.<\/p>\n<p>Dimensiunile produsului: D46xH53 cm<br \/>\nCuloare: alb<br \/>\nCompozi\u021bie: Marmur\u0103<br \/>\nInstruc\u021biuni de \u00eengrijire: Cur\u0103\u021ba\u021bi cu o c\u00e2rp\u0103 umed\u0103.<br \/>\nCapacitate maxim\u0103 de greutate: 20 kg<br \/>\nPot ap\u0103rea varia\u021bii din cauza materialelor.<\/p>","protected":false},"excerpt":{"rendered":"<p>M\u0103su\u021b\u0103 lateral\u0103 cu un design nordic, t\u0103iat\u0103 \u00eentr-o marmur\u0103 alb\u0103 frumoas\u0103, cu un v\u00e2rf rotund de foraj.<\/p>","protected":false},"featured_media":3875,"comment_status":"closed","ping_status":"closed","template":"","meta":{"_acf_changed":false,"_kad_post_transparent":"default","_kad_post_title":"","_kad_post_layout":"default","_kad_post_sidebar_id":"","_kad_post_content_style":"default","_kad_post_vertical_padding":"default","_kad_post_feature":"","_kad_post_feature_position":"","_kad_post_header":false,"_kad_post_footer":false,"_kad_post_classname":""},"pwb-brand":[17],"product_brand":[],"product_cat":[341,157],"product_tag":[398,397,34,396],"gyarto":[],"class_list":{"0":"post-3915","1":"product","2":"type-product","3":"status-publish","4":"has-post-thumbnail","6":"pwb-brand-bloomingville","7":"product_cat-side-table","8":"product_cat-table","9":"product_tag-nordic-design","10":"product_tag-nordic-home","11":"product_tag-nordic-interior-design","12":"product_tag-nordic-style","13":"pa_colour-white","14":"pa_material-marble","16":"first","17":"instock","18":"taxable","19":"shipping-taxable","20":"purchasable","21":"product-type-simple","22":"entry","23":"content-bg","24":"loop-entry"},"acf":[],"brands":[{"id":17,"name":"Bloomingville","slug":"bloomingville"}],"_links":{"self":[{"href":"https:\/\/yournordichome.com\/ro\/wp-json\/wp\/v2\/product\/3915","targetHints":{"allow":["GET"]}}],"collection":[{"href":"https:\/\/yournordichome.com\/ro\/wp-json\/wp\/v2\/product"}],"about":[{"href":"https:\/\/yournordichome.com\/ro\/wp-json\/wp\/v2\/types\/product"}],"replies":[{"embeddable":true,"href":"https:\/\/yournordichome.com\/ro\/wp-json\/wp\/v2\/comments?post=3915"}],"wp:featuredmedia":[{"embeddable":true,"href":"https:\/\/yournordichome.com\/ro\/wp-json\/wp\/v2\/media\/3875"}],"wp:attachment":[{"href":"https:\/\/yournordichome.com\/ro\/wp-json\/wp\/v2\/media?parent=3915"}],"wp:term":[{"taxonomy":"pwb-brand","embeddable":true,"href":"https:\/\/yournordichome.com\/ro\/wp-json\/wp\/v2\/pwb-brand?post=3915"},{"taxonomy":"product_brand","embeddable":true,"href":"https:\/\/yournordichome.com\/ro\/wp-json\/wp\/v2\/product_brand?post=3915"},{"taxonomy":"product_cat","embeddable":true,"href":"https:\/\/yournordichome.com\/ro\/wp-json\/wp\/v2\/product_cat?post=3915"},{"taxonomy":"product_tag","embeddable":true,"href":"https:\/\/yournordichome.com\/ro\/wp-json\/wp\/v2\/product_tag?post=3915"},{"taxonomy":"gyarto","embeddable":true,"href":"https:\/\/yournordichome.com\/ro\/wp-json\/wp\/v2\/gyarto?post=3915"}],"curies":[{"name":"wp","href":"https:\/\/api.w.org\/{rel}","templated":true}]}}