{"id":3832,"date":"2023-10-28T17:59:20","date_gmt":"2023-10-28T17:59:20","guid":{"rendered":"https:\/\/yournordichome.com\/product\/circus-basket-w-lid-water-hyacinth\/"},"modified":"2025-12-18T10:30:55","modified_gmt":"2025-12-18T10:30:55","slug":"cos-circ-cu-capac-hiacint-de-apa","status":"publish","type":"product","link":"https:\/\/yournordichome.com\/ro\/product\/circus-basket-w-lid-water-hyacinth\/","title":{"rendered":"Co\u0219 Circus cu capac, Hyacinth de ap\u0103"},"content":{"rendered":"<p><strong>Co\u0219 de circ<\/strong> de Bloomingville este un co\u0219 dr\u0103gu\u021b care \u00eencurajeaz\u0103 p\u0103strarea cur\u0103\u021beniei \u00een camera copiilor. Depozita\u021bi juc\u0103riile \u00een co\u0219ul cu dungi \u0219i a\u0219eza\u021bi-l pe camer\u0103 cu capacul pus. Accesoriu frumos pentru camera copiilor \u0219i practic \u00een acela\u0219i timp.<\/p>\n<p>Dimensiunile produsului: D40xH40 cm<br \/>\nCuloare: Ro\u0219u<br \/>\nCompozi\u021bie: Hyacinth de ap\u0103<\/p>","protected":false},"excerpt":{"rendered":"<p>Co\u0219 cu forma unui cort de circ, ideal pentru depozitare \u0219i \u00een acela\u0219i timp un accesoriu distractiv pentru joac\u0103.<\/p>","protected":false},"featured_media":3787,"comment_status":"closed","ping_status":"closed","template":"","meta":{"_acf_changed":false,"_kad_post_transparent":"default","_kad_post_title":"","_kad_post_layout":"default","_kad_post_sidebar_id":"","_kad_post_content_style":"default","_kad_post_vertical_padding":"default","_kad_post_feature":"","_kad_post_feature_position":"","_kad_post_header":false,"_kad_post_footer":false,"_kad_post_classname":""},"pwb-brand":[17],"product_brand":[],"product_cat":[77,47],"product_tag":[148,398,397,34,396],"gyarto":[],"class_list":{"0":"post-3832","1":"product","2":"type-product","3":"status-publish","4":"has-post-thumbnail","6":"pwb-brand-bloomingville","7":"product_cat-childrens-furniture","8":"product_cat-kids","9":"product_tag-kids-room-storage","10":"product_tag-nordic-design","11":"product_tag-nordic-home","12":"product_tag-nordic-interior-design","13":"product_tag-nordic-style","14":"pa_colour-nature","15":"pa_colour-red","16":"pa_material-water-hyacinth","18":"first","19":"outofstock","20":"taxable","21":"shipping-taxable","22":"purchasable","23":"product-type-simple","24":"entry","25":"content-bg","26":"loop-entry"},"acf":[],"brands":[{"id":17,"name":"Bloomingville","slug":"bloomingville"}],"_links":{"self":[{"href":"https:\/\/yournordichome.com\/ro\/wp-json\/wp\/v2\/product\/3832","targetHints":{"allow":["GET"]}}],"collection":[{"href":"https:\/\/yournordichome.com\/ro\/wp-json\/wp\/v2\/product"}],"about":[{"href":"https:\/\/yournordichome.com\/ro\/wp-json\/wp\/v2\/types\/product"}],"replies":[{"embeddable":true,"href":"https:\/\/yournordichome.com\/ro\/wp-json\/wp\/v2\/comments?post=3832"}],"wp:featuredmedia":[{"embeddable":true,"href":"https:\/\/yournordichome.com\/ro\/wp-json\/wp\/v2\/media\/3787"}],"wp:attachment":[{"href":"https:\/\/yournordichome.com\/ro\/wp-json\/wp\/v2\/media?parent=3832"}],"wp:term":[{"taxonomy":"pwb-brand","embeddable":true,"href":"https:\/\/yournordichome.com\/ro\/wp-json\/wp\/v2\/pwb-brand?post=3832"},{"taxonomy":"product_brand","embeddable":true,"href":"https:\/\/yournordichome.com\/ro\/wp-json\/wp\/v2\/product_brand?post=3832"},{"taxonomy":"product_cat","embeddable":true,"href":"https:\/\/yournordichome.com\/ro\/wp-json\/wp\/v2\/product_cat?post=3832"},{"taxonomy":"product_tag","embeddable":true,"href":"https:\/\/yournordichome.com\/ro\/wp-json\/wp\/v2\/product_tag?post=3832"},{"taxonomy":"gyarto","embeddable":true,"href":"https:\/\/yournordichome.com\/ro\/wp-json\/wp\/v2\/gyarto?post=3832"}],"curies":[{"name":"wp","href":"https:\/\/api.w.org\/{rel}","templated":true}]}}