{"id":3694,"date":"2023-10-28T10:18:08","date_gmt":"2023-10-28T10:18:08","guid":{"rendered":"https:\/\/yournordichome.com\/product\/balloon-shelf-nature-seagrass\/"},"modified":"2026-04-15T07:09:04","modified_gmt":"2026-04-15T07:09:04","slug":"balon-raft-natura-seagrass","status":"publish","type":"product","link":"https:\/\/yournordichome.com\/ro\/product\/balloon-shelf-nature-seagrass\/","title":{"rendered":"Balon raft, Natura, Seagrass"},"content":{"rendered":"<p><strong>Raft balon<\/strong> by Bloomingville MINI este realizat din iarb\u0103 de mare, care confer\u0103 camerei un aspect cald \u0219i natural. Raftul are forma unui balon cu aer cald \u0219i este perfect pentru depozitarea bibelourilor \u0219i juc\u0103riilor preferate ale copiilor. Pot ap\u0103rea varia\u021bii din cauza materialelor.<\/p>\n<p>Dimensiunile produsului: L59xH105xW13 cm<br \/>\nCuloare: Natur\u0103<br \/>\nCompozi\u021bie: Seagrass, fier<br \/>\nCapacitate maxim\u0103 de greutate: 5 kg pe raft<br \/>\nInstruc\u021biuni de \u00eengrijire: Cur\u0103\u021ba\u021bi cu o c\u00e2rp\u0103 umed\u0103.<br \/>\nPot ap\u0103rea varia\u021bii din cauza materialelor<\/p>","protected":false},"excerpt":{"rendered":"<p>Raft de perete \u00een form\u0103 de balon realizat din iarb\u0103 de mare \u00een culoare natural\u0103 pentru camera copiilor.<\/p>","protected":false},"featured_media":3623,"comment_status":"closed","ping_status":"closed","template":"","meta":{"_acf_changed":false,"_kad_post_transparent":"default","_kad_post_title":"","_kad_post_layout":"default","_kad_post_sidebar_id":"","_kad_post_content_style":"default","_kad_post_vertical_padding":"default","_kad_post_feature":"","_kad_post_feature_position":"","_kad_post_header":false,"_kad_post_footer":false,"_kad_post_classname":""},"pwb-brand":[17],"product_brand":[],"product_cat":[77,47],"product_tag":[398,397,34,396],"gyarto":[],"class_list":{"0":"post-3694","1":"product","2":"type-product","3":"status-publish","4":"has-post-thumbnail","6":"pwb-brand-bloomingville","7":"product_cat-childrens-furniture","8":"product_cat-kids","9":"product_tag-nordic-design","10":"product_tag-nordic-home","11":"product_tag-nordic-interior-design","12":"product_tag-nordic-style","13":"pa_colour-nature","14":"pa_material-seagrass","16":"first","17":"instock","18":"taxable","19":"shipping-taxable","20":"purchasable","21":"product-type-simple","22":"entry","23":"content-bg","24":"loop-entry"},"acf":[],"brands":[{"id":17,"name":"Bloomingville","slug":"bloomingville"}],"_links":{"self":[{"href":"https:\/\/yournordichome.com\/ro\/wp-json\/wp\/v2\/product\/3694","targetHints":{"allow":["GET"]}}],"collection":[{"href":"https:\/\/yournordichome.com\/ro\/wp-json\/wp\/v2\/product"}],"about":[{"href":"https:\/\/yournordichome.com\/ro\/wp-json\/wp\/v2\/types\/product"}],"replies":[{"embeddable":true,"href":"https:\/\/yournordichome.com\/ro\/wp-json\/wp\/v2\/comments?post=3694"}],"wp:featuredmedia":[{"embeddable":true,"href":"https:\/\/yournordichome.com\/ro\/wp-json\/wp\/v2\/media\/3623"}],"wp:attachment":[{"href":"https:\/\/yournordichome.com\/ro\/wp-json\/wp\/v2\/media?parent=3694"}],"wp:term":[{"taxonomy":"pwb-brand","embeddable":true,"href":"https:\/\/yournordichome.com\/ro\/wp-json\/wp\/v2\/pwb-brand?post=3694"},{"taxonomy":"product_brand","embeddable":true,"href":"https:\/\/yournordichome.com\/ro\/wp-json\/wp\/v2\/product_brand?post=3694"},{"taxonomy":"product_cat","embeddable":true,"href":"https:\/\/yournordichome.com\/ro\/wp-json\/wp\/v2\/product_cat?post=3694"},{"taxonomy":"product_tag","embeddable":true,"href":"https:\/\/yournordichome.com\/ro\/wp-json\/wp\/v2\/product_tag?post=3694"},{"taxonomy":"gyarto","embeddable":true,"href":"https:\/\/yournordichome.com\/ro\/wp-json\/wp\/v2\/gyarto?post=3694"}],"curies":[{"name":"wp","href":"https:\/\/api.w.org\/{rel}","templated":true}]}}