{"id":3680,"date":"2023-10-28T10:18:08","date_gmt":"2023-10-28T10:18:08","guid":{"rendered":"https:\/\/yournordichome.com\/product\/rug-white-cotton-140-x-200-cm\/"},"modified":"2025-07-30T17:09:39","modified_gmt":"2025-07-30T17:09:39","slug":"covor-bumbac-alb-140-x-200-cm","status":"publish","type":"product","link":"https:\/\/yournordichome.com\/ro\/product\/rug-white-cotton-140-x-200-cm\/","title":{"rendered":"Covor bumbac alb 140 x 200 cm"},"content":{"rendered":"<p><strong>Covor<\/strong> de Bloomingville realizat din bumbac \u00een alb cu model negru. Covorul minunat aduce c\u0103ldur\u0103 \u00een cas\u0103 cu designul s\u0103u atemporal.<\/p>\n<p>Dimensiunile produsului: L200xL140 cm<br \/>\nCuloare: alb<br \/>\nCompozi\u021bie: 100% Bumbac<br \/>\nCuloare finisaj: Yarn Dyed<br \/>\nCur\u0103\u021bare uscat\u0103: Cur\u0103\u021bare la fa\u021ba locului<br \/>\nFinisaj produs: \u021aesut \/ Tufted<\/p>","protected":false},"excerpt":{"rendered":"<p>Covor alb din bumbac cu imprimeu negru \u0219i geometric \u0219i franjuri.<\/p>","protected":false},"featured_media":3606,"comment_status":"closed","ping_status":"closed","template":"","meta":{"_acf_changed":false,"_kad_post_transparent":"default","_kad_post_title":"","_kad_post_layout":"default","_kad_post_sidebar_id":"","_kad_post_content_style":"default","_kad_post_vertical_padding":"default","_kad_post_feature":"","_kad_post_feature_position":"","_kad_post_header":false,"_kad_post_footer":false,"_kad_post_classname":""},"pwb-brand":[17],"product_brand":[],"product_cat":[88,65],"product_tag":[82,79,398,397,34,396,80],"gyarto":[],"class_list":{"0":"post-3680","1":"product","2":"type-product","3":"status-publish","4":"has-post-thumbnail","6":"pwb-brand-bloomingville","7":"product_cat-rug","8":"product_cat-rugs-and-textiles","9":"product_tag-carpet","10":"product_tag-cotton-rug","11":"product_tag-nordic-design","12":"product_tag-nordic-home","13":"product_tag-nordic-interior-design","14":"product_tag-nordic-style","15":"product_tag-nordic-style-rug","16":"pa_colour-white","17":"pa_material-cotton","19":"first","20":"instock","21":"taxable","22":"shipping-taxable","23":"purchasable","24":"product-type-simple","25":"entry","26":"content-bg","27":"loop-entry"},"acf":[],"brands":[{"id":17,"name":"Bloomingville","slug":"bloomingville"}],"_links":{"self":[{"href":"https:\/\/yournordichome.com\/ro\/wp-json\/wp\/v2\/product\/3680","targetHints":{"allow":["GET"]}}],"collection":[{"href":"https:\/\/yournordichome.com\/ro\/wp-json\/wp\/v2\/product"}],"about":[{"href":"https:\/\/yournordichome.com\/ro\/wp-json\/wp\/v2\/types\/product"}],"replies":[{"embeddable":true,"href":"https:\/\/yournordichome.com\/ro\/wp-json\/wp\/v2\/comments?post=3680"}],"wp:featuredmedia":[{"embeddable":true,"href":"https:\/\/yournordichome.com\/ro\/wp-json\/wp\/v2\/media\/3606"}],"wp:attachment":[{"href":"https:\/\/yournordichome.com\/ro\/wp-json\/wp\/v2\/media?parent=3680"}],"wp:term":[{"taxonomy":"pwb-brand","embeddable":true,"href":"https:\/\/yournordichome.com\/ro\/wp-json\/wp\/v2\/pwb-brand?post=3680"},{"taxonomy":"product_brand","embeddable":true,"href":"https:\/\/yournordichome.com\/ro\/wp-json\/wp\/v2\/product_brand?post=3680"},{"taxonomy":"product_cat","embeddable":true,"href":"https:\/\/yournordichome.com\/ro\/wp-json\/wp\/v2\/product_cat?post=3680"},{"taxonomy":"product_tag","embeddable":true,"href":"https:\/\/yournordichome.com\/ro\/wp-json\/wp\/v2\/product_tag?post=3680"},{"taxonomy":"gyarto","embeddable":true,"href":"https:\/\/yournordichome.com\/ro\/wp-json\/wp\/v2\/gyarto?post=3680"}],"curies":[{"name":"wp","href":"https:\/\/api.w.org\/{rel}","templated":true}]}}