{"id":3676,"date":"2023-10-28T10:18:08","date_gmt":"2023-10-28T10:18:08","guid":{"rendered":"https:\/\/yournordichome.com\/product\/table-lamp-green-stoneware\/"},"modified":"2025-07-30T17:11:44","modified_gmt":"2025-07-30T17:11:44","slug":"lampa-de-masa-verde-gresie-2","status":"publish","type":"product","link":"https:\/\/yournordichome.com\/ro\/product\/table-lamp-green-stoneware\/","title":{"rendered":"Lamp\u0103 de mas\u0103 Green Stoneware"},"content":{"rendered":"<p><strong>Lamp\u0103 de mas\u0103<\/strong> de Bloomingville pentru noptier\u0103 sau consol\u0103. Fiecare lamp\u0103 va varia \u0219i va fi unic\u0103 datorit\u0103 glazurii reactive.<\/p>\n<p>Dimensiunile produsului: D23xH62 cm<br \/>\nCuloare: Verde<br \/>\nCompozi\u021bie: Gresie, fier, poliester<br \/>\nAprobat CE: Da<br \/>\nClasa de energie a becului: Toate<br \/>\nBec inclus: Nu<br \/>\nForma becului: Ordinar<br \/>\nDimensiunea becului: E27<br \/>\nTipul becului: LED sau economizor de energie (CFL)<br \/>\nPuterea maxim\u0103 a becului: Incandescent: 40W \/ LED: 6W \/ CFL: 9W<br \/>\nCuloarea cordonului: Transparent<br \/>\nLungimea cablului: 250 cm<br \/>\nMaterial cablu: Plastic<br \/>\nPorni\u021bi cablul.<br \/>\nUtilizare \u00een exterior: Nu<br \/>\nInstruc\u021biuni de \u00eengrijire: Cur\u0103\u021ba\u021bi cu o c\u00e2rp\u0103 umed\u0103.<\/p>","protected":false},"excerpt":{"rendered":"<p>Lamp\u0103 de mas\u0103 din gresie de culoare verde cu glazur\u0103 reactiv\u0103, cu abajur floral.<\/p>","protected":false},"featured_media":3612,"comment_status":"closed","ping_status":"closed","template":"","meta":{"_acf_changed":false,"_kad_post_transparent":"default","_kad_post_title":"","_kad_post_layout":"default","_kad_post_sidebar_id":"","_kad_post_content_style":"default","_kad_post_vertical_padding":"default","_kad_post_feature":"","_kad_post_feature_position":"","_kad_post_header":false,"_kad_post_footer":false,"_kad_post_classname":""},"pwb-brand":[17],"product_brand":[],"product_cat":[73,72],"product_tag":[398,397,34,117,396],"gyarto":[],"class_list":{"0":"post-3676","1":"product","2":"type-product","3":"status-publish","4":"has-post-thumbnail","6":"pwb-brand-bloomingville","7":"product_cat-desk-and-table-lamp","8":"product_cat-lamp","9":"product_tag-nordic-design","10":"product_tag-nordic-home","11":"product_tag-nordic-interior-design","12":"product_tag-nordic-lamp","13":"product_tag-nordic-style","14":"pa_colour-green","15":"pa_material-stoneware","17":"first","18":"instock","19":"taxable","20":"shipping-taxable","21":"purchasable","22":"product-type-simple","23":"entry","24":"content-bg","25":"loop-entry"},"acf":[],"brands":[{"id":17,"name":"Bloomingville","slug":"bloomingville"}],"_links":{"self":[{"href":"https:\/\/yournordichome.com\/ro\/wp-json\/wp\/v2\/product\/3676","targetHints":{"allow":["GET"]}}],"collection":[{"href":"https:\/\/yournordichome.com\/ro\/wp-json\/wp\/v2\/product"}],"about":[{"href":"https:\/\/yournordichome.com\/ro\/wp-json\/wp\/v2\/types\/product"}],"replies":[{"embeddable":true,"href":"https:\/\/yournordichome.com\/ro\/wp-json\/wp\/v2\/comments?post=3676"}],"wp:featuredmedia":[{"embeddable":true,"href":"https:\/\/yournordichome.com\/ro\/wp-json\/wp\/v2\/media\/3612"}],"wp:attachment":[{"href":"https:\/\/yournordichome.com\/ro\/wp-json\/wp\/v2\/media?parent=3676"}],"wp:term":[{"taxonomy":"pwb-brand","embeddable":true,"href":"https:\/\/yournordichome.com\/ro\/wp-json\/wp\/v2\/pwb-brand?post=3676"},{"taxonomy":"product_brand","embeddable":true,"href":"https:\/\/yournordichome.com\/ro\/wp-json\/wp\/v2\/product_brand?post=3676"},{"taxonomy":"product_cat","embeddable":true,"href":"https:\/\/yournordichome.com\/ro\/wp-json\/wp\/v2\/product_cat?post=3676"},{"taxonomy":"product_tag","embeddable":true,"href":"https:\/\/yournordichome.com\/ro\/wp-json\/wp\/v2\/product_tag?post=3676"},{"taxonomy":"gyarto","embeddable":true,"href":"https:\/\/yournordichome.com\/ro\/wp-json\/wp\/v2\/gyarto?post=3676"}],"curies":[{"name":"wp","href":"https:\/\/api.w.org\/{rel}","templated":true}]}}