{"id":3531,"date":"2023-10-23T14:35:20","date_gmt":"2023-10-23T14:35:20","guid":{"rendered":"https:\/\/yournordichome.com\/product\/daybed-black-bamboo\/"},"modified":"2025-07-31T13:12:07","modified_gmt":"2025-07-31T13:12:07","slug":"pat-de-zi-bambus-negru","status":"publish","type":"product","link":"https:\/\/yournordichome.com\/ro\/product\/daybed-black-bamboo\/","title":{"rendered":"Pat de zi, negru, bambus"},"content":{"rendered":"<p><strong>Pat de zi<\/strong> de Bloomingville realizat\u0103 din bambus cu un scaun din poliester negru \u021besut manual pe banc\u0103. Utiliza\u021bi-o pentru balcon, o teras\u0103 mic\u0103 sau \u00een gr\u0103din\u0103. V\u0103 recomand\u0103m s\u0103 o amplasa\u021bi \u00eentr-o zon\u0103 acoperit\u0103.<\/p>\n<p>Dimensiunile produsului: L190xH40xW70 cm<br \/>\nCuloare: negru<br \/>\nCompozi\u021bie: Bambus<br \/>\nCapacitate maxim\u0103 de greutate: 120 kg<br \/>\nUtilizare \u00een exterior: Da<br \/>\nPot ap\u0103rea varia\u021bii din cauza materialelor.<br \/>\nInstruc\u021biuni de \u00eengrijire: Dac\u0103 este expus la umezeal\u0103, bambusul va absorbi praful \u0219i murd\u0103ria, iar culoarea va deveni gri \u00een timp. V\u0103 recomand\u0103m s\u0103 \u00eel a\u0219eza\u021bi \u00eentr-o zon\u0103 acoperit\u0103. Cur\u0103\u021ba\u021bi cu o c\u00e2rp\u0103 umed\u0103 \u0219i freca\u021bi cu ulei de blan\u0103 testat.<\/p>","protected":false},"excerpt":{"rendered":"<p>Pat de zi realizat din bambus, cu o senza\u021bie organic\u0103, confortabil\u0103 \u0219i familiar\u0103.<\/p>","protected":false},"featured_media":3474,"comment_status":"closed","ping_status":"closed","template":"","meta":{"_acf_changed":false,"_kad_post_transparent":"default","_kad_post_title":"","_kad_post_layout":"default","_kad_post_sidebar_id":"","_kad_post_content_style":"default","_kad_post_vertical_padding":"default","_kad_post_feature":"","_kad_post_feature_position":"","_kad_post_header":false,"_kad_post_footer":false,"_kad_post_classname":""},"pwb-brand":[17],"product_brand":[],"product_cat":[94,174],"product_tag":[160,34,33],"gyarto":[],"class_list":{"0":"post-3531","1":"product","2":"type-product","3":"status-publish","4":"has-post-thumbnail","6":"pwb-brand-bloomingville","7":"product_cat-furniture","8":"product_cat-garden-furniture","9":"product_tag-bamboo-furniture","10":"product_tag-nordic-interior-design","11":"product_tag-outdoor-furniture","12":"pa_colour-black","13":"pa_material-bamboo","15":"first","16":"instock","17":"taxable","18":"shipping-taxable","19":"purchasable","20":"product-type-simple","21":"entry","22":"content-bg","23":"loop-entry"},"acf":[],"brands":[{"id":17,"name":"Bloomingville","slug":"bloomingville"}],"_links":{"self":[{"href":"https:\/\/yournordichome.com\/ro\/wp-json\/wp\/v2\/product\/3531","targetHints":{"allow":["GET"]}}],"collection":[{"href":"https:\/\/yournordichome.com\/ro\/wp-json\/wp\/v2\/product"}],"about":[{"href":"https:\/\/yournordichome.com\/ro\/wp-json\/wp\/v2\/types\/product"}],"replies":[{"embeddable":true,"href":"https:\/\/yournordichome.com\/ro\/wp-json\/wp\/v2\/comments?post=3531"}],"wp:featuredmedia":[{"embeddable":true,"href":"https:\/\/yournordichome.com\/ro\/wp-json\/wp\/v2\/media\/3474"}],"wp:attachment":[{"href":"https:\/\/yournordichome.com\/ro\/wp-json\/wp\/v2\/media?parent=3531"}],"wp:term":[{"taxonomy":"pwb-brand","embeddable":true,"href":"https:\/\/yournordichome.com\/ro\/wp-json\/wp\/v2\/pwb-brand?post=3531"},{"taxonomy":"product_brand","embeddable":true,"href":"https:\/\/yournordichome.com\/ro\/wp-json\/wp\/v2\/product_brand?post=3531"},{"taxonomy":"product_cat","embeddable":true,"href":"https:\/\/yournordichome.com\/ro\/wp-json\/wp\/v2\/product_cat?post=3531"},{"taxonomy":"product_tag","embeddable":true,"href":"https:\/\/yournordichome.com\/ro\/wp-json\/wp\/v2\/product_tag?post=3531"},{"taxonomy":"gyarto","embeddable":true,"href":"https:\/\/yournordichome.com\/ro\/wp-json\/wp\/v2\/gyarto?post=3531"}],"curies":[{"name":"wp","href":"https:\/\/api.w.org\/{rel}","templated":true}]}}