{"id":3527,"date":"2023-10-23T14:35:20","date_gmt":"2023-10-23T14:35:20","guid":{"rendered":"https:\/\/yournordichome.com\/product\/rug-nature-seagrass\/"},"modified":"2025-07-31T13:11:04","modified_gmt":"2025-07-31T13:11:04","slug":"covor-natura-seagrass","status":"publish","type":"product","link":"https:\/\/yournordichome.com\/ro\/product\/rug-nature-seagrass\/","title":{"rendered":"Covor, Natura, Seagrass"},"content":{"rendered":"<p><strong>Covor<\/strong> de Bloomingville realizat din iarb\u0103 de mare \u0219i coaj\u0103 de porumb lipite \u00eempreun\u0103 \u00eentr-un model simplu care variaz\u0103 \u00een culoare, f\u0103c\u00e2nd fiecare covor unic.<br \/>\nIarba de mare \u0219i coaja de porumb sunt materiale naturale care se potrivesc bine cu covoarele datorit\u0103 durabilit\u0103\u021bii lor. Un covor din aceste materiale confer\u0103 camerei o senza\u021bie confortabil\u0103, natural\u0103.<\/p>\n<p>Dimensiunile produsului: L260xW180 cm<br \/>\nCuloare: Natur\u0103<br \/>\nCompozi\u021bie: Iarb\u0103 de mare, coaj\u0103 de porumb<br \/>\nAlbire: Nu<br \/>\nCur\u0103\u021bare chimic\u0103: Nu<br \/>\nUmplere: Niciuna<br \/>\nC\u0103lcat: Niciuna<br \/>\nFinisaj produs: \u021aesut<br \/>\nInstruc\u021biuni de sp\u0103lare: Nu<br \/>\n\u021aesute manual \u0219i, prin urmare, dimensiunea \u0219i culoarea pot varia.<\/p>","protected":false},"excerpt":{"rendered":"<p>Covor cu dungi \u00een tonuri calde realizat din iarb\u0103 de mare \u0219i coji de porumb. Aceste materiale naturale sunt deosebit de durabile, astfel \u00eenc\u00e2t covoarele realizate din ele \u00ee\u0219i p\u0103streaz\u0103 frumuse\u021bea pentru o lung\u0103 perioad\u0103 de timp.<\/p>","protected":false},"featured_media":3488,"comment_status":"closed","ping_status":"closed","template":"","meta":{"_acf_changed":false,"_kad_post_transparent":"default","_kad_post_title":"","_kad_post_layout":"default","_kad_post_sidebar_id":"","_kad_post_content_style":"default","_kad_post_vertical_padding":"default","_kad_post_feature":"","_kad_post_feature_position":"","_kad_post_header":false,"_kad_post_footer":false,"_kad_post_classname":""},"pwb-brand":[17],"product_brand":[],"product_cat":[88,65],"product_tag":[82,398,397,34,396,80],"gyarto":[],"class_list":{"0":"post-3527","1":"product","2":"type-product","3":"status-publish","4":"has-post-thumbnail","6":"pwb-brand-bloomingville","7":"product_cat-rug","8":"product_cat-rugs-and-textiles","9":"product_tag-carpet","10":"product_tag-nordic-design","11":"product_tag-nordic-home","12":"product_tag-nordic-interior-design","13":"product_tag-nordic-style","14":"product_tag-nordic-style-rug","15":"pa_colour-nature","16":"pa_material-seagrass","18":"first","19":"instock","20":"taxable","21":"shipping-taxable","22":"purchasable","23":"product-type-simple","24":"entry","25":"content-bg","26":"loop-entry"},"acf":[],"brands":[{"id":17,"name":"Bloomingville","slug":"bloomingville"}],"_links":{"self":[{"href":"https:\/\/yournordichome.com\/ro\/wp-json\/wp\/v2\/product\/3527","targetHints":{"allow":["GET"]}}],"collection":[{"href":"https:\/\/yournordichome.com\/ro\/wp-json\/wp\/v2\/product"}],"about":[{"href":"https:\/\/yournordichome.com\/ro\/wp-json\/wp\/v2\/types\/product"}],"replies":[{"embeddable":true,"href":"https:\/\/yournordichome.com\/ro\/wp-json\/wp\/v2\/comments?post=3527"}],"wp:featuredmedia":[{"embeddable":true,"href":"https:\/\/yournordichome.com\/ro\/wp-json\/wp\/v2\/media\/3488"}],"wp:attachment":[{"href":"https:\/\/yournordichome.com\/ro\/wp-json\/wp\/v2\/media?parent=3527"}],"wp:term":[{"taxonomy":"pwb-brand","embeddable":true,"href":"https:\/\/yournordichome.com\/ro\/wp-json\/wp\/v2\/pwb-brand?post=3527"},{"taxonomy":"product_brand","embeddable":true,"href":"https:\/\/yournordichome.com\/ro\/wp-json\/wp\/v2\/product_brand?post=3527"},{"taxonomy":"product_cat","embeddable":true,"href":"https:\/\/yournordichome.com\/ro\/wp-json\/wp\/v2\/product_cat?post=3527"},{"taxonomy":"product_tag","embeddable":true,"href":"https:\/\/yournordichome.com\/ro\/wp-json\/wp\/v2\/product_tag?post=3527"},{"taxonomy":"gyarto","embeddable":true,"href":"https:\/\/yournordichome.com\/ro\/wp-json\/wp\/v2\/gyarto?post=3527"}],"curies":[{"name":"wp","href":"https:\/\/api.w.org\/{rel}","templated":true}]}}