{"id":3428,"date":"2023-10-22T10:11:27","date_gmt":"2023-10-22T10:11:27","guid":{"rendered":"https:\/\/yournordichome.com\/product\/mug-brown-stoneware\/"},"modified":"2025-07-31T13:18:40","modified_gmt":"2025-07-31T13:18:40","slug":"cana-din-gresie-maro","status":"publish","type":"product","link":"https:\/\/yournordichome.com\/ro\/product\/mug-brown-stoneware\/","title":{"rendered":"Can\u0103, Brown, Stoneware"},"content":{"rendered":"<p><strong>Can\u0103<\/strong> de Bloomingville's Creative Collection cu un model \u00eenc\u00e2nt\u0103tor de cerc maro. Cupa fermec\u0103toare adaug\u0103 o not\u0103 personal\u0103 setului dvs. de mas\u0103 \u0219i decorului de buc\u0103t\u0103rie. Fiecare pies\u0103 este unic\u0103 deoarece este decorat\u0103 manual.<\/p>\n<p>Dimensiunile produsului: D11xH9 cm<br \/>\nCon\u021binut: 420 ml<br \/>\nCuloare: maro<br \/>\nCompozi\u021bie: Gresie<br \/>\nSe spal\u0103 \u00een ma\u0219ina de sp\u0103lat vase: Da<br \/>\nAprobat pentru alimente: Da<br \/>\nSigur la microunde: Da<br \/>\nSigur pentru cuptor: Da<br \/>\nFiecare pies\u0103 este unic\u0103, deoarece este decorat\u0103 manual.<\/p>","protected":false},"excerpt":{"rendered":"<p>Can\u0103 cu model maro pictat manual, realizat\u0103 din gresie.<\/p>","protected":false},"featured_media":3421,"comment_status":"closed","ping_status":"closed","template":"","meta":{"_acf_changed":false,"_kad_post_transparent":"default","_kad_post_title":"","_kad_post_layout":"default","_kad_post_sidebar_id":"","_kad_post_content_style":"default","_kad_post_vertical_padding":"default","_kad_post_feature":"","_kad_post_feature_position":"","_kad_post_header":false,"_kad_post_footer":false,"_kad_post_classname":""},"pwb-brand":[17],"product_brand":[],"product_cat":[36,53],"product_tag":[459,334,351,293],"gyarto":[],"class_list":{"0":"post-3428","1":"product","2":"type-product","3":"status-publish","4":"has-post-thumbnail","6":"pwb-brand-bloomingville","7":"product_cat-kitchen-and-dining","8":"product_cat-tableware","9":"product_tag-mug","10":"product_tag-new-arrivals","11":"product_tag-nordic-kitchen","12":"product_tag-nordic-tableware","13":"pa_colour-brown","14":"pa_material-stoneware","16":"first","17":"instock","18":"taxable","19":"shipping-taxable","20":"purchasable","21":"product-type-simple","22":"entry","23":"content-bg","24":"loop-entry"},"acf":[],"brands":[{"id":17,"name":"Bloomingville","slug":"bloomingville"}],"_links":{"self":[{"href":"https:\/\/yournordichome.com\/ro\/wp-json\/wp\/v2\/product\/3428","targetHints":{"allow":["GET"]}}],"collection":[{"href":"https:\/\/yournordichome.com\/ro\/wp-json\/wp\/v2\/product"}],"about":[{"href":"https:\/\/yournordichome.com\/ro\/wp-json\/wp\/v2\/types\/product"}],"replies":[{"embeddable":true,"href":"https:\/\/yournordichome.com\/ro\/wp-json\/wp\/v2\/comments?post=3428"}],"wp:featuredmedia":[{"embeddable":true,"href":"https:\/\/yournordichome.com\/ro\/wp-json\/wp\/v2\/media\/3421"}],"wp:attachment":[{"href":"https:\/\/yournordichome.com\/ro\/wp-json\/wp\/v2\/media?parent=3428"}],"wp:term":[{"taxonomy":"pwb-brand","embeddable":true,"href":"https:\/\/yournordichome.com\/ro\/wp-json\/wp\/v2\/pwb-brand?post=3428"},{"taxonomy":"product_brand","embeddable":true,"href":"https:\/\/yournordichome.com\/ro\/wp-json\/wp\/v2\/product_brand?post=3428"},{"taxonomy":"product_cat","embeddable":true,"href":"https:\/\/yournordichome.com\/ro\/wp-json\/wp\/v2\/product_cat?post=3428"},{"taxonomy":"product_tag","embeddable":true,"href":"https:\/\/yournordichome.com\/ro\/wp-json\/wp\/v2\/product_tag?post=3428"},{"taxonomy":"gyarto","embeddable":true,"href":"https:\/\/yournordichome.com\/ro\/wp-json\/wp\/v2\/gyarto?post=3428"}],"curies":[{"name":"wp","href":"https:\/\/api.w.org\/{rel}","templated":true}]}}