{"id":2953,"date":"2023-08-16T15:23:26","date_gmt":"2023-08-16T15:23:26","guid":{"rendered":"https:\/\/yournordichome.com\/product\/coffee-table-round-nature-wood-o60-cm\/"},"modified":"2025-07-31T13:48:33","modified_gmt":"2025-07-31T13:48:33","slug":"masa-de-cafea-rotunda-din-lemn-natural-o60-cm","status":"publish","type":"product","link":"https:\/\/yournordichome.com\/ro\/product\/coffee-table-round-nature-wood-o60-cm\/","title":{"rendered":"Mas\u0103 de cafea - rotund\u0103 din lemn natural \u00d860 cm"},"content":{"rendered":"<p>M\u0103su\u021b\u0103 de cafea rotund\u0103 realizat\u0103 din lemn \u00een culori naturale. Blatul mesei este realizat din furnir de stejar cu un model cool, iar picioarele mesei sunt rotunjite pentru o expresie suav\u0103. M\u0103su\u021ba de cafea adaug\u0103 o not\u0103 de stil nordic casei dvs. \u0219i este perfect\u0103 pentru momentele confortabile de pe canapea.<\/p>\n<p>Dimensiunile produsului: D60xH50 cm<br \/>\nCuloare: Natur\u0103<br \/>\nCompozi\u021bie: Lemn de cauciuc, MDF, furnir de stejar<br \/>\nInstruc\u021biuni de \u00eengrijire: Cur\u0103\u021ba\u021bi cu o c\u00e2rp\u0103 umed\u0103<br \/>\nCapacitate maxim\u0103 de greutate: 30 kg<\/p>","protected":false},"excerpt":{"rendered":"<p>M\u0103su\u021b\u0103 de cafea cu design elegant \u0219i simplu, fabricat\u0103 din lemn de cauciuc.<\/p>","protected":false},"featured_media":2885,"comment_status":"closed","ping_status":"closed","template":"","meta":{"_acf_changed":false,"_kad_post_transparent":"default","_kad_post_title":"","_kad_post_layout":"default","_kad_post_sidebar_id":"","_kad_post_content_style":"default","_kad_post_vertical_padding":"default","_kad_post_feature":"","_kad_post_feature_position":"","_kad_post_header":false,"_kad_post_footer":false,"_kad_post_classname":""},"pwb-brand":[17],"product_brand":[],"product_cat":[341,157],"product_tag":[398,397,34,396,433],"gyarto":[],"class_list":{"0":"post-2953","1":"product","2":"type-product","3":"status-publish","4":"has-post-thumbnail","6":"pwb-brand-bloomingville","7":"product_cat-side-table","8":"product_cat-table","9":"product_tag-nordic-design","10":"product_tag-nordic-home","11":"product_tag-nordic-interior-design","12":"product_tag-nordic-style","13":"product_tag-round-coffee-table","14":"pa_colour-nature","15":"pa_material-rubberwood","17":"first","18":"instock","19":"taxable","20":"shipping-taxable","21":"purchasable","22":"product-type-simple","23":"entry","24":"content-bg","25":"loop-entry"},"acf":[],"brands":[{"id":17,"name":"Bloomingville","slug":"bloomingville"}],"_links":{"self":[{"href":"https:\/\/yournordichome.com\/ro\/wp-json\/wp\/v2\/product\/2953","targetHints":{"allow":["GET"]}}],"collection":[{"href":"https:\/\/yournordichome.com\/ro\/wp-json\/wp\/v2\/product"}],"about":[{"href":"https:\/\/yournordichome.com\/ro\/wp-json\/wp\/v2\/types\/product"}],"replies":[{"embeddable":true,"href":"https:\/\/yournordichome.com\/ro\/wp-json\/wp\/v2\/comments?post=2953"}],"wp:featuredmedia":[{"embeddable":true,"href":"https:\/\/yournordichome.com\/ro\/wp-json\/wp\/v2\/media\/2885"}],"wp:attachment":[{"href":"https:\/\/yournordichome.com\/ro\/wp-json\/wp\/v2\/media?parent=2953"}],"wp:term":[{"taxonomy":"pwb-brand","embeddable":true,"href":"https:\/\/yournordichome.com\/ro\/wp-json\/wp\/v2\/pwb-brand?post=2953"},{"taxonomy":"product_brand","embeddable":true,"href":"https:\/\/yournordichome.com\/ro\/wp-json\/wp\/v2\/product_brand?post=2953"},{"taxonomy":"product_cat","embeddable":true,"href":"https:\/\/yournordichome.com\/ro\/wp-json\/wp\/v2\/product_cat?post=2953"},{"taxonomy":"product_tag","embeddable":true,"href":"https:\/\/yournordichome.com\/ro\/wp-json\/wp\/v2\/product_tag?post=2953"},{"taxonomy":"gyarto","embeddable":true,"href":"https:\/\/yournordichome.com\/ro\/wp-json\/wp\/v2\/gyarto?post=2953"}],"curies":[{"name":"wp","href":"https:\/\/api.w.org\/{rel}","templated":true}]}}