{"id":2948,"date":"2023-08-16T15:23:19","date_gmt":"2023-08-16T15:23:19","guid":{"rendered":"https:\/\/yournordichome.com\/product\/lounge-chair-brown\/"},"modified":"2025-07-15T16:17:24","modified_gmt":"2025-07-15T16:17:24","slug":"scaun-lounge-maro","status":"publish","type":"product","link":"https:\/\/yournordichome.com\/ro\/product\/lounge-chair-brown\/","title":{"rendered":"Scaun lounge maro"},"content":{"rendered":"<p>Fotoliu lounge de culoare maro, cu picioare metalice sub\u021biri care confer\u0103 scaunului un design modern \u0219i elegant. Acest fotoliu lounge va fi alegerea perfect\u0103 pentru a crea o atmosfer\u0103 confortabil\u0103 \u00een orice camer\u0103 din casa dvs. unde v\u0103 pute\u021bi relaxa.<\/p>\n<p>Dimensiunile produsului: L78xH71xW76 cm<br \/>\n\u00cen\u0103l\u021bimea scaunului: 40 cm<br \/>\nAd\u00e2ncimea scaunului: 52 cm<br \/>\n\u00cen\u0103l\u021bimea bra\u021bului: 71 cm<br \/>\n\u00cen\u0103l\u021bimea picioarelor: 19 cm<br \/>\nCuloare: maro<br \/>\nCompozi\u021bie: Poliester, lemn de fag, fier<br \/>\nInstruc\u021biuni de \u00eengrijire: Cur\u0103\u021bare la fa\u021ba locului \u0219i aspirare<br \/>\nCompozi\u021bia \u021bes\u0103turii: 100% poliester<br \/>\nDurabilitatea \u021bes\u0103turii (Martindale): 40.000<br \/>\nCapacitate maxim\u0103 de greutate: 150 kg<br \/>\nUtilizare \u00een exterior: Nu<\/p>","protected":false},"excerpt":{"rendered":"<p>Scaun de relaxare fabricat din \u021bes\u0103tur\u0103 de poliester moale \u0219i pufoas\u0103, cu o pern\u0103 mic\u0103 care ofer\u0103 suport suplimentar pentru spate.<\/p>","protected":false},"featured_media":2822,"comment_status":"closed","ping_status":"closed","template":"","meta":{"_acf_changed":false,"_kad_post_transparent":"default","_kad_post_title":"","_kad_post_layout":"default","_kad_post_sidebar_id":"","_kad_post_content_style":"default","_kad_post_vertical_padding":"default","_kad_post_feature":"","_kad_post_feature_position":"","_kad_post_header":false,"_kad_post_footer":false,"_kad_post_classname":""},"pwb-brand":[17],"product_brand":[],"product_cat":[152,153],"product_tag":[398,397,34,396],"gyarto":[],"class_list":{"0":"post-2948","1":"product","2":"type-product","3":"status-publish","4":"has-post-thumbnail","6":"pwb-brand-bloomingville","7":"product_cat-chair","8":"product_cat-lounge-chair","9":"product_tag-nordic-design","10":"product_tag-nordic-home","11":"product_tag-nordic-interior-design","12":"product_tag-nordic-style","13":"pa_colour-brown","14":"pa_material-polyester","16":"first","17":"outofstock","18":"taxable","19":"shipping-taxable","20":"purchasable","21":"product-type-simple","22":"entry","23":"content-bg","24":"loop-entry"},"acf":[],"brands":[{"id":17,"name":"Bloomingville","slug":"bloomingville"}],"_links":{"self":[{"href":"https:\/\/yournordichome.com\/ro\/wp-json\/wp\/v2\/product\/2948","targetHints":{"allow":["GET"]}}],"collection":[{"href":"https:\/\/yournordichome.com\/ro\/wp-json\/wp\/v2\/product"}],"about":[{"href":"https:\/\/yournordichome.com\/ro\/wp-json\/wp\/v2\/types\/product"}],"replies":[{"embeddable":true,"href":"https:\/\/yournordichome.com\/ro\/wp-json\/wp\/v2\/comments?post=2948"}],"wp:featuredmedia":[{"embeddable":true,"href":"https:\/\/yournordichome.com\/ro\/wp-json\/wp\/v2\/media\/2822"}],"wp:attachment":[{"href":"https:\/\/yournordichome.com\/ro\/wp-json\/wp\/v2\/media?parent=2948"}],"wp:term":[{"taxonomy":"pwb-brand","embeddable":true,"href":"https:\/\/yournordichome.com\/ro\/wp-json\/wp\/v2\/pwb-brand?post=2948"},{"taxonomy":"product_brand","embeddable":true,"href":"https:\/\/yournordichome.com\/ro\/wp-json\/wp\/v2\/product_brand?post=2948"},{"taxonomy":"product_cat","embeddable":true,"href":"https:\/\/yournordichome.com\/ro\/wp-json\/wp\/v2\/product_cat?post=2948"},{"taxonomy":"product_tag","embeddable":true,"href":"https:\/\/yournordichome.com\/ro\/wp-json\/wp\/v2\/product_tag?post=2948"},{"taxonomy":"gyarto","embeddable":true,"href":"https:\/\/yournordichome.com\/ro\/wp-json\/wp\/v2\/gyarto?post=2948"}],"curies":[{"name":"wp","href":"https:\/\/api.w.org\/{rel}","templated":true}]}}