{"id":2947,"date":"2023-08-16T15:23:19","date_gmt":"2023-08-16T15:23:19","guid":{"rendered":"https:\/\/yournordichome.com\/product\/wall-decor-bamboo-nature\/"},"modified":"2025-07-31T13:55:51","modified_gmt":"2025-07-31T13:55:51","slug":"decor-de-perete-bambus-natura","status":"publish","type":"product","link":"https:\/\/yournordichome.com\/ro\/product\/wall-decor-bamboo-nature\/","title":{"rendered":"Decor de perete bambus natura"},"content":{"rendered":"<p>Decor de perete realizat din bambus \u00eentr-o culoare deschis\u0103 natural\u0103. A\u0219eza\u021bi ventilatorul pe un perete din camera de zi, deasupra patului sau \u00een orice alt\u0103 camer\u0103 \u00een care dori\u021bi s\u0103 ad\u0103uga\u021bi un element interesant \u0219i elegant decorului dvs.<\/p>\n<p>Dimensiunile produsului: L150xH77 cm<br \/>\nCuloare: Natur\u0103<br \/>\nCompozi\u021bie: Bambus<\/p>","protected":false},"excerpt":{"rendered":"<p>Decora\u021biune unic\u0103 realizat\u0103 din bambus \u0219i bumbac \u00een nuan\u021be deschise. Aceast\u0103 decora\u021biune de perete va ad\u0103uga o not\u0103 natural\u0103 \u0219i confortabil\u0103 oric\u0103rei \u00eenc\u0103peri din casa dvs.<\/p>","protected":false},"featured_media":2846,"comment_status":"closed","ping_status":"closed","template":"","meta":{"_acf_changed":false,"_kad_post_transparent":"default","_kad_post_title":"","_kad_post_layout":"default","_kad_post_sidebar_id":"","_kad_post_content_style":"default","_kad_post_vertical_padding":"default","_kad_post_feature":"","_kad_post_feature_position":"","_kad_post_header":false,"_kad_post_footer":false,"_kad_post_classname":""},"pwb-brand":[17],"product_brand":[],"product_cat":[123,23],"product_tag":[398,397,34,396],"gyarto":[],"class_list":{"0":"post-2947","1":"product","2":"type-product","3":"status-publish","4":"has-post-thumbnail","6":"pwb-brand-bloomingville","7":"product_cat-decorative-accessories","8":"product_cat-home-decor","9":"product_tag-nordic-design","10":"product_tag-nordic-home","11":"product_tag-nordic-interior-design","12":"product_tag-nordic-style","13":"pa_colour-nature","14":"pa_material-bamboo","16":"first","17":"instock","18":"taxable","19":"shipping-taxable","20":"purchasable","21":"product-type-simple","22":"entry","23":"content-bg","24":"loop-entry"},"acf":[],"brands":[{"id":17,"name":"Bloomingville","slug":"bloomingville"}],"_links":{"self":[{"href":"https:\/\/yournordichome.com\/ro\/wp-json\/wp\/v2\/product\/2947","targetHints":{"allow":["GET"]}}],"collection":[{"href":"https:\/\/yournordichome.com\/ro\/wp-json\/wp\/v2\/product"}],"about":[{"href":"https:\/\/yournordichome.com\/ro\/wp-json\/wp\/v2\/types\/product"}],"replies":[{"embeddable":true,"href":"https:\/\/yournordichome.com\/ro\/wp-json\/wp\/v2\/comments?post=2947"}],"wp:featuredmedia":[{"embeddable":true,"href":"https:\/\/yournordichome.com\/ro\/wp-json\/wp\/v2\/media\/2846"}],"wp:attachment":[{"href":"https:\/\/yournordichome.com\/ro\/wp-json\/wp\/v2\/media?parent=2947"}],"wp:term":[{"taxonomy":"pwb-brand","embeddable":true,"href":"https:\/\/yournordichome.com\/ro\/wp-json\/wp\/v2\/pwb-brand?post=2947"},{"taxonomy":"product_brand","embeddable":true,"href":"https:\/\/yournordichome.com\/ro\/wp-json\/wp\/v2\/product_brand?post=2947"},{"taxonomy":"product_cat","embeddable":true,"href":"https:\/\/yournordichome.com\/ro\/wp-json\/wp\/v2\/product_cat?post=2947"},{"taxonomy":"product_tag","embeddable":true,"href":"https:\/\/yournordichome.com\/ro\/wp-json\/wp\/v2\/product_tag?post=2947"},{"taxonomy":"gyarto","embeddable":true,"href":"https:\/\/yournordichome.com\/ro\/wp-json\/wp\/v2\/gyarto?post=2947"}],"curies":[{"name":"wp","href":"https:\/\/api.w.org\/{rel}","templated":true}]}}