{"id":2945,"date":"2023-08-16T15:23:19","date_gmt":"2023-08-16T15:23:19","guid":{"rendered":"https:\/\/yournordichome.com\/product\/cotton-rug-nature-150x210-cm\/"},"modified":"2025-07-31T13:56:04","modified_gmt":"2025-07-31T13:56:04","slug":"covor-din-bumbac-nature-150x210-cm","status":"publish","type":"product","link":"https:\/\/yournordichome.com\/ro\/product\/cotton-rug-nature-150x210-cm\/","title":{"rendered":"Covor din bumbac natural 150\u00d7210 cm"},"content":{"rendered":"<p>Covor din bumbac \u00een culoare natural\u0103. Culoarea calm\u0103 a covorului creeaz\u0103 o atmosfer\u0103 confortabil\u0103 \u00een cas\u0103. Covorul dreptunghiular se potrive\u0219te perfect \u00een camera de zi \u0219i este un accesoriu elegant \u0219i practic pentru decorul dvs.<\/p>\n<p>Dimensiunile produsului: L210xW150 cm<br \/>\nCuloare: Natur\u0103<br \/>\nCompozi\u021bie: 95% Bumbac, 5% Alte fibre<br \/>\nAlbire: Nu<br \/>\nCuloare finisaj: Yarn Dyed<br \/>\nCur\u0103\u021bare chimic\u0103: Da<br \/>\nFinisaj produs: Tufted<br \/>\nInstruc\u021biuni de sp\u0103lare: Cur\u0103\u021bare doar la fa\u021ba locului<\/p>","protected":false},"excerpt":{"rendered":"<p>Covor \u021besut manual din bumbac, care prezint\u0103 un model tufted frumos \u00een culori naturale, de p\u0103m\u00e2nt.<\/p>","protected":false},"featured_media":2798,"comment_status":"closed","ping_status":"closed","template":"","meta":{"_acf_changed":false,"_kad_post_transparent":"default","_kad_post_title":"","_kad_post_layout":"default","_kad_post_sidebar_id":"","_kad_post_content_style":"default","_kad_post_vertical_padding":"default","_kad_post_feature":"","_kad_post_feature_position":"","_kad_post_header":false,"_kad_post_footer":false,"_kad_post_classname":""},"pwb-brand":[17],"product_brand":[],"product_cat":[88,65],"product_tag":[79,398,397,34,396],"gyarto":[],"class_list":{"0":"post-2945","1":"product","2":"type-product","3":"status-publish","4":"has-post-thumbnail","6":"pwb-brand-bloomingville","7":"product_cat-rug","8":"product_cat-rugs-and-textiles","9":"product_tag-cotton-rug","10":"product_tag-nordic-design","11":"product_tag-nordic-home","12":"product_tag-nordic-interior-design","13":"product_tag-nordic-style","14":"pa_colour-nature","15":"pa_material-cotton","17":"first","18":"instock","19":"taxable","20":"shipping-taxable","21":"purchasable","22":"product-type-simple","23":"entry","24":"content-bg","25":"loop-entry"},"acf":[],"brands":[{"id":17,"name":"Bloomingville","slug":"bloomingville"}],"_links":{"self":[{"href":"https:\/\/yournordichome.com\/ro\/wp-json\/wp\/v2\/product\/2945","targetHints":{"allow":["GET"]}}],"collection":[{"href":"https:\/\/yournordichome.com\/ro\/wp-json\/wp\/v2\/product"}],"about":[{"href":"https:\/\/yournordichome.com\/ro\/wp-json\/wp\/v2\/types\/product"}],"replies":[{"embeddable":true,"href":"https:\/\/yournordichome.com\/ro\/wp-json\/wp\/v2\/comments?post=2945"}],"wp:featuredmedia":[{"embeddable":true,"href":"https:\/\/yournordichome.com\/ro\/wp-json\/wp\/v2\/media\/2798"}],"wp:attachment":[{"href":"https:\/\/yournordichome.com\/ro\/wp-json\/wp\/v2\/media?parent=2945"}],"wp:term":[{"taxonomy":"pwb-brand","embeddable":true,"href":"https:\/\/yournordichome.com\/ro\/wp-json\/wp\/v2\/pwb-brand?post=2945"},{"taxonomy":"product_brand","embeddable":true,"href":"https:\/\/yournordichome.com\/ro\/wp-json\/wp\/v2\/product_brand?post=2945"},{"taxonomy":"product_cat","embeddable":true,"href":"https:\/\/yournordichome.com\/ro\/wp-json\/wp\/v2\/product_cat?post=2945"},{"taxonomy":"product_tag","embeddable":true,"href":"https:\/\/yournordichome.com\/ro\/wp-json\/wp\/v2\/product_tag?post=2945"},{"taxonomy":"gyarto","embeddable":true,"href":"https:\/\/yournordichome.com\/ro\/wp-json\/wp\/v2\/gyarto?post=2945"}],"curies":[{"name":"wp","href":"https:\/\/api.w.org\/{rel}","templated":true}]}}