{"id":2751,"date":"2023-06-18T14:55:39","date_gmt":"2023-06-18T14:55:39","guid":{"rendered":"https:\/\/yournordichome.com\/product\/green-cotton-blanket-130-x-170-cm\/"},"modified":"2026-01-04T16:10:02","modified_gmt":"2026-01-04T16:10:02","slug":"patura-verde-din-bumbac-130-x-170-cm","status":"publish","type":"product","link":"https:\/\/yournordichome.com\/ro\/product\/green-cotton-blanket-130-x-170-cm\/","title":{"rendered":"P\u0103tur\u0103 verde din bumbac 130 x 170 cm"},"content":{"rendered":"<p>P\u0103tur\u0103 verde din bumbac cu o nuan\u021b\u0103 subtil\u0103 care se potrive\u0219te bine \u00een casele \u00een stil nordic.<\/p>\n<p>\u00centinde\u021bi-o pe marginea canapelei, lua\u021bi-o cu dvs. pe teras\u0103. Decorativ \u0219i moale, pl\u0103cut la atingere.<\/p>\n<p>Dimensiunile produsului: L170xW130 cm<br \/>\nCuloare: Verde<br \/>\nCompozi\u021bie: Bumbac, v\u00e2scoz\u0103<br \/>\nInstruc\u021biuni de sp\u0103lare: Se spal\u0103 la ma\u0219in\u0103 la 30 de grade<\/p>","protected":false},"excerpt":{"rendered":"<p>P\u0103tur\u0103 verde din bumbac \u00een culori pastelate, cu un model fin.<\/p>","protected":false},"featured_media":2670,"comment_status":"closed","ping_status":"closed","template":"","meta":{"_acf_changed":false,"_kad_post_transparent":"default","_kad_post_title":"","_kad_post_layout":"default","_kad_post_sidebar_id":"","_kad_post_content_style":"default","_kad_post_vertical_padding":"default","_kad_post_feature":"","_kad_post_feature_position":"","_kad_post_header":false,"_kad_post_footer":false,"_kad_post_classname":""},"pwb-brand":[19],"product_brand":[],"product_cat":[66,65],"product_tag":[67,34,376],"gyarto":[],"class_list":{"0":"post-2751","1":"product","2":"type-product","3":"status-publish","4":"has-post-thumbnail","6":"pwb-brand-chic-antique","7":"product_cat-blanket","8":"product_cat-rugs-and-textiles","9":"product_tag-cotton-blanket","10":"product_tag-nordic-interior-design","11":"product_tag-throw","12":"pa_colour-green","13":"pa_material-cotton","15":"first","16":"instock","17":"taxable","18":"shipping-taxable","19":"purchasable","20":"product-type-simple","21":"entry","22":"content-bg","23":"loop-entry"},"acf":[],"brands":[{"id":19,"name":"Chic Antique","slug":"chic-antic"}],"_links":{"self":[{"href":"https:\/\/yournordichome.com\/ro\/wp-json\/wp\/v2\/product\/2751","targetHints":{"allow":["GET"]}}],"collection":[{"href":"https:\/\/yournordichome.com\/ro\/wp-json\/wp\/v2\/product"}],"about":[{"href":"https:\/\/yournordichome.com\/ro\/wp-json\/wp\/v2\/types\/product"}],"replies":[{"embeddable":true,"href":"https:\/\/yournordichome.com\/ro\/wp-json\/wp\/v2\/comments?post=2751"}],"wp:featuredmedia":[{"embeddable":true,"href":"https:\/\/yournordichome.com\/ro\/wp-json\/wp\/v2\/media\/2670"}],"wp:attachment":[{"href":"https:\/\/yournordichome.com\/ro\/wp-json\/wp\/v2\/media?parent=2751"}],"wp:term":[{"taxonomy":"pwb-brand","embeddable":true,"href":"https:\/\/yournordichome.com\/ro\/wp-json\/wp\/v2\/pwb-brand?post=2751"},{"taxonomy":"product_brand","embeddable":true,"href":"https:\/\/yournordichome.com\/ro\/wp-json\/wp\/v2\/product_brand?post=2751"},{"taxonomy":"product_cat","embeddable":true,"href":"https:\/\/yournordichome.com\/ro\/wp-json\/wp\/v2\/product_cat?post=2751"},{"taxonomy":"product_tag","embeddable":true,"href":"https:\/\/yournordichome.com\/ro\/wp-json\/wp\/v2\/product_tag?post=2751"},{"taxonomy":"gyarto","embeddable":true,"href":"https:\/\/yournordichome.com\/ro\/wp-json\/wp\/v2\/gyarto?post=2751"}],"curies":[{"name":"wp","href":"https:\/\/api.w.org\/{rel}","templated":true}]}}