{"id":2730,"date":"2023-06-18T14:55:30","date_gmt":"2023-06-18T14:55:30","guid":{"rendered":"https:\/\/yournordichome.com\/product\/clock-rustic-reclaimed-wood\/"},"modified":"2025-07-31T14:11:34","modified_gmt":"2025-07-31T14:11:34","slug":"ceas-rustic-lemn-recuperat","status":"publish","type":"product","link":"https:\/\/yournordichome.com\/ro\/product\/clock-rustic-reclaimed-wood\/","title":{"rendered":"Ceas - rustic - lemn recuperat"},"content":{"rendered":"<p>Ceas cu design rustic realizat din lemn recuperat. Ceasul este amuzant, energic \u0219i atrage privirile. Arat\u0103 un bun gust necondi\u021bionat \u0219i o con\u0219tientizare progresiv\u0103 a mediului \u00eenconjur\u0103tor.<\/p>\n<p>Dimensiunile produsului: L30xH2,5xW30 cm<br \/>\nCuloare: maro<br \/>\nCompozi\u021bie: Lemn recuperat, sticl\u0103, MDF<br \/>\nDimensiunea \u0219i culoarea pot varia, deoarece este fabricat din materiale refolosite.<\/p>","protected":false},"excerpt":{"rendered":"<p>Ceas de perete care este o frumoas\u0103 bucat\u0103 de lemn rustic. Fiecare pies\u0103 va avea propria sa textur\u0103, senza\u021bie \u0219i poveste, care este frumuse\u021bea acestui produs.<\/p>","protected":false},"featured_media":2668,"comment_status":"closed","ping_status":"closed","template":"","meta":{"_acf_changed":false,"_kad_post_transparent":"default","_kad_post_title":"","_kad_post_layout":"default","_kad_post_sidebar_id":"","_kad_post_content_style":"default","_kad_post_vertical_padding":"default","_kad_post_feature":"","_kad_post_feature_position":"","_kad_post_header":false,"_kad_post_footer":false,"_kad_post_classname":""},"pwb-brand":[17],"product_brand":[],"product_cat":[123,23],"product_tag":[1058,318],"gyarto":[],"class_list":{"0":"post-2730","1":"product","2":"type-product","3":"status-publish","4":"has-post-thumbnail","6":"pwb-brand-bloomingville","7":"product_cat-decorative-accessories","8":"product_cat-home-decor","9":"product_tag-new-year-sale","10":"product_tag-reclaimed-wood-furniture","11":"pa_colour-brown","12":"pa_material-reclaimed-wood","14":"first","15":"instock","16":"taxable","17":"shipping-taxable","18":"purchasable","19":"product-type-simple","20":"entry","21":"content-bg","22":"loop-entry"},"acf":[],"brands":[{"id":17,"name":"Bloomingville","slug":"bloomingville"}],"_links":{"self":[{"href":"https:\/\/yournordichome.com\/ro\/wp-json\/wp\/v2\/product\/2730","targetHints":{"allow":["GET"]}}],"collection":[{"href":"https:\/\/yournordichome.com\/ro\/wp-json\/wp\/v2\/product"}],"about":[{"href":"https:\/\/yournordichome.com\/ro\/wp-json\/wp\/v2\/types\/product"}],"replies":[{"embeddable":true,"href":"https:\/\/yournordichome.com\/ro\/wp-json\/wp\/v2\/comments?post=2730"}],"wp:featuredmedia":[{"embeddable":true,"href":"https:\/\/yournordichome.com\/ro\/wp-json\/wp\/v2\/media\/2668"}],"wp:attachment":[{"href":"https:\/\/yournordichome.com\/ro\/wp-json\/wp\/v2\/media?parent=2730"}],"wp:term":[{"taxonomy":"pwb-brand","embeddable":true,"href":"https:\/\/yournordichome.com\/ro\/wp-json\/wp\/v2\/pwb-brand?post=2730"},{"taxonomy":"product_brand","embeddable":true,"href":"https:\/\/yournordichome.com\/ro\/wp-json\/wp\/v2\/product_brand?post=2730"},{"taxonomy":"product_cat","embeddable":true,"href":"https:\/\/yournordichome.com\/ro\/wp-json\/wp\/v2\/product_cat?post=2730"},{"taxonomy":"product_tag","embeddable":true,"href":"https:\/\/yournordichome.com\/ro\/wp-json\/wp\/v2\/product_tag?post=2730"},{"taxonomy":"gyarto","embeddable":true,"href":"https:\/\/yournordichome.com\/ro\/wp-json\/wp\/v2\/gyarto?post=2730"}],"curies":[{"name":"wp","href":"https:\/\/api.w.org\/{rel}","templated":true}]}}