{"id":2626,"date":"2023-06-18T10:06:03","date_gmt":"2023-06-18T10:06:03","guid":{"rendered":"https:\/\/yournordichome.com\/product\/floor-lamp-stoneware-nature\/"},"modified":"2025-07-31T14:28:18","modified_gmt":"2025-07-31T14:28:18","slug":"lampa-de-podea-din-gresie-natura","status":"publish","type":"product","link":"https:\/\/yournordichome.com\/ro\/product\/floor-lamp-stoneware-nature\/","title":{"rendered":"Lamp\u0103 de podea - gresie - natur\u0103"},"content":{"rendered":"<p>Lamp\u0103 de podea din gresie cu un design natural pentru casa dvs. nordic\u0103.<\/p>\n<p>Dimensiunile produsului: D24xH110 cm<br \/>\nDimensiunea umbrei: \u00df24xH65 cm<br \/>\nCuloare: Natur\u0103<br \/>\nMaterial: Gresie<br \/>\nDimensiunea becului: E27<br \/>\nTipul becului: LED sau economizor de energie (CFL)<br \/>\nPuterea maxim\u0103 a becului: Incandescent: 40W \/ LED: 6W \/ CFL: 9W<br \/>\nBecul nu este inclus.<br \/>\nInstruc\u021biuni de \u00eengrijire: Cur\u0103\u021ba\u021bi cu o c\u00e2rp\u0103 umed\u0103.<br \/>\nCuloarea cordonului: Transparent<br \/>\nLungimea cablului: 250 cm<br \/>\nMaterial cablu: Plastic<br \/>\nUtilizare \u00een exterior: Nu<br \/>\nComutator: Pe cablu<\/p>","protected":false},"excerpt":{"rendered":"<p>Lamp\u0103 de podea cu o baz\u0103 din gresie cu un model frumos structurat \u0219i un abajur realizat din bumbac. L\u0103sa\u021bi lampa de podea s\u0103 lumineze col\u021burile \u00eentunecate ale casei \u0219i s\u0103 aduc\u0103 o atmosfer\u0103 confortabil\u0103.<\/p>","protected":false},"featured_media":2583,"comment_status":"closed","ping_status":"closed","template":"","meta":{"_acf_changed":false,"_kad_post_transparent":"default","_kad_post_title":"","_kad_post_layout":"default","_kad_post_sidebar_id":"","_kad_post_content_style":"default","_kad_post_vertical_padding":"default","_kad_post_feature":"","_kad_post_feature_position":"","_kad_post_header":false,"_kad_post_footer":false,"_kad_post_classname":""},"pwb-brand":[17],"product_brand":[],"product_cat":[176,72],"product_tag":[285,34,117],"gyarto":[],"class_list":{"0":"post-2626","1":"product","2":"type-product","3":"status-publish","4":"has-post-thumbnail","6":"pwb-brand-bloomingville","7":"product_cat-floor-lamp","8":"product_cat-lamp","9":"product_tag-minimalist-furniture","10":"product_tag-nordic-interior-design","11":"product_tag-nordic-lamp","12":"pa_colour-nature","13":"pa_material-stoneware","15":"first","16":"instock","17":"taxable","18":"shipping-taxable","19":"purchasable","20":"product-type-simple","21":"entry","22":"content-bg","23":"loop-entry"},"acf":[],"brands":[{"id":17,"name":"Bloomingville","slug":"bloomingville"}],"_links":{"self":[{"href":"https:\/\/yournordichome.com\/ro\/wp-json\/wp\/v2\/product\/2626","targetHints":{"allow":["GET"]}}],"collection":[{"href":"https:\/\/yournordichome.com\/ro\/wp-json\/wp\/v2\/product"}],"about":[{"href":"https:\/\/yournordichome.com\/ro\/wp-json\/wp\/v2\/types\/product"}],"replies":[{"embeddable":true,"href":"https:\/\/yournordichome.com\/ro\/wp-json\/wp\/v2\/comments?post=2626"}],"wp:featuredmedia":[{"embeddable":true,"href":"https:\/\/yournordichome.com\/ro\/wp-json\/wp\/v2\/media\/2583"}],"wp:attachment":[{"href":"https:\/\/yournordichome.com\/ro\/wp-json\/wp\/v2\/media?parent=2626"}],"wp:term":[{"taxonomy":"pwb-brand","embeddable":true,"href":"https:\/\/yournordichome.com\/ro\/wp-json\/wp\/v2\/pwb-brand?post=2626"},{"taxonomy":"product_brand","embeddable":true,"href":"https:\/\/yournordichome.com\/ro\/wp-json\/wp\/v2\/product_brand?post=2626"},{"taxonomy":"product_cat","embeddable":true,"href":"https:\/\/yournordichome.com\/ro\/wp-json\/wp\/v2\/product_cat?post=2626"},{"taxonomy":"product_tag","embeddable":true,"href":"https:\/\/yournordichome.com\/ro\/wp-json\/wp\/v2\/product_tag?post=2626"},{"taxonomy":"gyarto","embeddable":true,"href":"https:\/\/yournordichome.com\/ro\/wp-json\/wp\/v2\/gyarto?post=2626"}],"curies":[{"name":"wp","href":"https:\/\/api.w.org\/{rel}","templated":true}]}}