{"id":2622,"date":"2023-06-18T10:06:03","date_gmt":"2023-06-18T10:06:03","guid":{"rendered":"https:\/\/yournordichome.com\/product\/brown-pedestal-mango\/"},"modified":"2025-11-07T10:52:28","modified_gmt":"2025-11-07T10:52:28","slug":"maro-piedestal-mango","status":"publish","type":"product","link":"https:\/\/yournordichome.com\/ro\/product\/brown-pedestal-mango\/","title":{"rendered":"Brown Pedestal mango"},"content":{"rendered":"<p>Piedestal realizat din lemn de mango \u00een culori naturale \u0219i picioare vopsite \u00een negru \u00eentr-un design frumos lucrat. Pur \u0219i simplu perfect \u00een toate camerele. Fiecare va varia \u0219i va fi unic datorit\u0103 materialului natural.<\/p>\n<p>Dimensiunile produsului: L45,5xH30,5xW20,5 cm<br \/>\nCuloare: maro<br \/>\nCompozi\u021bie: Lemn de mango<\/p>","protected":false},"excerpt":{"rendered":"<p>Pedestal realizat din lemn de mango cu picioare vopsite \u00een negru. Folosi\u021bi-l ca un mic sc\u0103unel pentru o plant\u0103 sau ca m\u0103su\u021b\u0103 lateral\u0103 - dumneavoastr\u0103 decide\u021bi!<\/p>","protected":false},"featured_media":2561,"comment_status":"closed","ping_status":"closed","template":"","meta":{"_acf_changed":false,"_kad_post_transparent":"default","_kad_post_title":"","_kad_post_layout":"default","_kad_post_sidebar_id":"","_kad_post_content_style":"default","_kad_post_vertical_padding":"default","_kad_post_feature":"","_kad_post_feature_position":"","_kad_post_header":false,"_kad_post_footer":false,"_kad_post_classname":""},"pwb-brand":[17],"product_brand":[],"product_cat":[152,233],"product_tag":[205,34],"gyarto":[],"class_list":{"0":"post-2622","1":"product","2":"type-product","3":"status-publish","4":"has-post-thumbnail","6":"pwb-brand-bloomingville","7":"product_cat-chair","8":"product_cat-stool","9":"product_tag-mango-wood-furniture","10":"product_tag-nordic-interior-design","11":"pa_colour-brown","12":"pa_material-mango-wood","14":"first","15":"outofstock","16":"taxable","17":"shipping-taxable","18":"purchasable","19":"product-type-simple","20":"entry","21":"content-bg","22":"loop-entry"},"acf":[],"brands":[{"id":17,"name":"Bloomingville","slug":"bloomingville"}],"_links":{"self":[{"href":"https:\/\/yournordichome.com\/ro\/wp-json\/wp\/v2\/product\/2622","targetHints":{"allow":["GET"]}}],"collection":[{"href":"https:\/\/yournordichome.com\/ro\/wp-json\/wp\/v2\/product"}],"about":[{"href":"https:\/\/yournordichome.com\/ro\/wp-json\/wp\/v2\/types\/product"}],"replies":[{"embeddable":true,"href":"https:\/\/yournordichome.com\/ro\/wp-json\/wp\/v2\/comments?post=2622"}],"wp:featuredmedia":[{"embeddable":true,"href":"https:\/\/yournordichome.com\/ro\/wp-json\/wp\/v2\/media\/2561"}],"wp:attachment":[{"href":"https:\/\/yournordichome.com\/ro\/wp-json\/wp\/v2\/media?parent=2622"}],"wp:term":[{"taxonomy":"pwb-brand","embeddable":true,"href":"https:\/\/yournordichome.com\/ro\/wp-json\/wp\/v2\/pwb-brand?post=2622"},{"taxonomy":"product_brand","embeddable":true,"href":"https:\/\/yournordichome.com\/ro\/wp-json\/wp\/v2\/product_brand?post=2622"},{"taxonomy":"product_cat","embeddable":true,"href":"https:\/\/yournordichome.com\/ro\/wp-json\/wp\/v2\/product_cat?post=2622"},{"taxonomy":"product_tag","embeddable":true,"href":"https:\/\/yournordichome.com\/ro\/wp-json\/wp\/v2\/product_tag?post=2622"},{"taxonomy":"gyarto","embeddable":true,"href":"https:\/\/yournordichome.com\/ro\/wp-json\/wp\/v2\/gyarto?post=2622"}],"curies":[{"name":"wp","href":"https:\/\/api.w.org\/{rel}","templated":true}]}}