{"id":2616,"date":"2023-06-18T10:06:03","date_gmt":"2023-06-18T10:06:03","guid":{"rendered":"https:\/\/yournordichome.com\/product\/black-coffee-table\/"},"modified":"2025-07-31T14:18:36","modified_gmt":"2025-07-31T14:18:36","slug":"masa-de-cafea-neagra","status":"publish","type":"product","link":"https:\/\/yournordichome.com\/ro\/product\/black-coffee-table\/","title":{"rendered":"Mas\u0103 de cafea neagr\u0103"},"content":{"rendered":"<p>Mas\u0103 de cafea neagr\u0103 cu blat rotund din lemn recuperat. Masa este proiectat\u0103 \u00eentr-o form\u0103 clasic\u0103, cu un blat rotund \u0219i moale, cu picioare rustice, care creeaz\u0103 o atmosfer\u0103 confortabil\u0103 \u00een camera de zi. Forma picioarelor va varia, ca parte a farmecului.<\/p>\n<p>Dimensiunile produsului: D70xH43 cm<br \/>\nCuloare: negru<br \/>\nMaterial: Lemn recuperat (lemn de pin)<br \/>\nInstruc\u021biuni de \u00eengrijire: Cur\u0103\u021ba\u021bi cu o c\u00e2rp\u0103 umed\u0103.<br \/>\nCapacitate maxim\u0103 de greutate: 35 kg<br \/>\nUtilizare \u00een exterior: Nu<\/p>","protected":false},"excerpt":{"rendered":"<p>M\u0103su\u021b\u0103 de cafea rotund\u0103 neagr\u0103 cu realizat\u0103 din lemn recuperat. Suprafa\u021ba este colorat\u0103, ceea ce face ca structura lemnului s\u0103 apar\u0103 \u0219i mai mult. Farmecul picioarelor este dat de denivel\u0103rile lemnului.<\/p>","protected":false},"featured_media":2558,"comment_status":"closed","ping_status":"closed","template":"","meta":{"_acf_changed":false,"_kad_post_transparent":"default","_kad_post_title":"","_kad_post_layout":"default","_kad_post_sidebar_id":"","_kad_post_content_style":"default","_kad_post_vertical_padding":"default","_kad_post_feature":"","_kad_post_feature_position":"","_kad_post_header":false,"_kad_post_footer":false,"_kad_post_classname":""},"pwb-brand":[17],"product_brand":[],"product_cat":[158,157],"product_tag":[34,318],"gyarto":[],"class_list":{"0":"post-2616","1":"product","2":"type-product","3":"status-publish","4":"has-post-thumbnail","6":"pwb-brand-bloomingville","7":"product_cat-coffee-table","8":"product_cat-table","9":"product_tag-nordic-interior-design","10":"product_tag-reclaimed-wood-furniture","11":"pa_colour-black","12":"pa_material-reclaimed-wood","14":"first","15":"instock","16":"taxable","17":"shipping-taxable","18":"purchasable","19":"product-type-simple","20":"entry","21":"content-bg","22":"loop-entry"},"acf":[],"brands":[{"id":17,"name":"Bloomingville","slug":"bloomingville"}],"_links":{"self":[{"href":"https:\/\/yournordichome.com\/ro\/wp-json\/wp\/v2\/product\/2616","targetHints":{"allow":["GET"]}}],"collection":[{"href":"https:\/\/yournordichome.com\/ro\/wp-json\/wp\/v2\/product"}],"about":[{"href":"https:\/\/yournordichome.com\/ro\/wp-json\/wp\/v2\/types\/product"}],"replies":[{"embeddable":true,"href":"https:\/\/yournordichome.com\/ro\/wp-json\/wp\/v2\/comments?post=2616"}],"wp:featuredmedia":[{"embeddable":true,"href":"https:\/\/yournordichome.com\/ro\/wp-json\/wp\/v2\/media\/2558"}],"wp:attachment":[{"href":"https:\/\/yournordichome.com\/ro\/wp-json\/wp\/v2\/media?parent=2616"}],"wp:term":[{"taxonomy":"pwb-brand","embeddable":true,"href":"https:\/\/yournordichome.com\/ro\/wp-json\/wp\/v2\/pwb-brand?post=2616"},{"taxonomy":"product_brand","embeddable":true,"href":"https:\/\/yournordichome.com\/ro\/wp-json\/wp\/v2\/product_brand?post=2616"},{"taxonomy":"product_cat","embeddable":true,"href":"https:\/\/yournordichome.com\/ro\/wp-json\/wp\/v2\/product_cat?post=2616"},{"taxonomy":"product_tag","embeddable":true,"href":"https:\/\/yournordichome.com\/ro\/wp-json\/wp\/v2\/product_tag?post=2616"},{"taxonomy":"gyarto","embeddable":true,"href":"https:\/\/yournordichome.com\/ro\/wp-json\/wp\/v2\/gyarto?post=2616"}],"curies":[{"name":"wp","href":"https:\/\/api.w.org\/{rel}","templated":true}]}}