{"id":2509,"date":"2023-06-16T15:22:19","date_gmt":"2023-06-16T15:22:19","guid":{"rendered":"https:\/\/yournordichome.com\/product\/pixy-elfie-in-matchbox\/"},"modified":"2023-12-12T13:18:05","modified_gmt":"2023-12-12T13:18:05","slug":"pixy-elfie-in-cutie-de-chibrituri","status":"publish","type":"product","link":"https:\/\/yournordichome.com\/ro\/product\/pixy-elfie-in-matchbox\/","title":{"rendered":"Pixy Elfie \u00een cutie de chibrituri"},"content":{"rendered":"<p>Pixy Elfie \u00een cutie de chibrituri de la Maileg cu o c\u0103ciuli\u021b\u0103 ro\u0219ie dr\u0103gu\u021b\u0103. Ea este fericit\u0103 s\u0103 ias\u0103 din cutia lui de chibrituri pentru a se juca \u00een orice moment. Copiilor le place \u00een special pentru c\u0103 d\u0103 via\u021b\u0103 unei lumi fabuloase \u00een jurul c\u0103reia este u\u0219or s\u0103 construie\u0219ti o poveste fantastic\u0103.<\/p>\n<p>Frumoasa juc\u0103rie meticulos lucrat\u0103 de produc\u0103torul danez Maileg con\u021bine toate accesoriile de care a\u021bi putea avea nevoie \u00een timpul jocului, dar las\u0103 loc imagina\u021biei copiilor.<\/p>\n<p>\u00cen\u0103l\u021bime: 14 cm<br \/>\nMaterial: Bumbac<br \/>\nUmplutur\u0103: Poliester reciclat<br \/>\nSp\u0103lare: 30\u00b0C<\/p>","protected":false},"excerpt":{"rendered":"<p>Un mic Elfie fermec\u0103tor, care tr\u0103ie\u0219te \u00eentr-o cutie de chibrituri c\u0103ptu\u0219it\u0103 confortabil. Frumoasa ei c\u0103ciuli\u021b\u0103 ro\u0219ie \u00eei \u021bine de cald chiar \u0219i \u00een cele mai reci anotimpuri, iar ea se al\u0103tur\u0103 bucuroas\u0103 jocului \u00een fusta ei fermec\u0103toare. Cine nu \u0219i-ar dori s\u0103 aib\u0103 un elf adev\u0103rat printre prietenii s\u0103i?<\/p>","protected":false},"featured_media":2492,"comment_status":"closed","ping_status":"closed","template":"","meta":{"_acf_changed":false,"_kad_post_transparent":"","_kad_post_title":"","_kad_post_layout":"","_kad_post_sidebar_id":"","_kad_post_content_style":"","_kad_post_vertical_padding":"","_kad_post_feature":"","_kad_post_feature_position":"","_kad_post_header":false,"_kad_post_footer":false,"_kad_post_classname":""},"pwb-brand":[18],"product_brand":[],"product_cat":[47,48],"product_tag":[],"gyarto":[],"class_list":{"0":"post-2509","1":"product","2":"type-product","3":"status-publish","4":"has-post-thumbnail","6":"pwb-brand-maileg","7":"product_cat-kids","8":"product_cat-toy","9":"pa_colour-multi","10":"pa_material-cotton","12":"first","13":"outofstock","14":"taxable","15":"shipping-taxable","16":"purchasable","17":"product-type-simple","18":"entry","19":"content-bg","20":"loop-entry"},"acf":[],"brands":[{"id":18,"name":"Maileg","slug":"maileg"}],"_links":{"self":[{"href":"https:\/\/yournordichome.com\/ro\/wp-json\/wp\/v2\/product\/2509","targetHints":{"allow":["GET"]}}],"collection":[{"href":"https:\/\/yournordichome.com\/ro\/wp-json\/wp\/v2\/product"}],"about":[{"href":"https:\/\/yournordichome.com\/ro\/wp-json\/wp\/v2\/types\/product"}],"replies":[{"embeddable":true,"href":"https:\/\/yournordichome.com\/ro\/wp-json\/wp\/v2\/comments?post=2509"}],"wp:featuredmedia":[{"embeddable":true,"href":"https:\/\/yournordichome.com\/ro\/wp-json\/wp\/v2\/media\/2492"}],"wp:attachment":[{"href":"https:\/\/yournordichome.com\/ro\/wp-json\/wp\/v2\/media?parent=2509"}],"wp:term":[{"taxonomy":"pwb-brand","embeddable":true,"href":"https:\/\/yournordichome.com\/ro\/wp-json\/wp\/v2\/pwb-brand?post=2509"},{"taxonomy":"product_brand","embeddable":true,"href":"https:\/\/yournordichome.com\/ro\/wp-json\/wp\/v2\/product_brand?post=2509"},{"taxonomy":"product_cat","embeddable":true,"href":"https:\/\/yournordichome.com\/ro\/wp-json\/wp\/v2\/product_cat?post=2509"},{"taxonomy":"product_tag","embeddable":true,"href":"https:\/\/yournordichome.com\/ro\/wp-json\/wp\/v2\/product_tag?post=2509"},{"taxonomy":"gyarto","embeddable":true,"href":"https:\/\/yournordichome.com\/ro\/wp-json\/wp\/v2\/gyarto?post=2509"}],"curies":[{"name":"wp","href":"https:\/\/api.w.org\/{rel}","templated":true}]}}