{"id":2505,"date":"2023-06-16T15:22:19","date_gmt":"2023-06-16T15:22:19","guid":{"rendered":"https:\/\/yournordichome.com\/product\/brown-cotton-blanket-130-x-160-cm\/"},"modified":"2026-01-04T16:11:16","modified_gmt":"2026-01-04T16:11:16","slug":"patura-din-bumbac-maro-130-x-160-cm","status":"publish","type":"product","link":"https:\/\/yournordichome.com\/ro\/product\/brown-cotton-blanket-130-x-160-cm\/","title":{"rendered":"P\u0103tur\u0103 din bumbac maro 130 x 160 cm"},"content":{"rendered":"<p>P\u0103tur\u0103 maro din bumbac, realizat\u0103 din bumbac reciclat. Culoarea sa natural\u0103 o face un accesoriu nordic clasic care se potrive\u0219te cu multe scheme de culori diferite.<\/p>\n<p>Dimensiunile produsului: L160xW130 cm<br \/>\nCuloare: Natur\u0103<br \/>\nCompozi\u021bie: 69% Bumbac, 28% Poliester, 3% Viscose<br \/>\nAlbire: Nu<br \/>\nCur\u0103\u021bare chimic\u0103: Nu<br \/>\nUscare: Tumbler sc\u0103zut<br \/>\nC\u0103lcare: Mediu<br \/>\nInstruc\u021biuni de sp\u0103lare: Se spal\u0103 la ma\u0219in\u0103 la 40 de grade<\/p>","protected":false},"excerpt":{"rendered":"<p>Aceast\u0103 \u021bes\u0103tur\u0103 maro este potrivit\u0103 pentru multe combina\u021bii de culori diferite, un plus p\u0103m\u00e2ntesc pentru decorarea casei dvs. cu modelul s\u0103u \u021besut fin.<\/p>","protected":false},"featured_media":2478,"comment_status":"closed","ping_status":"closed","template":"","meta":{"_acf_changed":false,"_kad_post_transparent":"default","_kad_post_title":"","_kad_post_layout":"default","_kad_post_sidebar_id":"","_kad_post_content_style":"default","_kad_post_vertical_padding":"default","_kad_post_feature":"","_kad_post_feature_position":"","_kad_post_header":false,"_kad_post_footer":false,"_kad_post_classname":""},"pwb-brand":[17],"product_brand":[],"product_cat":[66,65],"product_tag":[67,34],"gyarto":[],"class_list":{"0":"post-2505","1":"product","2":"type-product","3":"status-publish","4":"has-post-thumbnail","6":"pwb-brand-bloomingville","7":"product_cat-blanket","8":"product_cat-rugs-and-textiles","9":"product_tag-cotton-blanket","10":"product_tag-nordic-interior-design","11":"pa_colour-nature","12":"pa_material-cotton","14":"first","15":"instock","16":"taxable","17":"shipping-taxable","18":"purchasable","19":"product-type-simple","20":"entry","21":"content-bg","22":"loop-entry"},"acf":[],"brands":[{"id":17,"name":"Bloomingville","slug":"bloomingville"}],"_links":{"self":[{"href":"https:\/\/yournordichome.com\/ro\/wp-json\/wp\/v2\/product\/2505","targetHints":{"allow":["GET"]}}],"collection":[{"href":"https:\/\/yournordichome.com\/ro\/wp-json\/wp\/v2\/product"}],"about":[{"href":"https:\/\/yournordichome.com\/ro\/wp-json\/wp\/v2\/types\/product"}],"replies":[{"embeddable":true,"href":"https:\/\/yournordichome.com\/ro\/wp-json\/wp\/v2\/comments?post=2505"}],"wp:featuredmedia":[{"embeddable":true,"href":"https:\/\/yournordichome.com\/ro\/wp-json\/wp\/v2\/media\/2478"}],"wp:attachment":[{"href":"https:\/\/yournordichome.com\/ro\/wp-json\/wp\/v2\/media?parent=2505"}],"wp:term":[{"taxonomy":"pwb-brand","embeddable":true,"href":"https:\/\/yournordichome.com\/ro\/wp-json\/wp\/v2\/pwb-brand?post=2505"},{"taxonomy":"product_brand","embeddable":true,"href":"https:\/\/yournordichome.com\/ro\/wp-json\/wp\/v2\/product_brand?post=2505"},{"taxonomy":"product_cat","embeddable":true,"href":"https:\/\/yournordichome.com\/ro\/wp-json\/wp\/v2\/product_cat?post=2505"},{"taxonomy":"product_tag","embeddable":true,"href":"https:\/\/yournordichome.com\/ro\/wp-json\/wp\/v2\/product_tag?post=2505"},{"taxonomy":"gyarto","embeddable":true,"href":"https:\/\/yournordichome.com\/ro\/wp-json\/wp\/v2\/gyarto?post=2505"}],"curies":[{"name":"wp","href":"https:\/\/api.w.org\/{rel}","templated":true}]}}