{"id":2326,"date":"2023-06-14T17:27:16","date_gmt":"2023-06-14T17:27:16","guid":{"rendered":"https:\/\/yournordichome.com\/product\/black-white-vase\/"},"modified":"2025-07-31T14:47:16","modified_gmt":"2025-07-31T14:47:16","slug":"vaza-alb-negru","status":"publish","type":"product","link":"https:\/\/yournordichome.com\/ro\/product\/black-white-vase\/","title":{"rendered":"Vaza alb-negru"},"content":{"rendered":"<p>Vaz\u0103 alb\u0103 \u0219i neagr\u0103 din gresie. Av\u00e2nd forma unui ulcior, aceast\u0103 vaz\u0103 contribuie cu o not\u0103 familiar\u0103 la orice camer\u0103 \u00een care este amplasat\u0103. Aproape ca acele ocazii \u0219i s\u0103rb\u0103tori foarte speciale \u00een care prime\u0219ti at\u00e2t de multe flori \u00eenc\u00e2t r\u0103m\u00e2i f\u0103r\u0103 vaze \u0219i \u00eencepi s\u0103 folose\u0219ti \u0219i ulcioarele ca vaze. Dar gresia neagr\u0103 \u0219i liniile albe contrastante asigur\u0103 faptul c\u0103 nu va exista nicio \u00eendoial\u0103 c\u0103 aceasta este o vaz\u0103, \u0219i una frumoas\u0103, nu doar ceea ce avea\u021bi \u00een dulap.<\/p>\n<p>Dimensiunile produsului: D7,5xH17xL11 cm<br \/>\nCuloare: negru<br \/>\nCompozi\u021bie: Gresie<\/p>","protected":false},"excerpt":{"rendered":"<p>Vaza alb-negru realizat\u0103 din gresie cu design nordic clasic. Arat\u0103 frumos at\u00e2t \u00een casele monocrome, c\u00e2t \u0219i \u00een cele colorate.<\/p>","protected":false},"featured_media":2277,"comment_status":"closed","ping_status":"closed","template":"","meta":{"_acf_changed":false,"_kad_post_transparent":"default","_kad_post_title":"","_kad_post_layout":"default","_kad_post_sidebar_id":"","_kad_post_content_style":"default","_kad_post_vertical_padding":"default","_kad_post_feature":"","_kad_post_feature_position":"","_kad_post_header":false,"_kad_post_footer":false,"_kad_post_classname":""},"pwb-brand":[17],"product_brand":[],"product_cat":[23,357],"product_tag":[26],"gyarto":[],"class_list":{"0":"post-2326","1":"product","2":"type-product","3":"status-publish","4":"has-post-thumbnail","6":"pwb-brand-bloomingville","7":"product_cat-home-decor","8":"product_cat-vase","9":"product_tag-nordic-home-decor","10":"pa_colour-black","11":"pa_material-stoneware","13":"first","14":"instock","15":"taxable","16":"shipping-taxable","17":"purchasable","18":"product-type-simple","19":"entry","20":"content-bg","21":"loop-entry"},"acf":[],"brands":[{"id":17,"name":"Bloomingville","slug":"bloomingville"}],"_links":{"self":[{"href":"https:\/\/yournordichome.com\/ro\/wp-json\/wp\/v2\/product\/2326","targetHints":{"allow":["GET"]}}],"collection":[{"href":"https:\/\/yournordichome.com\/ro\/wp-json\/wp\/v2\/product"}],"about":[{"href":"https:\/\/yournordichome.com\/ro\/wp-json\/wp\/v2\/types\/product"}],"replies":[{"embeddable":true,"href":"https:\/\/yournordichome.com\/ro\/wp-json\/wp\/v2\/comments?post=2326"}],"wp:featuredmedia":[{"embeddable":true,"href":"https:\/\/yournordichome.com\/ro\/wp-json\/wp\/v2\/media\/2277"}],"wp:attachment":[{"href":"https:\/\/yournordichome.com\/ro\/wp-json\/wp\/v2\/media?parent=2326"}],"wp:term":[{"taxonomy":"pwb-brand","embeddable":true,"href":"https:\/\/yournordichome.com\/ro\/wp-json\/wp\/v2\/pwb-brand?post=2326"},{"taxonomy":"product_brand","embeddable":true,"href":"https:\/\/yournordichome.com\/ro\/wp-json\/wp\/v2\/product_brand?post=2326"},{"taxonomy":"product_cat","embeddable":true,"href":"https:\/\/yournordichome.com\/ro\/wp-json\/wp\/v2\/product_cat?post=2326"},{"taxonomy":"product_tag","embeddable":true,"href":"https:\/\/yournordichome.com\/ro\/wp-json\/wp\/v2\/product_tag?post=2326"},{"taxonomy":"gyarto","embeddable":true,"href":"https:\/\/yournordichome.com\/ro\/wp-json\/wp\/v2\/gyarto?post=2326"}],"curies":[{"name":"wp","href":"https:\/\/api.w.org\/{rel}","templated":true}]}}