{"id":2325,"date":"2023-06-14T17:27:16","date_gmt":"2023-06-14T17:27:16","guid":{"rendered":"https:\/\/yournordichome.com\/product\/white-vase-stoneware\/"},"modified":"2025-07-31T14:42:14","modified_gmt":"2025-07-31T14:42:14","slug":"vas-alb-gresie","status":"publish","type":"product","link":"https:\/\/yournordichome.com\/ro\/product\/white-vase-stoneware\/","title":{"rendered":"Vaz\u0103 alb\u0103 din gresie"},"content":{"rendered":"<p>Vaz\u0103 alb\u0103 din gresie cu o fa\u021b\u0103. Lucrat\u0103 manual, fiecare pies\u0103 este unic\u0103. Sub culoarea alb\u0103 iese la iveal\u0103 \u0219i nuan\u021ba sa original\u0103, ceea ce o face un decor cu adev\u0103rat natural \u00een casa dvs.<\/p>\n<p>Dimensiunile produsului: D6xH14,5 cm<br \/>\nCuloare: alb<br \/>\nCompozi\u021bie: Gresie<br \/>\nDin cauza naturii glazurii \u0219i a faptului c\u0103 articolul este fabricat manual, pot ap\u0103rea varia\u021bii de culoare<\/p>","protected":false},"excerpt":{"rendered":"<p>Vaz\u0103 alb\u0103 cu o fa\u021b\u0103 care v\u0103 va face s\u0103 z\u00e2mbi\u021bi. Fabricat\u0103 manual, din gresie.<\/p>","protected":false},"featured_media":2312,"comment_status":"closed","ping_status":"closed","template":"","meta":{"_acf_changed":false,"_kad_post_transparent":"default","_kad_post_title":"","_kad_post_layout":"default","_kad_post_sidebar_id":"","_kad_post_content_style":"default","_kad_post_vertical_padding":"default","_kad_post_feature":"","_kad_post_feature_position":"","_kad_post_header":false,"_kad_post_footer":false,"_kad_post_classname":""},"pwb-brand":[17],"product_brand":[],"product_cat":[23,357],"product_tag":[26],"gyarto":[],"class_list":{"0":"post-2325","1":"product","2":"type-product","3":"status-publish","4":"has-post-thumbnail","6":"pwb-brand-bloomingville","7":"product_cat-home-decor","8":"product_cat-vase","9":"product_tag-nordic-home-decor","10":"pa_colour-white","11":"pa_material-stoneware","13":"first","14":"instock","15":"taxable","16":"shipping-taxable","17":"purchasable","18":"product-type-simple","19":"entry","20":"content-bg","21":"loop-entry"},"acf":[],"brands":[{"id":17,"name":"Bloomingville","slug":"bloomingville"}],"_links":{"self":[{"href":"https:\/\/yournordichome.com\/ro\/wp-json\/wp\/v2\/product\/2325","targetHints":{"allow":["GET"]}}],"collection":[{"href":"https:\/\/yournordichome.com\/ro\/wp-json\/wp\/v2\/product"}],"about":[{"href":"https:\/\/yournordichome.com\/ro\/wp-json\/wp\/v2\/types\/product"}],"replies":[{"embeddable":true,"href":"https:\/\/yournordichome.com\/ro\/wp-json\/wp\/v2\/comments?post=2325"}],"wp:featuredmedia":[{"embeddable":true,"href":"https:\/\/yournordichome.com\/ro\/wp-json\/wp\/v2\/media\/2312"}],"wp:attachment":[{"href":"https:\/\/yournordichome.com\/ro\/wp-json\/wp\/v2\/media?parent=2325"}],"wp:term":[{"taxonomy":"pwb-brand","embeddable":true,"href":"https:\/\/yournordichome.com\/ro\/wp-json\/wp\/v2\/pwb-brand?post=2325"},{"taxonomy":"product_brand","embeddable":true,"href":"https:\/\/yournordichome.com\/ro\/wp-json\/wp\/v2\/product_brand?post=2325"},{"taxonomy":"product_cat","embeddable":true,"href":"https:\/\/yournordichome.com\/ro\/wp-json\/wp\/v2\/product_cat?post=2325"},{"taxonomy":"product_tag","embeddable":true,"href":"https:\/\/yournordichome.com\/ro\/wp-json\/wp\/v2\/product_tag?post=2325"},{"taxonomy":"gyarto","embeddable":true,"href":"https:\/\/yournordichome.com\/ro\/wp-json\/wp\/v2\/gyarto?post=2325"}],"curies":[{"name":"wp","href":"https:\/\/api.w.org\/{rel}","templated":true}]}}