{"id":2269,"date":"2023-06-12T18:39:24","date_gmt":"2023-06-12T18:39:24","guid":{"rendered":"https:\/\/yournordichome.com\/product\/paper-towel-holder\/"},"modified":"2025-11-17T20:45:03","modified_gmt":"2025-11-17T20:45:03","slug":"suport-pentru-prosoape-de-hartie","status":"publish","type":"product","link":"https:\/\/yournordichome.com\/ro\/product\/paper-towel-holder\/","title":{"rendered":"Suport pentru prosoape de h\u00e2rtie"},"content":{"rendered":"<p>Suport pentru prosoape de h\u00e2rtie cu baz\u0103 din ceramic\u0103, model decorativ, pictat manual. Face\u021bi speciale chiar \u0219i uneltele simple, folosi\u021bi \u00een buc\u0103t\u0103rie accesorii care v\u0103 fac ferici\u021bi!<\/p>\n<p>Dimensiuni: ? 16 x 32 cm<br \/>\nMaterial: gresie, bambus<br \/>\n\u0218tampilat manual<\/p>\n<p>Economisirea resurselor<br \/>\nCu acest produs, cump\u0103ra\u021bi o alternativ\u0103 durabil\u0103 \u0219i ecologic\u0103 la produsele conven\u021bionale. Ambalajul a fost redus la minimum.<\/p>\n<p>Fair &amp; Social<br \/>\nProduc\u0103torii parteneri ai Tranquillo sunt membri ai Business Social Compliance Initiative (BSCI), care \u00ee\u0219i propune s\u0103 \u00eembun\u0103t\u0103\u021beasc\u0103 condi\u021biile de munc\u0103 la nivel mondial. \u00cempreun\u0103, Tranquillo \u0219i partenerii s\u0103i definesc \u0219i urm\u0103resc obiective care asigur\u0103 fabricarea de produse durabile \u00een condi\u021bii etice bune. Respectarea Codului de conduit\u0103 BSCI este verificat\u0103 periodic de o organiza\u021bie independent\u0103 de testare.<\/p>","protected":false},"excerpt":{"rendered":"<p>Cu suportul pentru role de h\u00e2rtie ave\u021bi h\u00e2rtie de buc\u0103t\u0103rie proasp\u0103t\u0103 mereu la \u00eendem\u00e2n\u0103, un ajutor ideal \u00een buc\u0103t\u0103ria dumneavoastr\u0103. Suportul este format dintr-o farfurie rotund\u0103 din gresie cu imprimeuri detaliate pentru o bun\u0103 stabilitate \u0219i o tij\u0103 \u00eenalt\u0103 din bambus, peste care este a\u0219ezat\u0103 h\u00e2rtia de buc\u0103t\u0103rie.<\/p>","protected":false},"featured_media":2215,"comment_status":"closed","ping_status":"closed","template":"","meta":{"_acf_changed":false,"_kad_post_transparent":"default","_kad_post_title":"","_kad_post_layout":"default","_kad_post_sidebar_id":"","_kad_post_content_style":"default","_kad_post_vertical_padding":"default","_kad_post_feature":"","_kad_post_feature_position":"","_kad_post_header":false,"_kad_post_footer":false,"_kad_post_classname":""},"pwb-brand":[345],"product_brand":[],"product_cat":[299,36],"product_tag":[350,352,351],"gyarto":[],"class_list":{"0":"post-2269","1":"product","2":"type-product","3":"status-publish","4":"has-post-thumbnail","6":"pwb-brand-tranquillo","7":"product_cat-kitchen-accessories","8":"product_cat-kitchen-and-dining","9":"product_tag-kitchen-accessories","10":"product_tag-kitchen-ceramics","11":"product_tag-nordic-kitchen","12":"pa_colour-multi","13":"pa_material-stoneware","15":"first","16":"outofstock","17":"taxable","18":"shipping-taxable","19":"purchasable","20":"product-type-simple","21":"entry","22":"content-bg","23":"loop-entry"},"acf":[],"brands":[{"id":345,"name":"Tranquillo","slug":"linistit"}],"_links":{"self":[{"href":"https:\/\/yournordichome.com\/ro\/wp-json\/wp\/v2\/product\/2269","targetHints":{"allow":["GET"]}}],"collection":[{"href":"https:\/\/yournordichome.com\/ro\/wp-json\/wp\/v2\/product"}],"about":[{"href":"https:\/\/yournordichome.com\/ro\/wp-json\/wp\/v2\/types\/product"}],"replies":[{"embeddable":true,"href":"https:\/\/yournordichome.com\/ro\/wp-json\/wp\/v2\/comments?post=2269"}],"wp:featuredmedia":[{"embeddable":true,"href":"https:\/\/yournordichome.com\/ro\/wp-json\/wp\/v2\/media\/2215"}],"wp:attachment":[{"href":"https:\/\/yournordichome.com\/ro\/wp-json\/wp\/v2\/media?parent=2269"}],"wp:term":[{"taxonomy":"pwb-brand","embeddable":true,"href":"https:\/\/yournordichome.com\/ro\/wp-json\/wp\/v2\/pwb-brand?post=2269"},{"taxonomy":"product_brand","embeddable":true,"href":"https:\/\/yournordichome.com\/ro\/wp-json\/wp\/v2\/product_brand?post=2269"},{"taxonomy":"product_cat","embeddable":true,"href":"https:\/\/yournordichome.com\/ro\/wp-json\/wp\/v2\/product_cat?post=2269"},{"taxonomy":"product_tag","embeddable":true,"href":"https:\/\/yournordichome.com\/ro\/wp-json\/wp\/v2\/product_tag?post=2269"},{"taxonomy":"gyarto","embeddable":true,"href":"https:\/\/yournordichome.com\/ro\/wp-json\/wp\/v2\/gyarto?post=2269"}],"curies":[{"name":"wp","href":"https:\/\/api.w.org\/{rel}","templated":true}]}}