{"id":2176,"date":"2023-06-12T18:12:29","date_gmt":"2023-06-12T18:12:29","guid":{"rendered":"https:\/\/yournordichome.com\/product\/round-rug-nature-seagrass\/"},"modified":"2025-07-31T14:55:51","modified_gmt":"2025-07-31T14:55:51","slug":"covor-rotund-natura-seagrass","status":"publish","type":"product","link":"https:\/\/yournordichome.com\/ro\/product\/round-rug-nature-seagrass\/","title":{"rendered":"Covor rotund natura seagrass"},"content":{"rendered":"<p>Covor rotund realizat din iut\u0103 100% \u021besut\u0103 \u00eentr-o form\u0103 rotund\u0103 cu dungi negre. Perfect sub o mas\u0103, \u00een col\u021bul confortabil sau poate la baie pentru o atingere confortabil\u0103 \u0219i natural\u0103. Covorul va ad\u0103uga o atmosfer\u0103 calm\u0103 \u0219i relaxant\u0103 oriunde \u00eel amplasa\u021bi.<\/p>\n<p>Dimensiunile produsului: D120 cm<br \/>\nCuloare: negru<br \/>\nMaterial: Seagrass, iut\u0103<br \/>\nCompozi\u021bie: 100% iut\u0103<\/p>","protected":false},"excerpt":{"rendered":"<p>Iut\u0103 rotund\u0103 realizat\u0103 din seagreass cu un model circular negru \u0219i natural. Materialul iut\u0103 asigur\u0103 o senza\u021bie confortabil\u0103 pentru picioare, contribuind \u00een acela\u0219i timp cu un aspect \u0219i un stil natural.<\/p>","protected":false},"featured_media":2143,"comment_status":"closed","ping_status":"closed","template":"","meta":{"_acf_changed":false,"_kad_post_transparent":"default","_kad_post_title":"","_kad_post_layout":"default","_kad_post_sidebar_id":"","_kad_post_content_style":"default","_kad_post_vertical_padding":"default","_kad_post_feature":"","_kad_post_feature_position":"","_kad_post_header":false,"_kad_post_footer":false,"_kad_post_classname":""},"pwb-brand":[17],"product_brand":[],"product_cat":[88,65],"product_tag":[82,112,34,80],"gyarto":[],"class_list":{"0":"post-2176","1":"product","2":"type-product","3":"status-publish","4":"has-post-thumbnail","6":"pwb-brand-bloomingville","7":"product_cat-rug","8":"product_cat-rugs-and-textiles","9":"product_tag-carpet","10":"product_tag-jute-rug","11":"product_tag-nordic-interior-design","12":"product_tag-nordic-style-rug","13":"pa_colour-black","14":"pa_material-seagrass","16":"first","17":"instock","18":"taxable","19":"shipping-taxable","20":"purchasable","21":"product-type-simple","22":"entry","23":"content-bg","24":"loop-entry"},"acf":[],"brands":[{"id":17,"name":"Bloomingville","slug":"bloomingville"}],"_links":{"self":[{"href":"https:\/\/yournordichome.com\/ro\/wp-json\/wp\/v2\/product\/2176","targetHints":{"allow":["GET"]}}],"collection":[{"href":"https:\/\/yournordichome.com\/ro\/wp-json\/wp\/v2\/product"}],"about":[{"href":"https:\/\/yournordichome.com\/ro\/wp-json\/wp\/v2\/types\/product"}],"replies":[{"embeddable":true,"href":"https:\/\/yournordichome.com\/ro\/wp-json\/wp\/v2\/comments?post=2176"}],"wp:featuredmedia":[{"embeddable":true,"href":"https:\/\/yournordichome.com\/ro\/wp-json\/wp\/v2\/media\/2143"}],"wp:attachment":[{"href":"https:\/\/yournordichome.com\/ro\/wp-json\/wp\/v2\/media?parent=2176"}],"wp:term":[{"taxonomy":"pwb-brand","embeddable":true,"href":"https:\/\/yournordichome.com\/ro\/wp-json\/wp\/v2\/pwb-brand?post=2176"},{"taxonomy":"product_brand","embeddable":true,"href":"https:\/\/yournordichome.com\/ro\/wp-json\/wp\/v2\/product_brand?post=2176"},{"taxonomy":"product_cat","embeddable":true,"href":"https:\/\/yournordichome.com\/ro\/wp-json\/wp\/v2\/product_cat?post=2176"},{"taxonomy":"product_tag","embeddable":true,"href":"https:\/\/yournordichome.com\/ro\/wp-json\/wp\/v2\/product_tag?post=2176"},{"taxonomy":"gyarto","embeddable":true,"href":"https:\/\/yournordichome.com\/ro\/wp-json\/wp\/v2\/gyarto?post=2176"}],"curies":[{"name":"wp","href":"https:\/\/api.w.org\/{rel}","templated":true}]}}