{"id":2172,"date":"2023-06-12T18:12:29","date_gmt":"2023-06-12T18:12:29","guid":{"rendered":"https:\/\/yournordichome.com\/product\/mini-stove-w-sink\/"},"modified":"2025-07-31T14:53:43","modified_gmt":"2025-07-31T14:53:43","slug":"mini-aragaz-cu-chiuveta","status":"publish","type":"product","link":"https:\/\/yournordichome.com\/ro\/product\/mini-stove-w-sink\/","title":{"rendered":"Mini aragaz cu chiuvet\u0103"},"content":{"rendered":"<p>Mini aragaz cu chiuvet\u0103 pentru copii. Are tot ce ar putea avea nevoie un mic buc\u0103tar: preg\u0103te\u0219te m\u00e2ncarea pe patru plite, spal\u0103 vasele \u00een chiuvet\u0103. O perdea cu model acoper\u0103 un dulap cu rafturi. Mici c\u0103r\u021bi de bucate pot fi a\u0219ezate pe raftul deschis.<\/p>\n<p>Dimensiunile produsului: L40xH57,5xW26 cm<br \/>\nCuloare: maro<br \/>\nCompozi\u021bie: MDF, lemn de lotus<br \/>\nAceast\u0103 juc\u0103rie trebuie asamblat\u0103 de un adult \u00eenainte de utilizare<br \/>\nV\u00e2rsta recomandat\u0103: +24 luni<\/p>","protected":false},"excerpt":{"rendered":"<p>Mini aragaz cu chiuvet\u0103 realizat din lemn de lotus pentru cei mai mici buc\u0103tari. Aceast\u0103 buc\u0103t\u0103rie de joac\u0103 uimitoare are o mul\u021bime de func\u021bionalit\u0103\u021bi \u0219i \u00eencurajeaz\u0103 la multe ore de joac\u0103.<\/p>","protected":false},"featured_media":2128,"comment_status":"closed","ping_status":"closed","template":"","meta":{"_acf_changed":false,"_kad_post_transparent":"default","_kad_post_title":"","_kad_post_layout":"default","_kad_post_sidebar_id":"","_kad_post_content_style":"default","_kad_post_vertical_padding":"default","_kad_post_feature":"","_kad_post_feature_position":"","_kad_post_header":false,"_kad_post_footer":false,"_kad_post_classname":""},"pwb-brand":[17],"product_brand":[],"product_cat":[47,48],"product_tag":[34],"gyarto":[],"class_list":{"0":"post-2172","1":"product","2":"type-product","3":"status-publish","4":"has-post-thumbnail","6":"pwb-brand-bloomingville","7":"product_cat-kids","8":"product_cat-toy","9":"product_tag-nordic-interior-design","10":"pa_colour-brown","11":"pa_material-lotus-wood","13":"first","14":"instock","15":"taxable","16":"shipping-taxable","17":"purchasable","18":"product-type-simple","19":"entry","20":"content-bg","21":"loop-entry"},"acf":[],"brands":[{"id":17,"name":"Bloomingville","slug":"bloomingville"}],"_links":{"self":[{"href":"https:\/\/yournordichome.com\/ro\/wp-json\/wp\/v2\/product\/2172","targetHints":{"allow":["GET"]}}],"collection":[{"href":"https:\/\/yournordichome.com\/ro\/wp-json\/wp\/v2\/product"}],"about":[{"href":"https:\/\/yournordichome.com\/ro\/wp-json\/wp\/v2\/types\/product"}],"replies":[{"embeddable":true,"href":"https:\/\/yournordichome.com\/ro\/wp-json\/wp\/v2\/comments?post=2172"}],"wp:featuredmedia":[{"embeddable":true,"href":"https:\/\/yournordichome.com\/ro\/wp-json\/wp\/v2\/media\/2128"}],"wp:attachment":[{"href":"https:\/\/yournordichome.com\/ro\/wp-json\/wp\/v2\/media?parent=2172"}],"wp:term":[{"taxonomy":"pwb-brand","embeddable":true,"href":"https:\/\/yournordichome.com\/ro\/wp-json\/wp\/v2\/pwb-brand?post=2172"},{"taxonomy":"product_brand","embeddable":true,"href":"https:\/\/yournordichome.com\/ro\/wp-json\/wp\/v2\/product_brand?post=2172"},{"taxonomy":"product_cat","embeddable":true,"href":"https:\/\/yournordichome.com\/ro\/wp-json\/wp\/v2\/product_cat?post=2172"},{"taxonomy":"product_tag","embeddable":true,"href":"https:\/\/yournordichome.com\/ro\/wp-json\/wp\/v2\/product_tag?post=2172"},{"taxonomy":"gyarto","embeddable":true,"href":"https:\/\/yournordichome.com\/ro\/wp-json\/wp\/v2\/gyarto?post=2172"}],"curies":[{"name":"wp","href":"https:\/\/api.w.org\/{rel}","templated":true}]}}