{"id":2171,"date":"2023-06-12T18:12:29","date_gmt":"2023-06-12T18:12:29","guid":{"rendered":"https:\/\/yournordichome.com\/product\/lill-basket-w-lid\/"},"modified":"2025-07-31T14:53:50","modified_gmt":"2025-07-31T14:53:50","slug":"cos-lill-cu-capac","status":"publish","type":"product","link":"https:\/\/yournordichome.com\/ro\/product\/lill-basket-w-lid\/","title":{"rendered":"Lill co\u0219 cu capac"},"content":{"rendered":"<p>Co\u0219 cu capac realizat din iarb\u0103 de mare, o completare fermec\u0103toare pentru camera copiilor. Un accesoriu fermec\u0103tor \u0219i practic pentru camera copiilor.<\/p>\n<p>Dimensiunile produsului: L62xH44xW40,5 cm<br \/>\nCuloare: maro<br \/>\nCompozi\u021bie: Iarb\u0103 Bankuan, r\u0103chit\u0103, fier<\/p>","protected":false},"excerpt":{"rendered":"<p>Co\u0219 de depozitare dr\u0103gu\u021b din iarb\u0103 Bankuan cu forma unei feti\u021be. Co\u0219ul este perfect pentru depozitarea tuturor lucrurilor \u00een camera de zi, \u00een dormitor sau \u00een camera copiilor.<\/p>","protected":false},"featured_media":2101,"comment_status":"closed","ping_status":"closed","template":"","meta":{"_acf_changed":false,"_kad_post_transparent":"default","_kad_post_title":"","_kad_post_layout":"default","_kad_post_sidebar_id":"","_kad_post_content_style":"default","_kad_post_vertical_padding":"default","_kad_post_feature":"","_kad_post_feature_position":"","_kad_post_header":false,"_kad_post_footer":false,"_kad_post_classname":""},"pwb-brand":[17],"product_brand":[],"product_cat":[77,47],"product_tag":[148,34,255,187],"gyarto":[],"class_list":{"0":"post-2171","1":"product","2":"type-product","3":"status-publish","4":"has-post-thumbnail","6":"pwb-brand-bloomingville","7":"product_cat-childrens-furniture","8":"product_cat-kids","9":"product_tag-kids-room-storage","10":"product_tag-nordic-interior-design","11":"product_tag-seagrass-furniture","12":"product_tag-storage-basket","13":"pa_colour-brown","14":"pa_material-bankuan-grass","16":"first","17":"instock","18":"taxable","19":"shipping-taxable","20":"purchasable","21":"product-type-simple","22":"entry","23":"content-bg","24":"loop-entry"},"acf":[],"brands":[{"id":17,"name":"Bloomingville","slug":"bloomingville"}],"_links":{"self":[{"href":"https:\/\/yournordichome.com\/ro\/wp-json\/wp\/v2\/product\/2171","targetHints":{"allow":["GET"]}}],"collection":[{"href":"https:\/\/yournordichome.com\/ro\/wp-json\/wp\/v2\/product"}],"about":[{"href":"https:\/\/yournordichome.com\/ro\/wp-json\/wp\/v2\/types\/product"}],"replies":[{"embeddable":true,"href":"https:\/\/yournordichome.com\/ro\/wp-json\/wp\/v2\/comments?post=2171"}],"wp:featuredmedia":[{"embeddable":true,"href":"https:\/\/yournordichome.com\/ro\/wp-json\/wp\/v2\/media\/2101"}],"wp:attachment":[{"href":"https:\/\/yournordichome.com\/ro\/wp-json\/wp\/v2\/media?parent=2171"}],"wp:term":[{"taxonomy":"pwb-brand","embeddable":true,"href":"https:\/\/yournordichome.com\/ro\/wp-json\/wp\/v2\/pwb-brand?post=2171"},{"taxonomy":"product_brand","embeddable":true,"href":"https:\/\/yournordichome.com\/ro\/wp-json\/wp\/v2\/product_brand?post=2171"},{"taxonomy":"product_cat","embeddable":true,"href":"https:\/\/yournordichome.com\/ro\/wp-json\/wp\/v2\/product_cat?post=2171"},{"taxonomy":"product_tag","embeddable":true,"href":"https:\/\/yournordichome.com\/ro\/wp-json\/wp\/v2\/product_tag?post=2171"},{"taxonomy":"gyarto","embeddable":true,"href":"https:\/\/yournordichome.com\/ro\/wp-json\/wp\/v2\/gyarto?post=2171"}],"curies":[{"name":"wp","href":"https:\/\/api.w.org\/{rel}","templated":true}]}}