{"id":2079,"date":"2023-06-04T16:19:15","date_gmt":"2023-06-04T16:19:15","guid":{"rendered":"https:\/\/yournordichome.com\/product\/superhero-mouse-maileg\/"},"modified":"2025-11-17T20:39:47","modified_gmt":"2025-11-17T20:39:47","slug":"supererou-mouse-maileg","status":"publish","type":"product","link":"https:\/\/yournordichome.com\/ro\/product\/superhero-mouse-maileg\/","title":{"rendered":"\u0218oarece supererou Maileg"},"content":{"rendered":"<p><strong>\u0218oarece supererou de Maileg<\/strong> tr\u0103ie\u0219te \u00eentr-o cutie de chibrituri. El este acolo pentru fiecare copil care are nevoie de un prieten supererou \u0219i va fi un companion curajos \u00een fiecare aventur\u0103. Pe l\u00e2ng\u0103 masc\u0103, are \u0219i o masc\u0103 de ochi fermec\u0103toare pentru noapte, c\u00e2nd se ascunde sub plapum\u0103 \u00een mica lui cutie de chibrituri, care poate spune pove\u0219ti despre multe aventuri.<\/p>\n<p>\u00cen\u0103l\u021bime (mouse): 11 cm<br \/>\nMaterial: Bumbac \/ Poliester<br \/>\nUmplere: REC.POL.\/PE PELE<br \/>\nSp\u0103lare: 30\u00b0C<\/p>","protected":false},"excerpt":{"rendered":"<p>\u0218oricelul supererou tr\u0103ie\u0219te \u00eentr-o cutie de chibrituri \u0219i are o pelerin\u0103 \u0219i o masc\u0103. C\u00e2nd nu face lucruri de erou, se odihne\u0219te \u00een mica lui cutie de chibrituri, unde o pern\u0103 \u0219i o p\u0103tur\u0103 confortabile \u00eei asigur\u0103 somnul. Cu toate acestea, dac\u0103 este nevoie s\u0103 intre \u00een scen\u0103, el este acolo imediat!<\/p>","protected":false},"featured_media":2062,"comment_status":"closed","ping_status":"closed","template":"","meta":{"_acf_changed":false,"_kad_post_transparent":"default","_kad_post_title":"","_kad_post_layout":"default","_kad_post_sidebar_id":"","_kad_post_content_style":"default","_kad_post_vertical_padding":"default","_kad_post_feature":"","_kad_post_feature_position":"","_kad_post_header":false,"_kad_post_footer":false,"_kad_post_classname":""},"pwb-brand":[18],"product_brand":[],"product_cat":[47,48],"product_tag":[290],"gyarto":[],"class_list":{"0":"post-2079","1":"product","2":"type-product","3":"status-publish","4":"has-post-thumbnail","6":"pwb-brand-maileg","7":"product_cat-kids","8":"product_cat-toy","9":"product_tag-maileg-mouse","10":"pa_colour-multi","11":"pa_material-cotton","12":"pa_material-paper","14":"first","15":"outofstock","16":"taxable","17":"shipping-taxable","18":"purchasable","19":"product-type-simple","20":"entry","21":"content-bg","22":"loop-entry"},"acf":[],"brands":[{"id":18,"name":"Maileg","slug":"maileg"}],"_links":{"self":[{"href":"https:\/\/yournordichome.com\/ro\/wp-json\/wp\/v2\/product\/2079","targetHints":{"allow":["GET"]}}],"collection":[{"href":"https:\/\/yournordichome.com\/ro\/wp-json\/wp\/v2\/product"}],"about":[{"href":"https:\/\/yournordichome.com\/ro\/wp-json\/wp\/v2\/types\/product"}],"replies":[{"embeddable":true,"href":"https:\/\/yournordichome.com\/ro\/wp-json\/wp\/v2\/comments?post=2079"}],"wp:featuredmedia":[{"embeddable":true,"href":"https:\/\/yournordichome.com\/ro\/wp-json\/wp\/v2\/media\/2062"}],"wp:attachment":[{"href":"https:\/\/yournordichome.com\/ro\/wp-json\/wp\/v2\/media?parent=2079"}],"wp:term":[{"taxonomy":"pwb-brand","embeddable":true,"href":"https:\/\/yournordichome.com\/ro\/wp-json\/wp\/v2\/pwb-brand?post=2079"},{"taxonomy":"product_brand","embeddable":true,"href":"https:\/\/yournordichome.com\/ro\/wp-json\/wp\/v2\/product_brand?post=2079"},{"taxonomy":"product_cat","embeddable":true,"href":"https:\/\/yournordichome.com\/ro\/wp-json\/wp\/v2\/product_cat?post=2079"},{"taxonomy":"product_tag","embeddable":true,"href":"https:\/\/yournordichome.com\/ro\/wp-json\/wp\/v2\/product_tag?post=2079"},{"taxonomy":"gyarto","embeddable":true,"href":"https:\/\/yournordichome.com\/ro\/wp-json\/wp\/v2\/gyarto?post=2079"}],"curies":[{"name":"wp","href":"https:\/\/api.w.org\/{rel}","templated":true}]}}