{"id":2041,"date":"2023-06-04T13:16:44","date_gmt":"2023-06-04T13:16:44","guid":{"rendered":"https:\/\/yournordichome.com\/product\/levis-basket-nature\/"},"modified":"2025-07-31T15:09:40","modified_gmt":"2025-07-31T15:09:40","slug":"levis-cos-natura","status":"publish","type":"product","link":"https:\/\/yournordichome.com\/ro\/product\/levis-basket-nature\/","title":{"rendered":"Levis co\u0219 Natura"},"content":{"rendered":"<p>Co\u0219 realizat din frunze de palmier care adaug\u0103 o not\u0103 de natur\u0103 \u00een orice camer\u0103.<\/p>\n<p>Dimensiunile produsului: D55xH56,5 cm<br \/>\nCuloare: Natur\u0103<br \/>\nCompozi\u021bie: Geband Palm, fier<\/p>","protected":false},"excerpt":{"rendered":"<p>Co\u0219 realizat din frunze de palmier cu form\u0103 special\u0103, artistic\u0103. Pune\u021bi flori uscate \u00een el \u0219i ve\u021bi avea un decor natural, unic pentru casa dumneavoastr\u0103.<\/p>","protected":false},"featured_media":2007,"comment_status":"closed","ping_status":"closed","template":"","meta":{"_acf_changed":false,"_kad_post_transparent":"default","_kad_post_title":"","_kad_post_layout":"default","_kad_post_sidebar_id":"","_kad_post_content_style":"default","_kad_post_vertical_padding":"default","_kad_post_feature":"","_kad_post_feature_position":"","_kad_post_header":false,"_kad_post_footer":false,"_kad_post_classname":""},"pwb-brand":[17],"product_brand":[],"product_cat":[23,123],"product_tag":[26,34,187],"gyarto":[],"class_list":{"0":"post-2041","1":"product","2":"type-product","3":"status-publish","4":"has-post-thumbnail","6":"pwb-brand-bloomingville","7":"product_cat-home-decor","8":"product_cat-decorative-accessories","9":"product_tag-nordic-home-decor","10":"product_tag-nordic-interior-design","11":"product_tag-storage-basket","12":"pa_colour-nature","13":"pa_material-palm-leaf","15":"first","16":"instock","17":"taxable","18":"shipping-taxable","19":"purchasable","20":"product-type-simple","21":"entry","22":"content-bg","23":"loop-entry"},"acf":[],"brands":[{"id":17,"name":"Bloomingville","slug":"bloomingville"}],"_links":{"self":[{"href":"https:\/\/yournordichome.com\/ro\/wp-json\/wp\/v2\/product\/2041","targetHints":{"allow":["GET"]}}],"collection":[{"href":"https:\/\/yournordichome.com\/ro\/wp-json\/wp\/v2\/product"}],"about":[{"href":"https:\/\/yournordichome.com\/ro\/wp-json\/wp\/v2\/types\/product"}],"replies":[{"embeddable":true,"href":"https:\/\/yournordichome.com\/ro\/wp-json\/wp\/v2\/comments?post=2041"}],"wp:featuredmedia":[{"embeddable":true,"href":"https:\/\/yournordichome.com\/ro\/wp-json\/wp\/v2\/media\/2007"}],"wp:attachment":[{"href":"https:\/\/yournordichome.com\/ro\/wp-json\/wp\/v2\/media?parent=2041"}],"wp:term":[{"taxonomy":"pwb-brand","embeddable":true,"href":"https:\/\/yournordichome.com\/ro\/wp-json\/wp\/v2\/pwb-brand?post=2041"},{"taxonomy":"product_brand","embeddable":true,"href":"https:\/\/yournordichome.com\/ro\/wp-json\/wp\/v2\/product_brand?post=2041"},{"taxonomy":"product_cat","embeddable":true,"href":"https:\/\/yournordichome.com\/ro\/wp-json\/wp\/v2\/product_cat?post=2041"},{"taxonomy":"product_tag","embeddable":true,"href":"https:\/\/yournordichome.com\/ro\/wp-json\/wp\/v2\/product_tag?post=2041"},{"taxonomy":"gyarto","embeddable":true,"href":"https:\/\/yournordichome.com\/ro\/wp-json\/wp\/v2\/gyarto?post=2041"}],"curies":[{"name":"wp","href":"https:\/\/api.w.org\/{rel}","templated":true}]}}