{"id":2040,"date":"2023-06-04T13:16:44","date_gmt":"2023-06-04T13:16:44","guid":{"rendered":"https:\/\/yournordichome.com\/product\/basket-nature\/"},"modified":"2025-07-31T15:09:19","modified_gmt":"2025-07-31T15:09:19","slug":"cos-natura","status":"publish","type":"product","link":"https:\/\/yournordichome.com\/ro\/product\/basket-nature\/","title":{"rendered":"Natura co\u0219ului"},"content":{"rendered":"<p>Co\u0219 \u00een culoare natural\u0103 pentru decor. O pies\u0103 unic\u0103 care va ie\u0219i \u00een eviden\u021b\u0103 din mul\u021bime. Designul s\u0103u nordic \u0219i caracteristicile sale organice aduc o atmosfer\u0103 confortabil\u0103 \u00een camer\u0103.<\/p>\n<p>Dimensiunile produsului: D46xH43,5 cm<br \/>\nCuloare: Natur\u0103<br \/>\nCompozi\u021bie: Gajih, bumbac, fier<\/p>","protected":false},"excerpt":{"rendered":"<p>Co\u0219 cu o form\u0103 organic\u0103 uimitoare, cu detalii negre, care va ad\u0103uga o not\u0103 natural\u0103 tuturor camerelor. Pune\u021bi c\u00e2teva flori uscate \u00een el sau l\u0103sa\u021bi-l s\u0103 stea singur.<\/p>","protected":false},"featured_media":1997,"comment_status":"closed","ping_status":"closed","template":"","meta":{"_acf_changed":false,"_kad_post_transparent":"default","_kad_post_title":"","_kad_post_layout":"default","_kad_post_sidebar_id":"","_kad_post_content_style":"default","_kad_post_vertical_padding":"default","_kad_post_feature":"","_kad_post_feature_position":"","_kad_post_header":false,"_kad_post_footer":false,"_kad_post_classname":""},"pwb-brand":[17],"product_brand":[],"product_cat":[23,123],"product_tag":[34],"gyarto":[],"class_list":{"0":"post-2040","1":"product","2":"type-product","3":"status-publish","4":"has-post-thumbnail","6":"pwb-brand-bloomingville","7":"product_cat-home-decor","8":"product_cat-decorative-accessories","9":"product_tag-nordic-interior-design","10":"pa_colour-nature","11":"pa_material-raffia","13":"first","14":"instock","15":"taxable","16":"shipping-taxable","17":"purchasable","18":"product-type-simple","19":"entry","20":"content-bg","21":"loop-entry"},"acf":[],"brands":[{"id":17,"name":"Bloomingville","slug":"bloomingville"}],"_links":{"self":[{"href":"https:\/\/yournordichome.com\/ro\/wp-json\/wp\/v2\/product\/2040","targetHints":{"allow":["GET"]}}],"collection":[{"href":"https:\/\/yournordichome.com\/ro\/wp-json\/wp\/v2\/product"}],"about":[{"href":"https:\/\/yournordichome.com\/ro\/wp-json\/wp\/v2\/types\/product"}],"replies":[{"embeddable":true,"href":"https:\/\/yournordichome.com\/ro\/wp-json\/wp\/v2\/comments?post=2040"}],"wp:featuredmedia":[{"embeddable":true,"href":"https:\/\/yournordichome.com\/ro\/wp-json\/wp\/v2\/media\/1997"}],"wp:attachment":[{"href":"https:\/\/yournordichome.com\/ro\/wp-json\/wp\/v2\/media?parent=2040"}],"wp:term":[{"taxonomy":"pwb-brand","embeddable":true,"href":"https:\/\/yournordichome.com\/ro\/wp-json\/wp\/v2\/pwb-brand?post=2040"},{"taxonomy":"product_brand","embeddable":true,"href":"https:\/\/yournordichome.com\/ro\/wp-json\/wp\/v2\/product_brand?post=2040"},{"taxonomy":"product_cat","embeddable":true,"href":"https:\/\/yournordichome.com\/ro\/wp-json\/wp\/v2\/product_cat?post=2040"},{"taxonomy":"product_tag","embeddable":true,"href":"https:\/\/yournordichome.com\/ro\/wp-json\/wp\/v2\/product_tag?post=2040"},{"taxonomy":"gyarto","embeddable":true,"href":"https:\/\/yournordichome.com\/ro\/wp-json\/wp\/v2\/gyarto?post=2040"}],"curies":[{"name":"wp","href":"https:\/\/api.w.org\/{rel}","templated":true}]}}