{"id":1974,"date":"2023-06-04T10:19:44","date_gmt":"2023-06-04T10:19:44","guid":{"rendered":"https:\/\/yournordichome.com\/product\/cappuccino-coffee-table\/"},"modified":"2025-07-31T15:11:58","modified_gmt":"2025-07-31T15:11:58","slug":"masa-de-cafea-cappuccino","status":"publish","type":"product","link":"https:\/\/yournordichome.com\/ro\/product\/cappuccino-coffee-table\/","title":{"rendered":"Mas\u0103 de cafea Cappuccino"},"content":{"rendered":"<p>Set de mese de cafea din bambus negru \u0219i natural, o pies\u0103 deosebit\u0103 de elegan\u021b\u0103 scandinav\u0103. A\u0219ezate una l\u00e2ng\u0103 alta, acestea creeaz\u0103 o combina\u021bie frumoas\u0103, dar pute\u021bi folosi cele dou\u0103 mese \u0219i separat.<\/p>\n<p>Dimensiunea produsului: D40xH43\/D60xH50 cm, Set de 2<br \/>\nCuloare: negru<br \/>\nCompozi\u021bie: Bambus<br \/>\nKnock-down: Da<br \/>\nCuloarea piciorului: negru<br \/>\nMaterial picior: Bambus<br \/>\nCapacitate maxim\u0103 de greutate: 20 kg.<br \/>\nUtilizare \u00een aer liber: Nu<\/p>","protected":false},"excerpt":{"rendered":"<p>Cappuccino Coffee Table este un set de 2 mese uimitoare \u00een dou\u0103 dimensiuni. Acestea sunt realizate din bambus \u00eentr-un frumos amestec de culori negre. A\u0219eza\u021bi-le una l\u00e2ng\u0103 alta \u00een fa\u021ba canapelei dvs. sau utiliza\u021bi una ca m\u0103su\u021b\u0103 de cafea \u0219i una ca m\u0103su\u021b\u0103 lateral\u0103.<\/p>","protected":false},"featured_media":1881,"comment_status":"closed","ping_status":"closed","template":"","meta":{"_acf_changed":false,"_kad_post_transparent":"default","_kad_post_title":"","_kad_post_layout":"default","_kad_post_sidebar_id":"","_kad_post_content_style":"default","_kad_post_vertical_padding":"default","_kad_post_feature":"","_kad_post_feature_position":"","_kad_post_header":false,"_kad_post_footer":false,"_kad_post_classname":""},"pwb-brand":[17],"product_brand":[],"product_cat":[158,157],"product_tag":[160,34],"gyarto":[],"class_list":{"0":"post-1974","1":"product","2":"type-product","3":"status-publish","4":"has-post-thumbnail","6":"pwb-brand-bloomingville","7":"product_cat-coffee-table","8":"product_cat-table","9":"product_tag-bamboo-furniture","10":"product_tag-nordic-interior-design","11":"pa_colour-black","12":"pa_material-bamboo","14":"first","15":"instock","16":"taxable","17":"shipping-taxable","18":"purchasable","19":"product-type-simple","20":"entry","21":"content-bg","22":"loop-entry"},"acf":[],"brands":[{"id":17,"name":"Bloomingville","slug":"bloomingville"}],"_links":{"self":[{"href":"https:\/\/yournordichome.com\/ro\/wp-json\/wp\/v2\/product\/1974","targetHints":{"allow":["GET"]}}],"collection":[{"href":"https:\/\/yournordichome.com\/ro\/wp-json\/wp\/v2\/product"}],"about":[{"href":"https:\/\/yournordichome.com\/ro\/wp-json\/wp\/v2\/types\/product"}],"replies":[{"embeddable":true,"href":"https:\/\/yournordichome.com\/ro\/wp-json\/wp\/v2\/comments?post=1974"}],"wp:featuredmedia":[{"embeddable":true,"href":"https:\/\/yournordichome.com\/ro\/wp-json\/wp\/v2\/media\/1881"}],"wp:attachment":[{"href":"https:\/\/yournordichome.com\/ro\/wp-json\/wp\/v2\/media?parent=1974"}],"wp:term":[{"taxonomy":"pwb-brand","embeddable":true,"href":"https:\/\/yournordichome.com\/ro\/wp-json\/wp\/v2\/pwb-brand?post=1974"},{"taxonomy":"product_brand","embeddable":true,"href":"https:\/\/yournordichome.com\/ro\/wp-json\/wp\/v2\/product_brand?post=1974"},{"taxonomy":"product_cat","embeddable":true,"href":"https:\/\/yournordichome.com\/ro\/wp-json\/wp\/v2\/product_cat?post=1974"},{"taxonomy":"product_tag","embeddable":true,"href":"https:\/\/yournordichome.com\/ro\/wp-json\/wp\/v2\/product_tag?post=1974"},{"taxonomy":"gyarto","embeddable":true,"href":"https:\/\/yournordichome.com\/ro\/wp-json\/wp\/v2\/gyarto?post=1974"}],"curies":[{"name":"wp","href":"https:\/\/api.w.org\/{rel}","templated":true}]}}