{"id":1856,"date":"2023-06-02T17:50:25","date_gmt":"2023-06-02T17:50:25","guid":{"rendered":"https:\/\/yournordichome.com\/product\/brown-stool\/"},"modified":"2025-08-01T17:09:47","modified_gmt":"2025-08-01T17:09:47","slug":"taburet-maro","status":"publish","type":"product","link":"https:\/\/yournordichome.com\/ro\/product\/brown-stool\/","title":{"rendered":"Taburet maro"},"content":{"rendered":"<p>Taburet maro, realizat manual din Abaca, o specie de banan\u0103 originar\u0103 din Filipine. Fibrele sale sunt puternice, o calitate rigid\u0103 care \u00eei men\u021bine structura, deci este un material natural excelent pentru mic mobilier decorativ. Este un pouf multifunc\u021bional pe care \u00eel pute\u021bi folosi ca taburet, suport pentru picioare sau o m\u0103su\u021b\u0103 de cafea.<\/p>\n<p>Dimensiunile produsului: L38xH40,5xW45 cm<br \/>\nCuloare: maro<br \/>\nCompozi\u021bie: Abaca, fier<br \/>\nInstruc\u021biuni de \u00eengrijire: Cur\u0103\u021ba\u021bi cu o c\u00e2rp\u0103 umed\u0103.<br \/>\nCapacitate maxim\u0103 de greutate: 110 kg<br \/>\nUtilizare \u00een exterior: Nu<\/p>","protected":false},"excerpt":{"rendered":"<p>Taburet maro, realizat manual din Abaca, un tip de banan\u0103 originar din Filipine. Acest accesoriu unic \u0219i organic creeaz\u0103 o atmosfer\u0103 minunat\u0103 \u00een casa ta!<\/p>","protected":false},"featured_media":1799,"comment_status":"closed","ping_status":"closed","template":"","meta":{"_acf_changed":false,"_kad_post_transparent":"default","_kad_post_title":"","_kad_post_layout":"default","_kad_post_sidebar_id":"","_kad_post_content_style":"default","_kad_post_vertical_padding":"default","_kad_post_feature":"","_kad_post_feature_position":"","_kad_post_header":false,"_kad_post_footer":false,"_kad_post_classname":""},"pwb-brand":[17],"product_brand":[],"product_cat":[341,157],"product_tag":[],"gyarto":[],"class_list":{"0":"post-1856","1":"product","2":"type-product","3":"status-publish","4":"has-post-thumbnail","6":"pwb-brand-bloomingville","7":"product_cat-side-table","8":"product_cat-table","9":"pa_colour-brown","10":"pa_material-abaca","12":"first","13":"instock","14":"taxable","15":"shipping-taxable","16":"purchasable","17":"product-type-simple","18":"entry","19":"content-bg","20":"loop-entry"},"acf":[],"brands":[{"id":17,"name":"Bloomingville","slug":"bloomingville"}],"_links":{"self":[{"href":"https:\/\/yournordichome.com\/ro\/wp-json\/wp\/v2\/product\/1856","targetHints":{"allow":["GET"]}}],"collection":[{"href":"https:\/\/yournordichome.com\/ro\/wp-json\/wp\/v2\/product"}],"about":[{"href":"https:\/\/yournordichome.com\/ro\/wp-json\/wp\/v2\/types\/product"}],"replies":[{"embeddable":true,"href":"https:\/\/yournordichome.com\/ro\/wp-json\/wp\/v2\/comments?post=1856"}],"wp:featuredmedia":[{"embeddable":true,"href":"https:\/\/yournordichome.com\/ro\/wp-json\/wp\/v2\/media\/1799"}],"wp:attachment":[{"href":"https:\/\/yournordichome.com\/ro\/wp-json\/wp\/v2\/media?parent=1856"}],"wp:term":[{"taxonomy":"pwb-brand","embeddable":true,"href":"https:\/\/yournordichome.com\/ro\/wp-json\/wp\/v2\/pwb-brand?post=1856"},{"taxonomy":"product_brand","embeddable":true,"href":"https:\/\/yournordichome.com\/ro\/wp-json\/wp\/v2\/product_brand?post=1856"},{"taxonomy":"product_cat","embeddable":true,"href":"https:\/\/yournordichome.com\/ro\/wp-json\/wp\/v2\/product_cat?post=1856"},{"taxonomy":"product_tag","embeddable":true,"href":"https:\/\/yournordichome.com\/ro\/wp-json\/wp\/v2\/product_tag?post=1856"},{"taxonomy":"gyarto","embeddable":true,"href":"https:\/\/yournordichome.com\/ro\/wp-json\/wp\/v2\/gyarto?post=1856"}],"curies":[{"name":"wp","href":"https:\/\/api.w.org\/{rel}","templated":true}]}}