{"id":1848,"date":"2023-06-02T17:50:25","date_gmt":"2023-06-02T17:50:25","guid":{"rendered":"https:\/\/yournordichome.com\/product\/table-lamp-bamboo\/"},"modified":"2025-12-18T11:27:23","modified_gmt":"2025-12-18T11:27:23","slug":"lampa-de-masa-bambus","status":"publish","type":"product","link":"https:\/\/yournordichome.com\/ro\/product\/table-lamp-bamboo\/","title":{"rendered":"Lamp\u0103 de mas\u0103 bambus"},"content":{"rendered":"<p>Lamp\u0103 de mas\u0103 realizat\u0103 din bambus \u0219i metal. Accesoriu \u00een stil nordic cu caracteristici otganice.<\/p>\n<p>Dimensiunile produsului: D28xH52 cm<br \/>\nCuloare: Natur\u0103<br \/>\nCompozi\u021bie: Fier, bambus<br \/>\nDimensiunea becului: E27<br \/>\nTipul becului: LED sau economizor de energie (CFL)<br \/>\nPuterea becului: Max: Incandescent: 20W \/ LED: 3W \/ CFL: 7W<br \/>\nBecul nu este inclus.<br \/>\nInstruc\u021biuni de \u00eengrijire: Cur\u0103\u021ba\u021bi cu o c\u00e2rp\u0103 umed\u0103.<br \/>\nCuloarea cablului: negru<br \/>\nLungimea cablului: 180 cm<br \/>\nMaterial cordon: Tesatura<br \/>\nUtilizare \u00een exterior: Nu<br \/>\nComutator: Pe cablu<\/p>","protected":false},"excerpt":{"rendered":"<p>Lamp\u0103 de mas\u0103 cu abajur din bambus sculptat sub\u021bire \u0219i baz\u0103 metalic\u0103 cu form\u0103 clasic\u0103. Lampa perfect\u0103 pentru noptier\u0103 sau consol\u0103.<\/p>","protected":false},"featured_media":1835,"comment_status":"closed","ping_status":"closed","template":"","meta":{"_acf_changed":false,"_kad_post_transparent":"default","_kad_post_title":"","_kad_post_layout":"default","_kad_post_sidebar_id":"","_kad_post_content_style":"default","_kad_post_vertical_padding":"default","_kad_post_feature":"","_kad_post_feature_position":"","_kad_post_header":false,"_kad_post_footer":false,"_kad_post_classname":""},"pwb-brand":[17],"product_brand":[],"product_cat":[73,72],"product_tag":[160,285,117],"gyarto":[],"class_list":{"0":"post-1848","1":"product","2":"type-product","3":"status-publish","4":"has-post-thumbnail","6":"pwb-brand-bloomingville","7":"product_cat-desk-and-table-lamp","8":"product_cat-lamp","9":"product_tag-bamboo-furniture","10":"product_tag-minimalist-furniture","11":"product_tag-nordic-lamp","12":"pa_colour-black","13":"pa_colour-nature","14":"pa_material-bamboo","15":"pa_material-metal","17":"first","18":"outofstock","19":"taxable","20":"shipping-taxable","21":"purchasable","22":"product-type-simple","23":"entry","24":"content-bg","25":"loop-entry"},"acf":[],"brands":[{"id":17,"name":"Bloomingville","slug":"bloomingville"}],"_links":{"self":[{"href":"https:\/\/yournordichome.com\/ro\/wp-json\/wp\/v2\/product\/1848","targetHints":{"allow":["GET"]}}],"collection":[{"href":"https:\/\/yournordichome.com\/ro\/wp-json\/wp\/v2\/product"}],"about":[{"href":"https:\/\/yournordichome.com\/ro\/wp-json\/wp\/v2\/types\/product"}],"replies":[{"embeddable":true,"href":"https:\/\/yournordichome.com\/ro\/wp-json\/wp\/v2\/comments?post=1848"}],"wp:featuredmedia":[{"embeddable":true,"href":"https:\/\/yournordichome.com\/ro\/wp-json\/wp\/v2\/media\/1835"}],"wp:attachment":[{"href":"https:\/\/yournordichome.com\/ro\/wp-json\/wp\/v2\/media?parent=1848"}],"wp:term":[{"taxonomy":"pwb-brand","embeddable":true,"href":"https:\/\/yournordichome.com\/ro\/wp-json\/wp\/v2\/pwb-brand?post=1848"},{"taxonomy":"product_brand","embeddable":true,"href":"https:\/\/yournordichome.com\/ro\/wp-json\/wp\/v2\/product_brand?post=1848"},{"taxonomy":"product_cat","embeddable":true,"href":"https:\/\/yournordichome.com\/ro\/wp-json\/wp\/v2\/product_cat?post=1848"},{"taxonomy":"product_tag","embeddable":true,"href":"https:\/\/yournordichome.com\/ro\/wp-json\/wp\/v2\/product_tag?post=1848"},{"taxonomy":"gyarto","embeddable":true,"href":"https:\/\/yournordichome.com\/ro\/wp-json\/wp\/v2\/gyarto?post=1848"}],"curies":[{"name":"wp","href":"https:\/\/api.w.org\/{rel}","templated":true}]}}