{"id":1786,"date":"2023-06-01T20:38:55","date_gmt":"2023-06-01T20:38:55","guid":{"rendered":"https:\/\/yournordichome.com\/product\/pendant-lamp-of-seagrass\/"},"modified":"2025-08-01T17:10:39","modified_gmt":"2025-08-01T17:10:39","slug":"lampa-suspendata-din-iarba-de-mare","status":"publish","type":"product","link":"https:\/\/yournordichome.com\/ro\/product\/pendant-lamp-of-seagrass\/","title":{"rendered":"Lamp\u0103 suspendat\u0103 din iarb\u0103 de mare"},"content":{"rendered":"<p>Lamp\u0103 suspendat\u0103 realizat\u0103 din iarb\u0103 de mare \u00een culori naturale, cu un amestec interesant de fibre deschise \u0219i \u00eenchise. Abajurul este modelat \u00eentr-un mod foarte simplu \u0219i clasic \u0219i \u00eempletit cu iarb\u0103 de mare natural\u0103.<\/p>\n<p>Dimensiunile produsului: D27xH40 cm<br \/>\nCuloare: Natur\u0103<br \/>\nMaterial: Seagrass, fier<br \/>\nDimensiunea becului: E27<br \/>\nTipul becului: LED sau economizor de energie (CFL)<br \/>\nPuterea becului: Max: Incandescent: 40W \/ LED: 5W \/ CFL: 14W<br \/>\nBecul nu este inclus.<br \/>\nInstruc\u021biuni de \u00eengrijire: Cur\u0103\u021ba\u021bi cu o c\u00e2rp\u0103 umed\u0103.<br \/>\nCupa de tavan: Da<br \/>\nCuloarea cablului: negru<br \/>\nLungimea cablului: 250 cm<br \/>\nMaterial cordon: Tesatura<br \/>\nFitinguri: Da<br \/>\nUtilizare \u00een exterior: Nu<br \/>\nComutator: Nu<\/p>","protected":false},"excerpt":{"rendered":"<p>Lamp\u0103 suspendat\u0103 realizat\u0103 din iarb\u0103 de mare \u00een culori naturale, cu un contrast frumos de culoare maro deschis \u0219i \u00eenchis. Un abajur cu caracteristicile organice ale naturii care ofer\u0103 un joc interesant de lumin\u0103 atunci c\u00e2nd lampa este aprins\u0103.<\/p>","protected":false},"featured_media":1753,"comment_status":"closed","ping_status":"closed","template":"","meta":{"_acf_changed":false,"_kad_post_transparent":"default","_kad_post_title":"","_kad_post_layout":"default","_kad_post_sidebar_id":"","_kad_post_content_style":"default","_kad_post_vertical_padding":"default","_kad_post_feature":"","_kad_post_feature_position":"","_kad_post_header":false,"_kad_post_footer":false,"_kad_post_classname":""},"pwb-brand":[17],"product_brand":[],"product_cat":[72,114],"product_tag":[116,34,255],"gyarto":[],"class_list":{"0":"post-1786","1":"product","2":"type-product","3":"status-publish","4":"has-post-thumbnail","6":"pwb-brand-bloomingville","7":"product_cat-lamp","8":"product_cat-pendant-lamp","9":"product_tag-ceiling-lamp","10":"product_tag-nordic-interior-design","11":"product_tag-seagrass-furniture","12":"pa_colour-nature","13":"pa_material-metal","14":"pa_material-seagrass","16":"first","17":"instock","18":"taxable","19":"shipping-taxable","20":"purchasable","21":"product-type-simple","22":"entry","23":"content-bg","24":"loop-entry"},"acf":[],"brands":[{"id":17,"name":"Bloomingville","slug":"bloomingville"}],"_links":{"self":[{"href":"https:\/\/yournordichome.com\/ro\/wp-json\/wp\/v2\/product\/1786","targetHints":{"allow":["GET"]}}],"collection":[{"href":"https:\/\/yournordichome.com\/ro\/wp-json\/wp\/v2\/product"}],"about":[{"href":"https:\/\/yournordichome.com\/ro\/wp-json\/wp\/v2\/types\/product"}],"replies":[{"embeddable":true,"href":"https:\/\/yournordichome.com\/ro\/wp-json\/wp\/v2\/comments?post=1786"}],"wp:featuredmedia":[{"embeddable":true,"href":"https:\/\/yournordichome.com\/ro\/wp-json\/wp\/v2\/media\/1753"}],"wp:attachment":[{"href":"https:\/\/yournordichome.com\/ro\/wp-json\/wp\/v2\/media?parent=1786"}],"wp:term":[{"taxonomy":"pwb-brand","embeddable":true,"href":"https:\/\/yournordichome.com\/ro\/wp-json\/wp\/v2\/pwb-brand?post=1786"},{"taxonomy":"product_brand","embeddable":true,"href":"https:\/\/yournordichome.com\/ro\/wp-json\/wp\/v2\/product_brand?post=1786"},{"taxonomy":"product_cat","embeddable":true,"href":"https:\/\/yournordichome.com\/ro\/wp-json\/wp\/v2\/product_cat?post=1786"},{"taxonomy":"product_tag","embeddable":true,"href":"https:\/\/yournordichome.com\/ro\/wp-json\/wp\/v2\/product_tag?post=1786"},{"taxonomy":"gyarto","embeddable":true,"href":"https:\/\/yournordichome.com\/ro\/wp-json\/wp\/v2\/gyarto?post=1786"}],"curies":[{"name":"wp","href":"https:\/\/api.w.org\/{rel}","templated":true}]}}