{"id":1784,"date":"2023-06-01T20:38:55","date_gmt":"2023-06-01T20:38:55","guid":{"rendered":"https:\/\/yournordichome.com\/product\/cotton-rug-with-purple-pattern-150-x-90-cm\/"},"modified":"2026-01-30T16:27:29","modified_gmt":"2026-01-30T16:27:29","slug":"covor-din-bumbac-cu-model-violet-150-x-90-cm","status":"publish","type":"product","link":"https:\/\/yournordichome.com\/ro\/product\/cotton-rug-with-purple-pattern-150-x-90-cm\/","title":{"rendered":"Covor din bumbac cu model violet 150 x 90 cm"},"content":{"rendered":"<p>Covor cu model mov-bej realizat din bumbac 100%. Combina\u021bia de violet \u0219i \u201cauriu\u201d \u00eel face o pies\u0103 unic\u0103.<\/p>\n<p>Dimensiunile produsului: L150xL90 cm<br \/>\nCuloare: Violet<br \/>\nCompozi\u021bie: 100% Bumbac<br \/>\nAlbire: Nu<br \/>\nCur\u0103\u021bare chimic\u0103: Nu<br \/>\nUscare: Nu<br \/>\nC\u0103lcat: Nu<\/p>","protected":false},"excerpt":{"rendered":"<p>Covor realizat din bumbac 100% cu un model tufted mov-bej care aduce o atmosfer\u0103 confortabil\u0103 \u00een casa dvs. Covorul este dreptunghiular, cu franjuri la ambele capete. Alegerea perfect\u0103 pentru dormitor, \u00een fa\u021ba patului, sau cu culorile sale delicate, va \u00eenveseli \u0219i sufrageria sau holul.<\/p>","protected":false},"featured_media":1737,"comment_status":"closed","ping_status":"closed","template":"","meta":{"_acf_changed":false,"_kad_post_transparent":"default","_kad_post_title":"","_kad_post_layout":"default","_kad_post_sidebar_id":"","_kad_post_content_style":"default","_kad_post_vertical_padding":"default","_kad_post_feature":"","_kad_post_feature_position":"","_kad_post_header":false,"_kad_post_footer":false,"_kad_post_classname":""},"pwb-brand":[17],"product_brand":[],"product_cat":[88,65],"product_tag":[79,34,80],"gyarto":[],"class_list":{"0":"post-1784","1":"product","2":"type-product","3":"status-publish","4":"has-post-thumbnail","6":"pwb-brand-bloomingville","7":"product_cat-rug","8":"product_cat-rugs-and-textiles","9":"product_tag-cotton-rug","10":"product_tag-nordic-interior-design","11":"product_tag-nordic-style-rug","12":"pa_colour-purple","13":"pa_material-cotton","15":"first","16":"outofstock","17":"taxable","18":"shipping-taxable","19":"purchasable","20":"product-type-simple","21":"entry","22":"content-bg","23":"loop-entry"},"acf":[],"brands":[{"id":17,"name":"Bloomingville","slug":"bloomingville"}],"_links":{"self":[{"href":"https:\/\/yournordichome.com\/ro\/wp-json\/wp\/v2\/product\/1784","targetHints":{"allow":["GET"]}}],"collection":[{"href":"https:\/\/yournordichome.com\/ro\/wp-json\/wp\/v2\/product"}],"about":[{"href":"https:\/\/yournordichome.com\/ro\/wp-json\/wp\/v2\/types\/product"}],"replies":[{"embeddable":true,"href":"https:\/\/yournordichome.com\/ro\/wp-json\/wp\/v2\/comments?post=1784"}],"wp:featuredmedia":[{"embeddable":true,"href":"https:\/\/yournordichome.com\/ro\/wp-json\/wp\/v2\/media\/1737"}],"wp:attachment":[{"href":"https:\/\/yournordichome.com\/ro\/wp-json\/wp\/v2\/media?parent=1784"}],"wp:term":[{"taxonomy":"pwb-brand","embeddable":true,"href":"https:\/\/yournordichome.com\/ro\/wp-json\/wp\/v2\/pwb-brand?post=1784"},{"taxonomy":"product_brand","embeddable":true,"href":"https:\/\/yournordichome.com\/ro\/wp-json\/wp\/v2\/product_brand?post=1784"},{"taxonomy":"product_cat","embeddable":true,"href":"https:\/\/yournordichome.com\/ro\/wp-json\/wp\/v2\/product_cat?post=1784"},{"taxonomy":"product_tag","embeddable":true,"href":"https:\/\/yournordichome.com\/ro\/wp-json\/wp\/v2\/product_tag?post=1784"},{"taxonomy":"gyarto","embeddable":true,"href":"https:\/\/yournordichome.com\/ro\/wp-json\/wp\/v2\/gyarto?post=1784"}],"curies":[{"name":"wp","href":"https:\/\/api.w.org\/{rel}","templated":true}]}}