{"id":1455,"date":"2023-05-29T14:16:20","date_gmt":"2023-05-29T14:16:20","guid":{"rendered":"https:\/\/yournordichome.com\/product\/rattan-bar-stool\/"},"modified":"2026-04-15T07:11:45","modified_gmt":"2026-04-15T07:11:45","slug":"taburet-bar-rattan","status":"publish","type":"product","link":"https:\/\/yournordichome.com\/ro\/product\/rattan-bar-stool\/","title":{"rendered":"Taburet de bar Rattan"},"content":{"rendered":"<p>Scaun de bar din rattan care este un loc minunat pentru a bea un cocktail. Are un scaun din rattan frumos \u00eempletit \u0219i picioare din o\u021bel negru. O completare excelent\u0103 pentru casele \u00een stil nordic.<\/p>\n<p>Dimensiunea produsului: L50xH98xW48,5 cm<br \/>\nAd\u00e2ncimea scaunului: 38,5 cm<br \/>\n\u00cen\u0103l\u021bimea scaunului: 71,5 cm<br \/>\nCuloare: Natur\u0103<br \/>\nRattan, fier<br \/>\nInstruc\u021biuni de \u00eengrijire: Cur\u0103\u021ba\u021bi cu o c\u00e2rp\u0103 umed\u0103.<br \/>\nCapacitate maxim\u0103 de greutate: 125 kg.<br \/>\nUtilizare \u00een exterior: Nu<\/p>","protected":false},"excerpt":{"rendered":"<p>Scaun de bar din rattan cu o \u00eempletire cool \u0219i picioare din o\u021bel negru. Sp\u0103tarul ofer\u0103 un loc confortabil, iar o bar\u0103 inferioar\u0103 v\u0103 sus\u021bine picioarele.<\/p>","protected":false},"featured_media":1433,"comment_status":"closed","ping_status":"closed","template":"","meta":{"_acf_changed":false,"_kad_post_transparent":"default","_kad_post_title":"","_kad_post_layout":"default","_kad_post_sidebar_id":"","_kad_post_content_style":"default","_kad_post_vertical_padding":"default","_kad_post_feature":"","_kad_post_feature_position":"","_kad_post_header":false,"_kad_post_footer":false,"_kad_post_classname":""},"pwb-brand":[17],"product_brand":[],"product_cat":[188,152],"product_tag":[34,134],"gyarto":[],"class_list":{"0":"post-1455","1":"product","2":"type-product","3":"status-publish","4":"has-post-thumbnail","6":"pwb-brand-bloomingville","7":"product_cat-bar-stool","8":"product_cat-chair","9":"product_tag-nordic-interior-design","10":"product_tag-rattan-furniture","11":"pa_colour-nature","12":"pa_material-iron","13":"pa_material-rattan","15":"first","16":"outofstock","17":"taxable","18":"shipping-taxable","19":"purchasable","20":"product-type-simple","21":"entry","22":"content-bg","23":"loop-entry"},"acf":[],"brands":[{"id":17,"name":"Bloomingville","slug":"bloomingville"}],"_links":{"self":[{"href":"https:\/\/yournordichome.com\/ro\/wp-json\/wp\/v2\/product\/1455","targetHints":{"allow":["GET"]}}],"collection":[{"href":"https:\/\/yournordichome.com\/ro\/wp-json\/wp\/v2\/product"}],"about":[{"href":"https:\/\/yournordichome.com\/ro\/wp-json\/wp\/v2\/types\/product"}],"replies":[{"embeddable":true,"href":"https:\/\/yournordichome.com\/ro\/wp-json\/wp\/v2\/comments?post=1455"}],"wp:featuredmedia":[{"embeddable":true,"href":"https:\/\/yournordichome.com\/ro\/wp-json\/wp\/v2\/media\/1433"}],"wp:attachment":[{"href":"https:\/\/yournordichome.com\/ro\/wp-json\/wp\/v2\/media?parent=1455"}],"wp:term":[{"taxonomy":"pwb-brand","embeddable":true,"href":"https:\/\/yournordichome.com\/ro\/wp-json\/wp\/v2\/pwb-brand?post=1455"},{"taxonomy":"product_brand","embeddable":true,"href":"https:\/\/yournordichome.com\/ro\/wp-json\/wp\/v2\/product_brand?post=1455"},{"taxonomy":"product_cat","embeddable":true,"href":"https:\/\/yournordichome.com\/ro\/wp-json\/wp\/v2\/product_cat?post=1455"},{"taxonomy":"product_tag","embeddable":true,"href":"https:\/\/yournordichome.com\/ro\/wp-json\/wp\/v2\/product_tag?post=1455"},{"taxonomy":"gyarto","embeddable":true,"href":"https:\/\/yournordichome.com\/ro\/wp-json\/wp\/v2\/gyarto?post=1455"}],"curies":[{"name":"wp","href":"https:\/\/api.w.org\/{rel}","templated":true}]}}