{"id":1454,"date":"2023-05-29T14:16:20","date_gmt":"2023-05-29T14:16:20","guid":{"rendered":"https:\/\/yournordichome.com\/product\/basket-rocket-shape\/"},"modified":"2025-08-01T17:17:59","modified_gmt":"2025-08-01T17:17:59","slug":"cos-forma-de-racheta","status":"publish","type":"product","link":"https:\/\/yournordichome.com\/ro\/product\/basket-rocket-shape\/","title":{"rendered":"Co\u0219 \u00een form\u0103 de rachet\u0103"},"content":{"rendered":"<p>Co\u0219 \u00een form\u0103 de rachet\u0103 realizat din iarb\u0103 de mare pentru camera copiilor. Ad\u0103ugare practic\u0103 \u0219i magic\u0103 la decor.<\/p>\n<p>M\u0103rime<br \/>\n\u00cen\u0103l\u021bime: 68,5 cm<br \/>\nDiametru: 40 cm<br \/>\nMaterial: Seagrass, Rattan, Fier<br \/>\nPot ap\u0103rea varia\u021bii din cauza materialelor<\/p>","protected":false},"excerpt":{"rendered":"<p>Co\u0219 cu capac cu form\u0103 de rachet\u0103 din iarb\u0103 de mare pentru camera copiilor. Ofer\u0103 suficient spa\u021biu de depozitare \u0219i decoreaz\u0103 camera \u00een acela\u0219i timp.<\/p>","protected":false},"featured_media":1392,"comment_status":"closed","ping_status":"closed","template":"","meta":{"_acf_changed":false,"_kad_post_transparent":"default","_kad_post_title":"","_kad_post_layout":"default","_kad_post_sidebar_id":"","_kad_post_content_style":"default","_kad_post_vertical_padding":"default","_kad_post_feature":"","_kad_post_feature_position":"","_kad_post_header":false,"_kad_post_footer":false,"_kad_post_classname":""},"pwb-brand":[17],"product_brand":[],"product_cat":[77,47],"product_tag":[148,34,134,255],"gyarto":[],"class_list":{"0":"post-1454","1":"product","2":"type-product","3":"status-publish","4":"has-post-thumbnail","6":"pwb-brand-bloomingville","7":"product_cat-childrens-furniture","8":"product_cat-kids","9":"product_tag-kids-room-storage","10":"product_tag-nordic-interior-design","11":"product_tag-rattan-furniture","12":"product_tag-seagrass-furniture","13":"pa_colour-black","14":"pa_colour-nature","15":"pa_material-iron","16":"pa_material-rattan","17":"pa_material-seagrass","19":"first","20":"instock","21":"taxable","22":"shipping-taxable","23":"purchasable","24":"product-type-simple","25":"entry","26":"content-bg","27":"loop-entry"},"acf":[],"brands":[{"id":17,"name":"Bloomingville","slug":"bloomingville"}],"_links":{"self":[{"href":"https:\/\/yournordichome.com\/ro\/wp-json\/wp\/v2\/product\/1454","targetHints":{"allow":["GET"]}}],"collection":[{"href":"https:\/\/yournordichome.com\/ro\/wp-json\/wp\/v2\/product"}],"about":[{"href":"https:\/\/yournordichome.com\/ro\/wp-json\/wp\/v2\/types\/product"}],"replies":[{"embeddable":true,"href":"https:\/\/yournordichome.com\/ro\/wp-json\/wp\/v2\/comments?post=1454"}],"wp:featuredmedia":[{"embeddable":true,"href":"https:\/\/yournordichome.com\/ro\/wp-json\/wp\/v2\/media\/1392"}],"wp:attachment":[{"href":"https:\/\/yournordichome.com\/ro\/wp-json\/wp\/v2\/media?parent=1454"}],"wp:term":[{"taxonomy":"pwb-brand","embeddable":true,"href":"https:\/\/yournordichome.com\/ro\/wp-json\/wp\/v2\/pwb-brand?post=1454"},{"taxonomy":"product_brand","embeddable":true,"href":"https:\/\/yournordichome.com\/ro\/wp-json\/wp\/v2\/product_brand?post=1454"},{"taxonomy":"product_cat","embeddable":true,"href":"https:\/\/yournordichome.com\/ro\/wp-json\/wp\/v2\/product_cat?post=1454"},{"taxonomy":"product_tag","embeddable":true,"href":"https:\/\/yournordichome.com\/ro\/wp-json\/wp\/v2\/product_tag?post=1454"},{"taxonomy":"gyarto","embeddable":true,"href":"https:\/\/yournordichome.com\/ro\/wp-json\/wp\/v2\/gyarto?post=1454"}],"curies":[{"name":"wp","href":"https:\/\/api.w.org\/{rel}","templated":true}]}}