{"id":1300,"date":"2023-05-29T11:12:07","date_gmt":"2023-05-29T11:12:07","guid":{"rendered":"https:\/\/yournordichome.com\/product\/wool-rug-with-striped-pattern-140-x-200-cm\/"},"modified":"2025-12-01T00:19:06","modified_gmt":"2025-12-01T00:19:06","slug":"covor-din-lana-cu-model-in-dungi-140-x-200-cm","status":"publish","type":"product","link":"https:\/\/yournordichome.com\/ro\/product\/wool-rug-with-striped-pattern-140-x-200-cm\/","title":{"rendered":"Covor din l\u00e2n\u0103 cu model \u00een dungi 140 x 200 cm"},"content":{"rendered":"<p>Covor din l\u00e2n\u0103 cu model \u00een dungi care ar fi minunat l\u00e2ng\u0103 pat sau \u00een fa\u021ba canapelei. Atunci c\u00e2nd amplasa\u021bi un covor \u00eentr-o camer\u0103, acesta transform\u0103 aspectul general. Este atingerea final\u0103 perfect\u0103.<\/p>\n<p>Dimensiunea produsului: L200xL140 cm<br \/>\nCuloare: Natur\u0103<br \/>\nCompozi\u021bie: L\u00e2n\u0103 70%, Bumbac 30%<br \/>\nAlbire: Nu<br \/>\nInstruc\u021biuni de \u00eengrijire: Cur\u0103\u021bare uscat\u0103 profesional\u0103<br \/>\nCuloare finisaj: Yarn Dyed<br \/>\nFinisaj produs: Wowen<\/p>","protected":false},"excerpt":{"rendered":"<p>Covor din l\u00e2n\u0103 cu model \u00een dungi.<\/p>","protected":false},"featured_media":753,"comment_status":"closed","ping_status":"closed","template":"","meta":{"_acf_changed":false,"_kad_post_transparent":"default","_kad_post_title":"","_kad_post_layout":"default","_kad_post_sidebar_id":"","_kad_post_content_style":"default","_kad_post_vertical_padding":"default","_kad_post_feature":"","_kad_post_feature_position":"","_kad_post_header":false,"_kad_post_footer":false,"_kad_post_classname":""},"pwb-brand":[17],"product_brand":[],"product_cat":[88,65],"product_tag":[1109,1058,34,128,89],"gyarto":[],"class_list":{"0":"post-1300","1":"product","2":"type-product","3":"status-publish","4":"has-post-thumbnail","6":"pwb-brand-bloomingville","7":"product_cat-rug","8":"product_cat-rugs-and-textiles","9":"product_tag-last-item-in-stock","10":"product_tag-new-year-sale","11":"product_tag-nordic-interior-design","12":"product_tag-round-rug","13":"product_tag-wool-rug","14":"pa_colour-blue","15":"pa_colour-nature","16":"pa_material-wool","18":"first","19":"instock","20":"taxable","21":"shipping-taxable","22":"purchasable","23":"product-type-simple","24":"entry","25":"content-bg","26":"loop-entry"},"acf":[],"brands":[{"id":17,"name":"Bloomingville","slug":"bloomingville"}],"_links":{"self":[{"href":"https:\/\/yournordichome.com\/ro\/wp-json\/wp\/v2\/product\/1300","targetHints":{"allow":["GET"]}}],"collection":[{"href":"https:\/\/yournordichome.com\/ro\/wp-json\/wp\/v2\/product"}],"about":[{"href":"https:\/\/yournordichome.com\/ro\/wp-json\/wp\/v2\/types\/product"}],"replies":[{"embeddable":true,"href":"https:\/\/yournordichome.com\/ro\/wp-json\/wp\/v2\/comments?post=1300"}],"wp:featuredmedia":[{"embeddable":true,"href":"https:\/\/yournordichome.com\/ro\/wp-json\/wp\/v2\/media\/753"}],"wp:attachment":[{"href":"https:\/\/yournordichome.com\/ro\/wp-json\/wp\/v2\/media?parent=1300"}],"wp:term":[{"taxonomy":"pwb-brand","embeddable":true,"href":"https:\/\/yournordichome.com\/ro\/wp-json\/wp\/v2\/pwb-brand?post=1300"},{"taxonomy":"product_brand","embeddable":true,"href":"https:\/\/yournordichome.com\/ro\/wp-json\/wp\/v2\/product_brand?post=1300"},{"taxonomy":"product_cat","embeddable":true,"href":"https:\/\/yournordichome.com\/ro\/wp-json\/wp\/v2\/product_cat?post=1300"},{"taxonomy":"product_tag","embeddable":true,"href":"https:\/\/yournordichome.com\/ro\/wp-json\/wp\/v2\/product_tag?post=1300"},{"taxonomy":"gyarto","embeddable":true,"href":"https:\/\/yournordichome.com\/ro\/wp-json\/wp\/v2\/gyarto?post=1300"}],"curies":[{"name":"wp","href":"https:\/\/api.w.org\/{rel}","templated":true}]}}