{"id":1255,"date":"2023-05-29T09:57:03","date_gmt":"2023-05-29T09:57:03","guid":{"rendered":"https:\/\/yournordichome.com\/product\/lounge-chair-brown-leather\/"},"modified":"2025-08-01T17:28:56","modified_gmt":"2025-08-01T17:28:56","slug":"scaun-lounge-din-piele-maro","status":"publish","type":"product","link":"https:\/\/yournordichome.com\/ro\/product\/lounge-chair-brown-leather\/","title":{"rendered":"Scaun lounge - piele maro"},"content":{"rendered":"<p>Scaun lounge din lemn de tec cu piele. Scaunul este realizat manual. Formele curbate moi ofer\u0103 o atmosfer\u0103 confortabil\u0103.<\/p>\n<p>Tecul este unul dintre cele mai valoroase materiale de mobilier din lemn masiv. Culoarea sa este un maro auriu frumos, care se patineaz\u0103 \u00een timp p\u00e2n\u0103 la o culoare argintie elegant\u0103. Una dintre cele mai bune caracteristici ale sale este c\u0103 este incredibil de durabil \u0219i rezistent la ap\u0103.<\/p>\n<p>M\u0103rime<br \/>\n\u00cen\u0103l\u021bime: 84 cm<br \/>\nL\u0103\u021bime: 60 cm<br \/>\nLungime: 55 cm<br \/>\n\u00cen\u0103l\u021bimea bra\u021bului: 68 cm<br \/>\nAd\u00e2ncimea scaunului: 45 cm<br \/>\n\u00cen\u0103l\u021bimea scaunului: 50 cm<br \/>\nMaterial: Lemn de tec, piele<br \/>\nInstruc\u021biuni de \u00eengrijire: Cur\u0103\u021ba\u021bi cu o c\u00e2rp\u0103 umed\u0103.<\/p>","protected":false},"excerpt":{"rendered":"<p>Scaun lounge din lemn de tec cu piele, o pies\u0103 special\u0103 de mobilier care aminte\u0219te de marile clasice ale designului danez.<\/p>","protected":false},"featured_media":1258,"comment_status":"closed","ping_status":"closed","template":"","meta":{"_acf_changed":false,"_kad_post_transparent":"default","_kad_post_title":"","_kad_post_layout":"default","_kad_post_sidebar_id":"","_kad_post_content_style":"default","_kad_post_vertical_padding":"default","_kad_post_feature":"","_kad_post_feature_position":"","_kad_post_header":false,"_kad_post_footer":false,"_kad_post_classname":""},"pwb-brand":[17],"product_brand":[],"product_cat":[152,223],"product_tag":[236,34],"gyarto":[],"class_list":{"0":"post-1255","1":"product","2":"type-product","3":"status-publish","4":"has-post-thumbnail","6":"pwb-brand-bloomingville","7":"product_cat-chair","8":"product_cat-dining-chair","9":"product_tag-leather-furniture","10":"product_tag-nordic-interior-design","11":"pa_colour-brown","12":"pa_colour-nature","13":"pa_material-leather","14":"pa_material-teak-wood","16":"first","17":"instock","18":"taxable","19":"shipping-taxable","20":"purchasable","21":"product-type-simple","22":"entry","23":"content-bg","24":"loop-entry"},"acf":[],"brands":[{"id":17,"name":"Bloomingville","slug":"bloomingville"}],"_links":{"self":[{"href":"https:\/\/yournordichome.com\/ro\/wp-json\/wp\/v2\/product\/1255","targetHints":{"allow":["GET"]}}],"collection":[{"href":"https:\/\/yournordichome.com\/ro\/wp-json\/wp\/v2\/product"}],"about":[{"href":"https:\/\/yournordichome.com\/ro\/wp-json\/wp\/v2\/types\/product"}],"replies":[{"embeddable":true,"href":"https:\/\/yournordichome.com\/ro\/wp-json\/wp\/v2\/comments?post=1255"}],"wp:featuredmedia":[{"embeddable":true,"href":"https:\/\/yournordichome.com\/ro\/wp-json\/wp\/v2\/media\/1258"}],"wp:attachment":[{"href":"https:\/\/yournordichome.com\/ro\/wp-json\/wp\/v2\/media?parent=1255"}],"wp:term":[{"taxonomy":"pwb-brand","embeddable":true,"href":"https:\/\/yournordichome.com\/ro\/wp-json\/wp\/v2\/pwb-brand?post=1255"},{"taxonomy":"product_brand","embeddable":true,"href":"https:\/\/yournordichome.com\/ro\/wp-json\/wp\/v2\/product_brand?post=1255"},{"taxonomy":"product_cat","embeddable":true,"href":"https:\/\/yournordichome.com\/ro\/wp-json\/wp\/v2\/product_cat?post=1255"},{"taxonomy":"product_tag","embeddable":true,"href":"https:\/\/yournordichome.com\/ro\/wp-json\/wp\/v2\/product_tag?post=1255"},{"taxonomy":"gyarto","embeddable":true,"href":"https:\/\/yournordichome.com\/ro\/wp-json\/wp\/v2\/gyarto?post=1255"}],"curies":[{"name":"wp","href":"https:\/\/api.w.org\/{rel}","templated":true}]}}