{"id":1225,"date":"2023-05-27T12:19:05","date_gmt":"2023-05-27T12:19:05","guid":{"rendered":"https:\/\/yournordichome.com\/product\/shelf-made-of-paulownia-wood\/"},"modified":"2025-08-03T10:30:22","modified_gmt":"2025-08-03T10:30:22","slug":"raft-realizat-din-lemn-de-paulownia","status":"publish","type":"product","link":"https:\/\/yournordichome.com\/ro\/product\/shelf-made-of-paulownia-wood\/","title":{"rendered":"Raft realizat din lemn de paulownia"},"content":{"rendered":"<p>Raft realizat din lemn de paulownia cu culori naturale. Se potrive\u0219te perfect \u00eentr-o cas\u0103 minimalist\u0103, modern\u0103, \u00een stil nordic. Raftul are un cadru metalic negru care ofer\u0103 un contrast frumos cu cele \u0219ase rafturi spa\u021bioase din lemn de paulownia. Aspect natural, dar elegant pentru decorul casei dvs.<\/p>\n<p>Dimensiunile produsului: L65xH177xW17 cm<br \/>\nCompozi\u021bie: Fier, Paulownia<br \/>\nInstruc\u021biuni de \u00eengrijire: Cur\u0103\u021ba\u021bi cu o c\u00e2rp\u0103 umed\u0103.<br \/>\nCapacitate maxim\u0103 de greutate: 5 kg per raft<\/p>","protected":false},"excerpt":{"rendered":"<p>Raft realizat din lemn \u0219i metal pentru un stil nordic minimalist. Cele \u0219ase rafturi din cadrul metalic negru sunt realizate din lemn de paulownia.<\/p>","protected":false},"featured_media":606,"comment_status":"closed","ping_status":"closed","template":"","meta":{"_acf_changed":false,"_kad_post_transparent":"default","_kad_post_title":"","_kad_post_layout":"default","_kad_post_sidebar_id":"","_kad_post_content_style":"default","_kad_post_vertical_padding":"default","_kad_post_feature":"","_kad_post_feature_position":"","_kad_post_header":false,"_kad_post_footer":false,"_kad_post_classname":""},"pwb-brand":[17],"product_brand":[],"product_cat":[94,167],"product_tag":[136],"gyarto":[],"class_list":{"0":"post-1225","1":"product","2":"type-product","3":"status-publish","4":"has-post-thumbnail","6":"pwb-brand-bloomingville","7":"product_cat-furniture","8":"product_cat-wall-shelf","9":"product_tag-shelves","10":"pa_colour-nature","11":"pa_material-paulownia-wood","12":"pa_material-wood","14":"first","15":"instock","16":"taxable","17":"shipping-taxable","18":"purchasable","19":"product-type-simple","20":"entry","21":"content-bg","22":"loop-entry"},"acf":[],"brands":[{"id":17,"name":"Bloomingville","slug":"bloomingville"}],"_links":{"self":[{"href":"https:\/\/yournordichome.com\/ro\/wp-json\/wp\/v2\/product\/1225","targetHints":{"allow":["GET"]}}],"collection":[{"href":"https:\/\/yournordichome.com\/ro\/wp-json\/wp\/v2\/product"}],"about":[{"href":"https:\/\/yournordichome.com\/ro\/wp-json\/wp\/v2\/types\/product"}],"replies":[{"embeddable":true,"href":"https:\/\/yournordichome.com\/ro\/wp-json\/wp\/v2\/comments?post=1225"}],"wp:featuredmedia":[{"embeddable":true,"href":"https:\/\/yournordichome.com\/ro\/wp-json\/wp\/v2\/media\/606"}],"wp:attachment":[{"href":"https:\/\/yournordichome.com\/ro\/wp-json\/wp\/v2\/media?parent=1225"}],"wp:term":[{"taxonomy":"pwb-brand","embeddable":true,"href":"https:\/\/yournordichome.com\/ro\/wp-json\/wp\/v2\/pwb-brand?post=1225"},{"taxonomy":"product_brand","embeddable":true,"href":"https:\/\/yournordichome.com\/ro\/wp-json\/wp\/v2\/product_brand?post=1225"},{"taxonomy":"product_cat","embeddable":true,"href":"https:\/\/yournordichome.com\/ro\/wp-json\/wp\/v2\/product_cat?post=1225"},{"taxonomy":"product_tag","embeddable":true,"href":"https:\/\/yournordichome.com\/ro\/wp-json\/wp\/v2\/product_tag?post=1225"},{"taxonomy":"gyarto","embeddable":true,"href":"https:\/\/yournordichome.com\/ro\/wp-json\/wp\/v2\/gyarto?post=1225"}],"curies":[{"name":"wp","href":"https:\/\/api.w.org\/{rel}","templated":true}]}}