{"id":1216,"date":"2023-05-27T12:19:05","date_gmt":"2023-05-27T12:19:05","guid":{"rendered":"https:\/\/yournordichome.com\/product\/patterned-round-rug-seagrass\/"},"modified":"2025-08-03T10:28:53","modified_gmt":"2025-08-03T10:28:53","slug":"covor-rotund-modelat-seagrass","status":"publish","type":"product","link":"https:\/\/yournordichome.com\/ro\/product\/patterned-round-rug-seagrass\/","title":{"rendered":"Covor rotund modelat seagrass"},"content":{"rendered":"<p>Covor rotund cu model realizat din iarb\u0103 de mare, a c\u0103rui caracteristic\u0103 special\u0103 este c\u0103 diferite nuan\u021be de maro sunt stratificate \u00een form\u0103 circular\u0103. Arat\u0103 grozav sub o m\u0103su\u021b\u0103 de cafea rotund\u0103 \u0219i, de asemenea, se eviden\u021biaz\u0103 singur \u00een spa\u021biu.<\/p>\n<p>Fibrele de seagrass de diferite culori sunt \u021besute \u00eempreun\u0103 pentru a crea un model regulat. Seagrass este un material durabil \u0219i puternic, motiv pentru care este utilizat \u00een mod popular la fabricarea covoarelor. Este un material durabil \u0219i reciclabil, deci este o alegere bun\u0103 \u0219i din punct de vedere al mediului.<\/p>\n<p>Dimensiunile produsului: D150 cm<br \/>\nCuloare: Natur\u0103<br \/>\nCompozi\u021bie: Hyacinth de ap\u0103, Seagrass<\/p>","protected":false},"excerpt":{"rendered":"<p>Covor din iarb\u0103 de mare colorat cu nuan\u021be naturale de maro \u00eentr-o form\u0103 rotund\u0103. Unicitatea sa se datoreaz\u0103 modelului s\u0103u natural.<\/p>","protected":false},"featured_media":487,"comment_status":"closed","ping_status":"closed","template":"","meta":{"_acf_changed":false,"_kad_post_transparent":"default","_kad_post_title":"","_kad_post_layout":"default","_kad_post_sidebar_id":"","_kad_post_content_style":"default","_kad_post_vertical_padding":"default","_kad_post_feature":"","_kad_post_feature_position":"","_kad_post_header":false,"_kad_post_footer":false,"_kad_post_classname":""},"pwb-brand":[17],"product_brand":[],"product_cat":[88,65],"product_tag":[34,80],"gyarto":[],"class_list":{"0":"post-1216","1":"product","2":"type-product","3":"status-publish","4":"has-post-thumbnail","6":"pwb-brand-bloomingville","7":"product_cat-rug","8":"product_cat-rugs-and-textiles","9":"product_tag-nordic-interior-design","10":"product_tag-nordic-style-rug","11":"pa_colour-nature","12":"pa_material-seagrass","14":"first","15":"instock","16":"taxable","17":"shipping-taxable","18":"purchasable","19":"product-type-simple","20":"entry","21":"content-bg","22":"loop-entry"},"acf":[],"brands":[{"id":17,"name":"Bloomingville","slug":"bloomingville"}],"_links":{"self":[{"href":"https:\/\/yournordichome.com\/ro\/wp-json\/wp\/v2\/product\/1216","targetHints":{"allow":["GET"]}}],"collection":[{"href":"https:\/\/yournordichome.com\/ro\/wp-json\/wp\/v2\/product"}],"about":[{"href":"https:\/\/yournordichome.com\/ro\/wp-json\/wp\/v2\/types\/product"}],"replies":[{"embeddable":true,"href":"https:\/\/yournordichome.com\/ro\/wp-json\/wp\/v2\/comments?post=1216"}],"wp:featuredmedia":[{"embeddable":true,"href":"https:\/\/yournordichome.com\/ro\/wp-json\/wp\/v2\/media\/487"}],"wp:attachment":[{"href":"https:\/\/yournordichome.com\/ro\/wp-json\/wp\/v2\/media?parent=1216"}],"wp:term":[{"taxonomy":"pwb-brand","embeddable":true,"href":"https:\/\/yournordichome.com\/ro\/wp-json\/wp\/v2\/pwb-brand?post=1216"},{"taxonomy":"product_brand","embeddable":true,"href":"https:\/\/yournordichome.com\/ro\/wp-json\/wp\/v2\/product_brand?post=1216"},{"taxonomy":"product_cat","embeddable":true,"href":"https:\/\/yournordichome.com\/ro\/wp-json\/wp\/v2\/product_cat?post=1216"},{"taxonomy":"product_tag","embeddable":true,"href":"https:\/\/yournordichome.com\/ro\/wp-json\/wp\/v2\/product_tag?post=1216"},{"taxonomy":"gyarto","embeddable":true,"href":"https:\/\/yournordichome.com\/ro\/wp-json\/wp\/v2\/gyarto?post=1216"}],"curies":[{"name":"wp","href":"https:\/\/api.w.org\/{rel}","templated":true}]}}