{"id":1209,"date":"2023-05-27T12:19:05","date_gmt":"2023-05-27T12:19:05","guid":{"rendered":"https:\/\/yournordichome.com\/product\/large-seagrass-rug\/"},"modified":"2025-08-03T10:28:43","modified_gmt":"2025-08-03T10:28:43","slug":"covor-mare-din-iarba-de-mare","status":"publish","type":"product","link":"https:\/\/yournordichome.com\/ro\/product\/large-seagrass-rug\/","title":{"rendered":"Covor mare din iarb\u0103 de mare"},"content":{"rendered":"<p>Covor mare din iarb\u0103 de mare care este un accesoriu confortabil pentru casele \u00een stil nordic cu materialul s\u0103u natural. Seagrass este un material natural care se potrive\u0219te bine cu covoarele datorit\u0103 durabilit\u0103\u021bii sale. Un covor din iarb\u0103 de mare ofer\u0103 camerei un sentiment confortabil, natural.<\/p>\n<p>Din punct de vedere al mediului, iarba de mare este o alegere foarte bun\u0103 de material. Este complet biodegradabil\u0103 \u0219i poate fi reciclat\u0103.<\/p>\n<p>Cus\u0103turile pot fi libere, deoarece sunt ata\u0219ate manual.<\/p>\n<p>Dimensiunea produsului: L245xH0,5xW150 cm<br \/>\nCuloare: Natur\u0103<br \/>\nCompozi\u021bie: Hyacinth de ap\u0103, Seagrass<br \/>\nInstruc\u021biuni de \u00eengrijire: se recomand\u0103 aspirarea.<\/p>","protected":false},"excerpt":{"rendered":"<p>Covor dreptunghiular din iarb\u0103 de mare realizat din p\u0103trate cusute manual. Caracteristica sa special\u0103 este modelul diferit. Covorul din iarb\u0103 de mare confer\u0103 o atmosfer\u0103 natural\u0103 camerei.<\/p>","protected":false},"featured_media":418,"comment_status":"closed","ping_status":"closed","template":"","meta":{"_acf_changed":false,"_kad_post_transparent":"default","_kad_post_title":"","_kad_post_layout":"default","_kad_post_sidebar_id":"","_kad_post_content_style":"default","_kad_post_vertical_padding":"default","_kad_post_feature":"","_kad_post_feature_position":"","_kad_post_header":false,"_kad_post_footer":false,"_kad_post_classname":""},"pwb-brand":[17],"product_brand":[],"product_cat":[88,65],"product_tag":[146,34,80],"gyarto":[],"class_list":{"0":"post-1209","1":"product","2":"type-product","3":"status-publish","4":"has-post-thumbnail","6":"pwb-brand-bloomingville","7":"product_cat-rug","8":"product_cat-rugs-and-textiles","9":"product_tag-ethno-style","10":"product_tag-nordic-interior-design","11":"product_tag-nordic-style-rug","12":"pa_colour-nature","13":"pa_material-seagrass","15":"first","16":"instock","17":"taxable","18":"shipping-taxable","19":"purchasable","20":"product-type-simple","21":"entry","22":"content-bg","23":"loop-entry"},"acf":[],"brands":[{"id":17,"name":"Bloomingville","slug":"bloomingville"}],"_links":{"self":[{"href":"https:\/\/yournordichome.com\/ro\/wp-json\/wp\/v2\/product\/1209","targetHints":{"allow":["GET"]}}],"collection":[{"href":"https:\/\/yournordichome.com\/ro\/wp-json\/wp\/v2\/product"}],"about":[{"href":"https:\/\/yournordichome.com\/ro\/wp-json\/wp\/v2\/types\/product"}],"replies":[{"embeddable":true,"href":"https:\/\/yournordichome.com\/ro\/wp-json\/wp\/v2\/comments?post=1209"}],"wp:featuredmedia":[{"embeddable":true,"href":"https:\/\/yournordichome.com\/ro\/wp-json\/wp\/v2\/media\/418"}],"wp:attachment":[{"href":"https:\/\/yournordichome.com\/ro\/wp-json\/wp\/v2\/media?parent=1209"}],"wp:term":[{"taxonomy":"pwb-brand","embeddable":true,"href":"https:\/\/yournordichome.com\/ro\/wp-json\/wp\/v2\/pwb-brand?post=1209"},{"taxonomy":"product_brand","embeddable":true,"href":"https:\/\/yournordichome.com\/ro\/wp-json\/wp\/v2\/product_brand?post=1209"},{"taxonomy":"product_cat","embeddable":true,"href":"https:\/\/yournordichome.com\/ro\/wp-json\/wp\/v2\/product_cat?post=1209"},{"taxonomy":"product_tag","embeddable":true,"href":"https:\/\/yournordichome.com\/ro\/wp-json\/wp\/v2\/product_tag?post=1209"},{"taxonomy":"gyarto","embeddable":true,"href":"https:\/\/yournordichome.com\/ro\/wp-json\/wp\/v2\/gyarto?post=1209"}],"curies":[{"name":"wp","href":"https:\/\/api.w.org\/{rel}","templated":true}]}}